{"id":62466,"date":"2024-04-04T15:35:52","date_gmt":"2024-04-04T15:35:52","guid":{"rendered":"https:\/\/www.padaworks.com\/product\/large-ceramic-cod-fish-nordic-fish-ceramic-fish-wall-hanging-fish-pottery-fish-ceramic-hanging-fish-fish-decor-fish-art\/"},"modified":"2025-11-18T15:35:10","modified_gmt":"2025-11-18T15:35:10","slug":"peixe-bacalhau-grande-em-ceramica-peixe-nordico-peixe-em-ceramica-peixe-para-pendurar-na-parede-peixe-em-ceramica-peixe-decorativo-peixe-em-ceramica-peixe-para-pendurar-peixe-em-ceramica-peixe-decorat","status":"publish","type":"product","link":"https:\/\/www.padaworks.com\/pt\/product\/peixe-bacalhau-grande-em-ceramica-peixe-nordico-peixe-em-ceramica-peixe-para-pendurar-na-parede-peixe-em-ceramica-peixe-decorativo-peixe-em-ceramica-peixe-para-pendurar-peixe-em-ceramica-peixe-decorat\/","title":{"rendered":"Bacalhau grande em cer\u00e2mica para pendurar"},"content":{"rendered":"<p>Peixe bacalhau grande em cer\u00e2mica<\/p>\n<p>Feito \u00e0 m\u00e3o<br \/>Fabricado em Portugal<\/p>\n<p>Dimens\u00f5es:<br \/>C \u2013 27 cm, L \u2013 11,5 cm, A \u2013 2,5 cm<br \/>L \u2013 27 cm, L \u2013 11,5 cm, A \u2013 2,5 cm<\/p>\n<p>T\u00eam um orif\u00edcio para pendurar na parede.<br \/>Este produto \u00e9 artesanal e feito \u00e0 m\u00e3o, pelo que as medidas podem variar ligeiramente.<\/p>","protected":false},"excerpt":{"rendered":"<p>Large Ceramic Cod Fish Artisan MadeMade in Portugal Dimensions:L &#8211; 27 cm, W &#8211; 11,5 cm, H &#8211; 2,5 cmL &#8211; 10,6 in, W &#8211; 4,5 in, H &#8211; 1,0 in They have a hole for hanging on the wall.This product is handcrafted and handmade, so measurements may vary slightly.<\/p>","protected":false},"featured_media":62467,"comment_status":"open","ping_status":"open","template":"","meta":{"_acf_changed":false},"product_brand":[],"product_cat":[402,1551],"product_tag":[1008,494,490,2057,2323,2055,2058,1619,396,493,2369,2061,572],"class_list":{"0":"post-62466","1":"product","2":"type-product","3":"status-publish","4":"has-post-thumbnail","6":"product_cat-pottery","7":"product_cat-fishes","8":"product_tag-ceramic-wall-art","9":"product_tag-ceramic-wall-hanging","10":"product_tag-fish-ceramic-painted","11":"product_tag-fish-figurines","12":"product_tag-fish-gifts","13":"product_tag-fish-ornament","14":"product_tag-fish-tank","15":"product_tag-fish-wall-art","16":"product_tag-fish-wall-hanging","17":"product_tag-outdoor-wall-decor","18":"product_tag-portuguese-cod","19":"product_tag-tropical-fish","20":"product_tag-vintage-decor","21":"product_shipping_class-small-package","23":"first","24":"instock","25":"taxable","26":"shipping-taxable","27":"purchasable","28":"product-type-variable","29":"has-default-attributes","30":"wvs-archive-product-wrapper"},"acf":[],"gallery_images":[62468,62469,62470,62471,62472,62473,62474,62475],"_links":{"self":[{"href":"https:\/\/www.padaworks.com\/pt\/wp-json\/wp\/v2\/product\/62466","targetHints":{"allow":["GET"]}}],"collection":[{"href":"https:\/\/www.padaworks.com\/pt\/wp-json\/wp\/v2\/product"}],"about":[{"href":"https:\/\/www.padaworks.com\/pt\/wp-json\/wp\/v2\/types\/product"}],"replies":[{"embeddable":true,"href":"https:\/\/www.padaworks.com\/pt\/wp-json\/wp\/v2\/comments?post=62466"}],"wp:featuredmedia":[{"embeddable":true,"href":"https:\/\/www.padaworks.com\/pt\/wp-json\/wp\/v2\/media\/62467"}],"wp:attachment":[{"href":"https:\/\/www.padaworks.com\/pt\/wp-json\/wp\/v2\/media?parent=62466"}],"wp:term":[{"taxonomy":"product_brand","embeddable":true,"href":"https:\/\/www.padaworks.com\/pt\/wp-json\/wp\/v2\/product_brand?post=62466"},{"taxonomy":"product_cat","embeddable":true,"href":"https:\/\/www.padaworks.com\/pt\/wp-json\/wp\/v2\/product_cat?post=62466"},{"taxonomy":"product_tag","embeddable":true,"href":"https:\/\/www.padaworks.com\/pt\/wp-json\/wp\/v2\/product_tag?post=62466"}],"curies":[{"name":"wp","href":"https:\/\/api.w.org\/{rel}","templated":true}]}}