{"id":62450,"date":"2024-04-04T15:09:15","date_gmt":"2024-04-04T15:09:15","guid":{"rendered":"https:\/\/www.padaworks.com\/product\/small-ceramic-cod-fish-cod-fish-fish-art-ceramic-fish-ceramic-fish-decoration-ceramic-wall-hanging-fish-decor-beach-house-decor\/"},"modified":"2025-11-18T15:35:14","modified_gmt":"2025-11-18T15:35:14","slug":"peixe-bacalhau-pequeno-em-ceramica-peixe-bacalhau-arte-em-ceramica-peixe-peixe-em-ceramica-decoracao-peixe-em-ceramica-decoracao-de-parede-em-ceramica-decoracao-de-peixe-decoracao-de-casa-de-praia","status":"publish","type":"product","link":"https:\/\/www.padaworks.com\/pt\/product\/peixe-bacalhau-pequeno-em-ceramica-peixe-bacalhau-arte-em-ceramica-peixe-peixe-em-ceramica-decoracao-peixe-em-ceramica-decoracao-de-parede-em-ceramica-decoracao-de-peixe-decoracao-de-casa-de-praia\/","title":{"rendered":"Pequeno bacalhau de cer\u00e2mica para pendurar na parede"},"content":{"rendered":"<p>Pequeno bacalhau de cer\u00e2mica<\/p>\n<p>Feito \u00e0 m\u00e3o<br \/>Fabricado em Portugal<\/p>\n<p>Dimens\u00f5es:<br \/>C \u2013 14 cm, L \u2013 7 cm, A \u2013 1,5 cm<br \/>L \u2013 5,5 pol., L \u2013 2,8 pol., A \u2013 0,6 pol.<\/p>\n<p>T\u00eam um orif\u00edcio para pendurar na parede.<br \/>Este produto \u00e9 artesanal e feito \u00e0 m\u00e3o, pelo que as medidas podem variar ligeiramente.<\/p>","protected":false},"excerpt":{"rendered":"<p>Small Ceramic Cod Fish Artisan MadeMade in Portugal Dimensions:L &#8211; 14 cm, W &#8211; 7 cm, H &#8211; 1,5 cmL &#8211; 5,5 in, W &#8211; 2,8 in, H &#8211; 0,6 in They have a hole for hanging on the wall.This product is handcrafted and handmade, so measurements may vary slightly.<\/p>","protected":false},"featured_media":62451,"comment_status":"open","ping_status":"open","template":"","meta":{"_acf_changed":false},"product_brand":[],"product_cat":[402,1551],"product_tag":[2370,492,2339,2341,1619,2344,549,2093,331,2369,2335,94,2338],"class_list":{"0":"post-62450","1":"product","2":"type-product","3":"status-publish","4":"has-post-thumbnail","6":"product_cat-pottery","7":"product_cat-fishes","8":"product_tag-bacalhau","9":"product_tag-ceramic-fish","10":"product_tag-ceramic-wall-sardine","11":"product_tag-fish-charm","12":"product_tag-fish-wall-art","13":"product_tag-hand-painted","14":"product_tag-handmade-ceramics","15":"product_tag-handmade-pottery","16":"product_tag-kitchen-decor","17":"product_tag-portuguese-cod","18":"product_tag-vintage-fish","19":"product_tag-wall-decor","20":"product_tag-wall-sardines","21":"product_shipping_class-small-package","23":"first","24":"instock","25":"taxable","26":"shipping-taxable","27":"purchasable","28":"product-type-variable","29":"has-default-attributes","30":"wvs-archive-product-wrapper"},"acf":[],"gallery_images":[62452,62453,62454,62455,62456,62457,62458,62459],"_links":{"self":[{"href":"https:\/\/www.padaworks.com\/pt\/wp-json\/wp\/v2\/product\/62450","targetHints":{"allow":["GET"]}}],"collection":[{"href":"https:\/\/www.padaworks.com\/pt\/wp-json\/wp\/v2\/product"}],"about":[{"href":"https:\/\/www.padaworks.com\/pt\/wp-json\/wp\/v2\/types\/product"}],"replies":[{"embeddable":true,"href":"https:\/\/www.padaworks.com\/pt\/wp-json\/wp\/v2\/comments?post=62450"}],"wp:featuredmedia":[{"embeddable":true,"href":"https:\/\/www.padaworks.com\/pt\/wp-json\/wp\/v2\/media\/62451"}],"wp:attachment":[{"href":"https:\/\/www.padaworks.com\/pt\/wp-json\/wp\/v2\/media?parent=62450"}],"wp:term":[{"taxonomy":"product_brand","embeddable":true,"href":"https:\/\/www.padaworks.com\/pt\/wp-json\/wp\/v2\/product_brand?post=62450"},{"taxonomy":"product_cat","embeddable":true,"href":"https:\/\/www.padaworks.com\/pt\/wp-json\/wp\/v2\/product_cat?post=62450"},{"taxonomy":"product_tag","embeddable":true,"href":"https:\/\/www.padaworks.com\/pt\/wp-json\/wp\/v2\/product_tag?post=62450"}],"curies":[{"name":"wp","href":"https:\/\/api.w.org\/{rel}","templated":true}]}}