{"id":62430,"date":"2024-03-21T11:14:48","date_gmt":"2024-03-21T11:14:48","guid":{"rendered":"https:\/\/www.padaworks.com\/product\/set-of-6-large-soft-rug-wholesale-recycled-rugs-handmade-rug-cotton-rug-large-rug-washable-rug-vintage-rug-traditional-rug\/"},"modified":"2026-01-08T11:56:23","modified_gmt":"2026-01-08T11:56:23","slug":"conjunto-de-6-tapetes-macios-grandes-lote-por-atacado","status":"publish","type":"product","link":"https:\/\/www.padaworks.com\/pt\/product\/conjunto-de-6-tapetes-macios-grandes-lote-por-atacado\/","title":{"rendered":"Conjunto de 6 tapetes macios grandes - Lote por grosso"},"content":{"rendered":"<p>Conjunto de 6 tapetes macios grandes<\/p>\n<p>Conjunto de 6 tapetes em cores diferentes e aleat\u00f3rias. Ao comprar este conjunto, receber\u00e1 tapetes numa mistura de cores.<br \/>Ideal para venda em empresas locais, lojas, feiras e artesanato.<br \/>Estes tapetes s\u00e3o fabricados em Portugal, utilizando materiais descartados pelas ind\u00fastrias t\u00eaxteis.<br \/>Ao comprar estes tapetes, est\u00e1 a ajudar pequenas empresas e empresas familiares e a contribuir para a n\u00e3o polui\u00e7\u00e3o do nosso planeta, pois reutilizamos todos os res\u00edduos produzidos pelas ind\u00fastrias t\u00eaxteis da nossa comunidade.<\/p>\n<p>Feito \u00e0 m\u00e3o<br \/>Fabricado em Portugal<\/p>\n<p>Dimens\u00f5es:<br \/>C - 200 cm, L - 150 cm<br \/>C - 78,7 pol., L - 59,1 pol.<br \/>C - 6,7 p\u00e9s, L - 4,9 p\u00e9s<br \/>Espessura - cerca de 0,5 cm; 0,2 in<\/p>\n<p>As dimens\u00f5es podem variar ligeiramente.<\/p>","protected":false},"excerpt":{"rendered":"<p>Set Of 6 Large Soft Rug Set of 6 rugs in different and random colors. When purchasing this set you will receive rugs in a mix of colors.Ideal for sale in local businesses, shops, fairs and crafts.These rugs are made in Portugal, using materials wasted by the textile industries.By purchasing these rugs you are helping [&hellip;]<\/p>","protected":false},"featured_media":62431,"comment_status":"open","ping_status":"closed","template":"","meta":{"_acf_changed":false},"product_brand":[],"product_cat":[2728],"product_tag":[655,816,465,478,2083,2101,647,2365,482,515,2363,2362,2361],"class_list":{"0":"post-62430","1":"product","2":"type-product","3":"status-publish","4":"has-post-thumbnail","6":"product_cat-soft","7":"product_tag-5x7-rug","8":"product_tag-area-rug","9":"product_tag-bedroom-rug","10":"product_tag-boho-rug","11":"product_tag-home-decor-rug","12":"product_tag-made-in-portugal","13":"product_tag-organic-rug","14":"product_tag-portuguese-rugs","15":"product_tag-rugs-for-bedroom","16":"product_tag-rugs-for-living-room","17":"product_tag-spanish-rug","18":"product_tag-wholesale-lot","19":"product_tag-wholesale-rug","20":"product_shipping_class-small-package","22":"first","23":"instock","24":"taxable","25":"shipping-taxable","26":"purchasable","27":"product-type-simple"},"acf":[],"gallery_images":[62432,62433],"_links":{"self":[{"href":"https:\/\/www.padaworks.com\/pt\/wp-json\/wp\/v2\/product\/62430","targetHints":{"allow":["GET"]}}],"collection":[{"href":"https:\/\/www.padaworks.com\/pt\/wp-json\/wp\/v2\/product"}],"about":[{"href":"https:\/\/www.padaworks.com\/pt\/wp-json\/wp\/v2\/types\/product"}],"replies":[{"embeddable":true,"href":"https:\/\/www.padaworks.com\/pt\/wp-json\/wp\/v2\/comments?post=62430"}],"wp:featuredmedia":[{"embeddable":true,"href":"https:\/\/www.padaworks.com\/pt\/wp-json\/wp\/v2\/media\/62431"}],"wp:attachment":[{"href":"https:\/\/www.padaworks.com\/pt\/wp-json\/wp\/v2\/media?parent=62430"}],"wp:term":[{"taxonomy":"product_brand","embeddable":true,"href":"https:\/\/www.padaworks.com\/pt\/wp-json\/wp\/v2\/product_brand?post=62430"},{"taxonomy":"product_cat","embeddable":true,"href":"https:\/\/www.padaworks.com\/pt\/wp-json\/wp\/v2\/product_cat?post=62430"},{"taxonomy":"product_tag","embeddable":true,"href":"https:\/\/www.padaworks.com\/pt\/wp-json\/wp\/v2\/product_tag?post=62430"}],"curies":[{"name":"wp","href":"https:\/\/api.w.org\/{rel}","templated":true}]}}