{"id":62425,"date":"2024-03-21T11:14:24","date_gmt":"2024-03-21T11:14:24","guid":{"rendered":"https:\/\/www.padaworks.com\/product\/set-of-35-small-soft-rug-wholesale-sustainable-rug-handwoven-rug-cotton-rug-small-rug-washable-rug-boho-rug-portuguese-rug\/"},"modified":"2026-02-21T00:02:33","modified_gmt":"2026-02-21T00:02:33","slug":"conjunto-de-35-tapetes-macios-pequenos-tapete-sustentavel-por-atacado-tapete-tecido-a-mao-tapete-de-algodao-tapete-pequeno-lavavel-tapete-boho-tapete-portugues","status":"publish","type":"product","link":"https:\/\/www.padaworks.com\/pt\/product\/conjunto-de-35-tapetes-macios-pequenos-tapete-sustentavel-por-atacado-tapete-tecido-a-mao-tapete-de-algodao-tapete-pequeno-lavavel-tapete-boho-tapete-portugues\/","title":{"rendered":"Conjunto de 35 tapetes macios pequenos - Lote por atacado"},"content":{"rendered":"<p>Conjunto de 35 tapetes macios pequenos<\/p>\n<p>Conjunto de 35 tapetes em cores diferentes e aleat\u00f3rias. Ao comprar este conjunto, receber\u00e1 tapetes numa mistura de cores.<br \/>Ideal para venda em empresas locais, lojas, feiras e artesanato.<br \/>Estes tapetes s\u00e3o fabricados em Portugal, utilizando materiais descartados pelas ind\u00fastrias t\u00eaxteis.<br \/>Ao comprar estes tapetes, est\u00e1 a ajudar pequenas empresas e empresas familiares e a contribuir para a n\u00e3o polui\u00e7\u00e3o do nosso planeta, pois reutilizamos todos os res\u00edduos produzidos pelas ind\u00fastrias t\u00eaxteis da nossa comunidade.<\/p>\n<p>Feito \u00e0 m\u00e3o<br \/>Fabricado em Portugal<\/p>\n<p>Dimens\u00f5es:<br \/>C - 100 cm, L - 50 cm<br \/>C - 39,4 pol., L - 19,7 pol.<br \/>C - 3,3 p\u00e9s, L - 1,6 p\u00e9s<br \/>Espessura - cerca de 0,5 cm; 0,2 in<\/p>\n<p>As dimens\u00f5es podem variar ligeiramente.<\/p>","protected":false},"excerpt":{"rendered":"<p>Set Of 35 Small Soft Rug Set of 35 rugs in different and random colors. When purchasing this set you will receive rugs in a mix of colors.Ideal for sale in local businesses, shops, fairs and crafts.These rugs are made in Portugal, using materials wasted by the textile industries.By purchasing these rugs you are helping [&hellip;]<\/p>","protected":false},"featured_media":62426,"comment_status":"open","ping_status":"open","template":"","meta":{"_acf_changed":false},"product_brand":[],"product_cat":[2728],"product_tag":[621,816,618,465,2083,2101,647,2364,482,2363,623,2362,2361],"class_list":{"0":"post-62425","1":"product","2":"type-product","3":"status-publish","4":"has-post-thumbnail","6":"product_cat-soft","7":"product_tag-2x3-rug","8":"product_tag-area-rug","9":"product_tag-bath-mat","10":"product_tag-bedroom-rug","11":"product_tag-home-decor-rug","12":"product_tag-made-in-portugal","13":"product_tag-organic-rug","14":"product_tag-rugs","15":"product_tag-rugs-for-bedroom","16":"product_tag-spanish-rug","17":"product_tag-vintage-rug","18":"product_tag-wholesale-lot","19":"product_tag-wholesale-rug","20":"product_shipping_class-small-package","22":"first","23":"instock","24":"taxable","25":"shipping-taxable","26":"purchasable","27":"product-type-simple"},"acf":[],"gallery_images":[62427,62428,62429],"_links":{"self":[{"href":"https:\/\/www.padaworks.com\/pt\/wp-json\/wp\/v2\/product\/62425","targetHints":{"allow":["GET"]}}],"collection":[{"href":"https:\/\/www.padaworks.com\/pt\/wp-json\/wp\/v2\/product"}],"about":[{"href":"https:\/\/www.padaworks.com\/pt\/wp-json\/wp\/v2\/types\/product"}],"replies":[{"embeddable":true,"href":"https:\/\/www.padaworks.com\/pt\/wp-json\/wp\/v2\/comments?post=62425"}],"wp:featuredmedia":[{"embeddable":true,"href":"https:\/\/www.padaworks.com\/pt\/wp-json\/wp\/v2\/media\/62426"}],"wp:attachment":[{"href":"https:\/\/www.padaworks.com\/pt\/wp-json\/wp\/v2\/media?parent=62425"}],"wp:term":[{"taxonomy":"product_brand","embeddable":true,"href":"https:\/\/www.padaworks.com\/pt\/wp-json\/wp\/v2\/product_brand?post=62425"},{"taxonomy":"product_cat","embeddable":true,"href":"https:\/\/www.padaworks.com\/pt\/wp-json\/wp\/v2\/product_cat?post=62425"},{"taxonomy":"product_tag","embeddable":true,"href":"https:\/\/www.padaworks.com\/pt\/wp-json\/wp\/v2\/product_tag?post=62425"}],"curies":[{"name":"wp","href":"https:\/\/api.w.org\/{rel}","templated":true}]}}