{"id":62408,"date":"2024-03-19T18:50:46","date_gmt":"2024-03-19T18:50:46","guid":{"rendered":"https:\/\/www.padaworks.com\/product\/small-ceramic-multicolor-guitar-rooster-portuguese-rooster-portuguese-guitar-ceramic-rooster-rooster-art-rooster-decor\/"},"modified":"2025-11-19T09:20:58","modified_gmt":"2025-11-19T09:20:58","slug":"pequena-guitarra-multicolorida-em-ceramica-galo-portugues-guitarra-portuguesa-galo-em-ceramica-arte-com-galos-decoracao-com-galos","status":"publish","type":"product","link":"https:\/\/www.padaworks.com\/pt\/product\/pequena-guitarra-multicolorida-em-ceramica-galo-portugues-guitarra-portuguesa-galo-em-ceramica-arte-com-galos-decoracao-com-galos\/","title":{"rendered":"Galo pequeno de cer\u00e2mica multicolorido para guitarra"},"content":{"rendered":"<p>Galo pequeno de cer\u00e2mica multicolorido para guitarra<\/p>\n<p>A figura do galo de Barcelos tem origem na interessante lenda popular que transporta Barcelos para a \u00e9poca medieval, e que conta a hist\u00f3ria de um peregrino a caminho de Santiago de Compostela, que foi milagrosamente salvo da forca, gra\u00e7as a Santiago, quando um galo cantou e se fez ouvir de forma surpreendente.<br \/>It was from the 50s and 60s that the rooster of Barcelos became a symbol of national tourism and an icon of a nation&#39;s identity.<\/p>\n<p>With bright colors, multifaceted in size and shapes, a testament to Portugal&#39;s cultural differences and ethnographic variety.<br \/>A imagem do galo de Barcelos \u00e9 universal e \u00e9 um s\u00edmbolo da identidade portuguesa presente em muitas partes do mundo, ultrapassando as fronteiras do concelho que lhe deu o nome.<\/p>\n<p>Como estes galos s\u00e3o t\u00e3o bonitos e simb\u00f3licos, avisamos que os padr\u00f5es podem mudar ligeiramente, mas \u00e9 sempre com o mesmo padr\u00e3o de cores.<\/p>\n<p>Feito \u00e0 m\u00e3o<br \/>Pintado \u00e0 m\u00e3o<br \/>Fabricado em Portugal<\/p>\n<p>Dimens\u00f5es:<br \/>C \u2013 11 cm, L \u2013 6 cm, A \u2013 16 cm<br \/>L \u2013 11 cm, L \u2013 6 cm, A \u2013 16 cm<\/p>\n<p>As dimens\u00f5es podem variar ligeiramente.<\/p>","protected":false},"excerpt":{"rendered":"<p>Small Ceramic Multicolor Guitar Rooster The figure of the rooster of Barcelos comes from the interesting popular legend that transports Barcelos to medieval times, and which tells the story of a pilgrim on his way to Santiago de Compostela, who was miraculously saved from the gallows, thanks to Santiago, when a rooster crowed made itself [&hellip;]<\/p>","protected":false},"featured_media":62409,"comment_status":"open","ping_status":"open","template":"","meta":{"_acf_changed":false},"product_brand":[],"product_cat":[402,1549],"product_tag":[541,550,2050,1023,544,545,549,543,573,546,548,542,572],"class_list":{"0":"post-62408","1":"product","2":"type-product","3":"status-publish","4":"has-post-thumbnail","6":"product_cat-pottery","7":"product_cat-roosters","8":"product_tag-barcelos-rooster","9":"product_tag-ceramic-figurine","10":"product_tag-chicken-decor","11":"product_tag-gift-for-mom","12":"product_tag-gift-from-portugal","13":"product_tag-good-luck-rooster","14":"product_tag-handmade-ceramics","15":"product_tag-handpainted-rooster","16":"product_tag-housewarming-gift","17":"product_tag-lucky-rooster","18":"product_tag-rooster-figurine","19":"product_tag-traditional-rooster","20":"product_tag-vintage-decor","21":"product_shipping_class-small-package","23":"first","24":"instock","25":"sale","26":"taxable","27":"shipping-taxable","28":"purchasable","29":"product-type-simple"},"acf":[],"gallery_images":[62410,62411,62412,62413,62414,62415,62416],"_links":{"self":[{"href":"https:\/\/www.padaworks.com\/pt\/wp-json\/wp\/v2\/product\/62408","targetHints":{"allow":["GET"]}}],"collection":[{"href":"https:\/\/www.padaworks.com\/pt\/wp-json\/wp\/v2\/product"}],"about":[{"href":"https:\/\/www.padaworks.com\/pt\/wp-json\/wp\/v2\/types\/product"}],"replies":[{"embeddable":true,"href":"https:\/\/www.padaworks.com\/pt\/wp-json\/wp\/v2\/comments?post=62408"}],"wp:featuredmedia":[{"embeddable":true,"href":"https:\/\/www.padaworks.com\/pt\/wp-json\/wp\/v2\/media\/62409"}],"wp:attachment":[{"href":"https:\/\/www.padaworks.com\/pt\/wp-json\/wp\/v2\/media?parent=62408"}],"wp:term":[{"taxonomy":"product_brand","embeddable":true,"href":"https:\/\/www.padaworks.com\/pt\/wp-json\/wp\/v2\/product_brand?post=62408"},{"taxonomy":"product_cat","embeddable":true,"href":"https:\/\/www.padaworks.com\/pt\/wp-json\/wp\/v2\/product_cat?post=62408"},{"taxonomy":"product_tag","embeddable":true,"href":"https:\/\/www.padaworks.com\/pt\/wp-json\/wp\/v2\/product_tag?post=62408"}],"curies":[{"name":"wp","href":"https:\/\/api.w.org\/{rel}","templated":true}]}}