{"id":62401,"date":"2024-03-19T18:27:57","date_gmt":"2024-03-19T18:27:57","guid":{"rendered":"https:\/\/www.padaworks.com\/product\/small-ceramic-rooster-and-hen-ceramic-rooster-traditional-ceramic-rooster-decor-farmhouse-rooster-rooster-figurine-funny-gift\/"},"modified":"2025-11-19T09:20:59","modified_gmt":"2025-11-19T09:20:59","slug":"galo-e-galinha-pequenos-de-ceramica-galo-de-ceramica-galo-tradicional-decoracao-galo-de-ceramica-galo-de-quinta-galo-estatueta-galo-presente-engracado","status":"publish","type":"product","link":"https:\/\/www.padaworks.com\/pt\/product\/galo-e-galinha-pequenos-de-ceramica-galo-de-ceramica-galo-tradicional-decoracao-galo-de-ceramica-galo-de-quinta-galo-estatueta-galo-presente-engracado\/","title":{"rendered":"Galo e galinha pequenos em cer\u00e2mica"},"content":{"rendered":"<p>Galo e galinha pequenos em cer\u00e2mica<\/p>\n<p>A figura do galo de Barcelos tem origem na interessante lenda popular que transporta Barcelos para a \u00e9poca medieval, e que conta a hist\u00f3ria de um peregrino a caminho de Santiago de Compostela, que foi milagrosamente salvo da forca, gra\u00e7as a Santiago, quando um galo cantou e se fez ouvir de forma surpreendente.<br \/>Foi a partir dos anos 50 e 60 que o galo de Barcelos se tornou um s\u00edmbolo do turismo nacional e um \u00edcone da identidade de uma na\u00e7\u00e3o.<\/p>\n<p>Com cores vivas, multifacetadas em tamanho e formas, um testemunho das diferen\u00e7as culturais e da variedade etnogr\u00e1fica de Portugal.<br \/>A imagem do galo de Barcelos \u00e9 universal e \u00e9 um s\u00edmbolo da identidade portuguesa presente em muitas partes do mundo, ultrapassando as fronteiras do concelho que lhe deu o nome.<\/p>\n<p>Como estes galos s\u00e3o t\u00e3o bonitos e simb\u00f3licos, avisamos que os padr\u00f5es podem mudar ligeiramente, mas \u00e9 sempre com o mesmo padr\u00e3o de cores.<\/p>\n<p>Feito \u00e0 m\u00e3o<br \/>Pintado \u00e0 m\u00e3o<br \/>Fabricado em Portugal<\/p>\n<p>Dimens\u00f5es:<br \/>C - 14 cm, L - 7 cm, A - 20 cm<br \/>C - 5,5 pol., L - 2,8 pol., A - 7,9 pol.<\/p>\n<p>As dimens\u00f5es podem variar ligeiramente.<\/p>","protected":false},"excerpt":{"rendered":"<p>Small Ceramic Rooster and Hen The figure of the rooster of Barcelos comes from the interesting popular legend that transports Barcelos to medieval times, and which tells the story of a pilgrim on his way to Santiago de Compostela, who was miraculously saved from the gallows, thanks to Santiago, when a rooster crowed made itself [&hellip;]<\/p>","protected":false},"featured_media":62402,"comment_status":"open","ping_status":"open","template":"","meta":{"_acf_changed":false},"product_brand":[],"product_cat":[402,1549],"product_tag":[1341,550,2359,580,2050,2358,544,549,546,681,1601,1670,2360],"class_list":{"0":"post-62401","1":"product","2":"type-product","3":"status-publish","4":"has-post-thumbnail","6":"product_cat-pottery","7":"product_cat-roosters","8":"product_tag-ceramic-bisque","9":"product_tag-ceramic-figurine","10":"product_tag-ceramic-hen","11":"product_tag-ceramic-sculpture","12":"product_tag-chicken-decor","13":"product_tag-chickens","14":"product_tag-gift-from-portugal","15":"product_tag-handmade-ceramics","16":"product_tag-lucky-rooster","17":"product_tag-portuguese-rooster","18":"product_tag-rooster-art","19":"product_tag-rooster-kitchen","20":"product_tag-small-rooster","21":"product_shipping_class-small-package","23":"first","24":"instock","25":"sale","26":"taxable","27":"shipping-taxable","28":"purchasable","29":"product-type-simple"},"acf":[],"gallery_images":[62403,62404,62405,62406,62407],"_links":{"self":[{"href":"https:\/\/www.padaworks.com\/pt\/wp-json\/wp\/v2\/product\/62401","targetHints":{"allow":["GET"]}}],"collection":[{"href":"https:\/\/www.padaworks.com\/pt\/wp-json\/wp\/v2\/product"}],"about":[{"href":"https:\/\/www.padaworks.com\/pt\/wp-json\/wp\/v2\/types\/product"}],"replies":[{"embeddable":true,"href":"https:\/\/www.padaworks.com\/pt\/wp-json\/wp\/v2\/comments?post=62401"}],"wp:featuredmedia":[{"embeddable":true,"href":"https:\/\/www.padaworks.com\/pt\/wp-json\/wp\/v2\/media\/62402"}],"wp:attachment":[{"href":"https:\/\/www.padaworks.com\/pt\/wp-json\/wp\/v2\/media?parent=62401"}],"wp:term":[{"taxonomy":"product_brand","embeddable":true,"href":"https:\/\/www.padaworks.com\/pt\/wp-json\/wp\/v2\/product_brand?post=62401"},{"taxonomy":"product_cat","embeddable":true,"href":"https:\/\/www.padaworks.com\/pt\/wp-json\/wp\/v2\/product_cat?post=62401"},{"taxonomy":"product_tag","embeddable":true,"href":"https:\/\/www.padaworks.com\/pt\/wp-json\/wp\/v2\/product_tag?post=62401"}],"curies":[{"name":"wp","href":"https:\/\/api.w.org\/{rel}","templated":true}]}}