{"id":62364,"date":"2024-03-16T16:46:59","date_gmt":"2024-03-16T16:46:59","guid":{"rendered":"https:\/\/www.padaworks.com\/product\/ceramic-glazed-fish-wall-art\/"},"modified":"2026-03-29T13:02:17","modified_gmt":"2026-03-29T13:02:17","slug":"arte-de-parede-em-ceramica-esmaltada-com-peixes","status":"publish","type":"product","link":"https:\/\/www.padaworks.com\/pt\/product\/arte-de-parede-em-ceramica-esmaltada-com-peixes\/","title":{"rendered":"Parede de cer\u00e2mica com peixes vidrados"},"content":{"rendered":"<p>Parede de cer\u00e2mica com peixes vidrados<\/p>\n<p>Estas pe\u00e7as de cer\u00e2mica s\u00e3o \u00fanicas!<br \/>Desde o trabalho de extra\u00e7\u00e3o, a prepara\u00e7\u00e3o e a moldagem do barro s\u00e3o feitas \u00e0 m\u00e3o. A pintura \u00e9 tamb\u00e9m efectuada \u00e0 m\u00e3o.<br \/>Uma pe\u00e7a de arte \u00fanica, perfeita para a decora\u00e7\u00e3o que procura.<\/p>\n<p>Feito \u00e0 m\u00e3o<br \/>Fabricado em Portugal<\/p>\n<p>Dimens\u00f5es:<br \/>C \u2013 16 cm, L \u2013 10 cm, A \u2013 1,5 cm<br \/>L \u2013 16 cm, L \u2013 10 cm, A \u2013 1,5 cm<\/p>\n<p>T\u00eam um orif\u00edcio para pendurar na parede.<br \/>As dimens\u00f5es podem variar ligeiramente.<\/p>","protected":false},"excerpt":{"rendered":"<p>Ceramic Glazed Fish Wall Art These ceramic pieces are unique!From the extraction work, preparation and molding of the clay are done by hand. The painting is also done by hand.A unique piece of art perfect for the decor you are looking for. Artisan MadeMade in Portugal Dimensions:L &#8211; 16 cm, W &#8211; 10 cm, H [&hellip;]<\/p>","protected":false},"featured_media":62365,"comment_status":"open","ping_status":"open","template":"","meta":{"_acf_changed":false},"product_brand":[],"product_cat":[402,1551],"product_tag":[2340,492,2339,2345,2341,2343,2344,2093,331,2342,2335,94,2338],"class_list":{"0":"post-62364","1":"product","2":"type-product","3":"status-publish","4":"has-post-thumbnail","6":"product_cat-pottery","7":"product_cat-fishes","8":"product_tag-bathroom-fish","9":"product_tag-ceramic-fish","10":"product_tag-ceramic-wall-sardine","11":"product_tag-fine-art-ceramics","12":"product_tag-fish-charm","13":"product_tag-fish-gift","14":"product_tag-hand-painted","15":"product_tag-handmade-pottery","16":"product_tag-kitchen-decor","17":"product_tag-mid-century-fish","18":"product_tag-vintage-fish","19":"product_tag-wall-decor","20":"product_tag-wall-sardines","21":"product_shipping_class-small-package","22":"pa_design-l1","23":"pa_design-l2","24":"pa_design-l3","25":"pa_design-l4","26":"pa_design-l5","27":"pa_design-l6","29":"first","30":"instock","31":"taxable","32":"shipping-taxable","33":"purchasable","34":"product-type-variable","35":"has-default-attributes","36":"wvs-archive-product-wrapper"},"acf":[],"gallery_images":[62366,62367,62368,62369,62370,62371,62372,62373,62374],"_links":{"self":[{"href":"https:\/\/www.padaworks.com\/pt\/wp-json\/wp\/v2\/product\/62364","targetHints":{"allow":["GET"]}}],"collection":[{"href":"https:\/\/www.padaworks.com\/pt\/wp-json\/wp\/v2\/product"}],"about":[{"href":"https:\/\/www.padaworks.com\/pt\/wp-json\/wp\/v2\/types\/product"}],"replies":[{"embeddable":true,"href":"https:\/\/www.padaworks.com\/pt\/wp-json\/wp\/v2\/comments?post=62364"}],"wp:featuredmedia":[{"embeddable":true,"href":"https:\/\/www.padaworks.com\/pt\/wp-json\/wp\/v2\/media\/62365"}],"wp:attachment":[{"href":"https:\/\/www.padaworks.com\/pt\/wp-json\/wp\/v2\/media?parent=62364"}],"wp:term":[{"taxonomy":"product_brand","embeddable":true,"href":"https:\/\/www.padaworks.com\/pt\/wp-json\/wp\/v2\/product_brand?post=62364"},{"taxonomy":"product_cat","embeddable":true,"href":"https:\/\/www.padaworks.com\/pt\/wp-json\/wp\/v2\/product_cat?post=62364"},{"taxonomy":"product_tag","embeddable":true,"href":"https:\/\/www.padaworks.com\/pt\/wp-json\/wp\/v2\/product_tag?post=62364"}],"curies":[{"name":"wp","href":"https:\/\/api.w.org\/{rel}","templated":true}]}}