{"id":62182,"date":"2024-03-14T16:44:22","date_gmt":"2024-03-14T16:44:22","guid":{"rendered":"https:\/\/www.padaworks.com\/product\/large-ceramic-fish-ceramic-fish-to-hang-traditional-ceramics-ceramic-hanging-fish-art-ceramic-art-vintage-fish-pottery-fish\/"},"modified":"2025-11-19T09:21:11","modified_gmt":"2025-11-19T09:21:11","slug":"peixe-grande-de-ceramica-peixe-de-ceramica-para-pendurar-ceramica-tradicional-ceramica-pendurado-peixe-arte-ceramica-arte-vintage-peixe-ceramica-peixe","status":"publish","type":"product","link":"https:\/\/www.padaworks.com\/pt\/product\/peixe-grande-de-ceramica-peixe-de-ceramica-para-pendurar-ceramica-tradicional-ceramica-pendurado-peixe-arte-ceramica-arte-vintage-peixe-ceramica-peixe\/","title":{"rendered":"Peixe grande de cer\u00e2mica"},"content":{"rendered":"<p>Peixe grande de cer\u00e2mica<\/p>\n<p>Estas pe\u00e7as de cer\u00e2mica s\u00e3o \u00fanicas!<br \/>Desde o trabalho de extra\u00e7\u00e3o, a prepara\u00e7\u00e3o e a moldagem do barro s\u00e3o feitas \u00e0 m\u00e3o. A pintura \u00e9 tamb\u00e9m efectuada \u00e0 m\u00e3o.<br \/>Uma pe\u00e7a de arte \u00fanica, perfeita para a decora\u00e7\u00e3o que procura.<\/p>\n<p>Feito \u00e0 m\u00e3o<br \/>Fabricado em Portugal<\/p>\n<p>Dimens\u00f5es:<br \/>C - 27 cm, L - 10 cm, A - 2 cm<br \/>C - 10,6 pol., L - 3,9 pol., A - 0,8 pol.<\/p>\n<p>T\u00eam um gancho para pendurar na parede.<br \/>As dimens\u00f5es podem variar ligeiramente.<\/p>","protected":false},"excerpt":{"rendered":"<p>Large Ceramic Fish These ceramic pieces are unique!From the extraction work, preparation and molding of the clay are done by hand. The painting is also done by hand.A unique piece of art perfect for the decor you are looking for. Artisan MadeMade in Portugal Dimensions:L &#8211; 27 cm, W &#8211; 10 cm, H &#8211; 2 [&hellip;]<\/p>","protected":false},"featured_media":62183,"comment_status":"open","ping_status":"open","template":"","meta":{"_acf_changed":false},"product_brand":[],"product_cat":[402,1551],"product_tag":[492,395,1008,494,1685,2055,1619,396,2093,1508,493,2053,1124],"class_list":{"0":"post-62182","1":"product","2":"type-product","3":"status-publish","4":"has-post-thumbnail","6":"product_cat-pottery","7":"product_cat-fishes","8":"product_tag-ceramic-fish","9":"product_tag-ceramic-painted","10":"product_tag-ceramic-wall-art","11":"product_tag-ceramic-wall-hanging","12":"product_tag-fish-art","13":"product_tag-fish-ornament","14":"product_tag-fish-wall-art","15":"product_tag-fish-wall-hanging","16":"product_tag-handmade-pottery","17":"product_tag-kitchen-wall-hanging","18":"product_tag-outdoor-wall-decor","19":"product_tag-sardine-ornament","20":"product_tag-vintage-ceramic","21":"product_shipping_class-small-package","23":"first","24":"instock","25":"sale","26":"taxable","27":"shipping-taxable","28":"purchasable","29":"product-type-simple"},"acf":[],"gallery_images":[62184,62185,62186],"_links":{"self":[{"href":"https:\/\/www.padaworks.com\/pt\/wp-json\/wp\/v2\/product\/62182","targetHints":{"allow":["GET"]}}],"collection":[{"href":"https:\/\/www.padaworks.com\/pt\/wp-json\/wp\/v2\/product"}],"about":[{"href":"https:\/\/www.padaworks.com\/pt\/wp-json\/wp\/v2\/types\/product"}],"replies":[{"embeddable":true,"href":"https:\/\/www.padaworks.com\/pt\/wp-json\/wp\/v2\/comments?post=62182"}],"wp:featuredmedia":[{"embeddable":true,"href":"https:\/\/www.padaworks.com\/pt\/wp-json\/wp\/v2\/media\/62183"}],"wp:attachment":[{"href":"https:\/\/www.padaworks.com\/pt\/wp-json\/wp\/v2\/media?parent=62182"}],"wp:term":[{"taxonomy":"product_brand","embeddable":true,"href":"https:\/\/www.padaworks.com\/pt\/wp-json\/wp\/v2\/product_brand?post=62182"},{"taxonomy":"product_cat","embeddable":true,"href":"https:\/\/www.padaworks.com\/pt\/wp-json\/wp\/v2\/product_cat?post=62182"},{"taxonomy":"product_tag","embeddable":true,"href":"https:\/\/www.padaworks.com\/pt\/wp-json\/wp\/v2\/product_tag?post=62182"}],"curies":[{"name":"wp","href":"https:\/\/api.w.org\/{rel}","templated":true}]}}