{"id":62168,"date":"2024-03-14T16:09:41","date_gmt":"2024-03-14T16:09:41","guid":{"rendered":"https:\/\/www.padaworks.com\/product\/ceramic-tropical-fish-large-ceramic-fish-wall-hanging-fish-vintage-decor-pottery-fish-ceramic-hanging-fish-fish-decor-fish-art\/"},"modified":"2026-04-07T20:15:15","modified_gmt":"2026-04-07T20:15:15","slug":"ceramic-tropical-fish","status":"publish","type":"product","link":"https:\/\/www.padaworks.com\/pt\/product\/ceramic-tropical-fish\/","title":{"rendered":"Peixe tropical em cer\u00e2mica"},"content":{"rendered":"<p>Peixe tropical em cer\u00e2mica<\/p>\n<p>Estas pe\u00e7as de cer\u00e2mica s\u00e3o \u00fanicas!<br \/>\nDesde o trabalho de extra\u00e7\u00e3o, a prepara\u00e7\u00e3o e a moldagem do barro s\u00e3o feitas \u00e0 m\u00e3o. A pintura \u00e9 tamb\u00e9m efectuada \u00e0 m\u00e3o.<br \/>\nUma pe\u00e7a de arte \u00fanica, perfeita para a decora\u00e7\u00e3o que procura.<\/p>\n<p>Feito \u00e0 m\u00e3o<br \/>\nFabricado em Portugal<\/p>\n<p>Dimens\u00f5es:<br \/>\nL \u2013 24 cm, W \u2013 11 cm, H \u2013 2 cm<br \/>\nL \u2013 9,4 in, W \u2013 4,3 in, H \u2013 0,8 in<\/p>\n<p>T\u00eam um orif\u00edcio para pendurar na parede.<br \/>\nAs dimens\u00f5es podem variar ligeiramente.<\/p>","protected":false},"excerpt":{"rendered":"<p>Ceramic Tropical Fish These ceramic pieces are unique! From the extraction work, preparation and molding of the clay are done by hand. The painting is also done by hand. A unique piece of art perfect for the decor you are looking for. Artisan Made Made in Portugal Dimensions: L \u2013 24 cm, W \u2013 11 [&hellip;]<\/p>","protected":false},"featured_media":62169,"comment_status":"open","ping_status":"closed","template":"","meta":{"_acf_changed":false},"product_brand":[],"product_cat":[1551],"product_tag":[1008,494,490,2057,2323,2055,2058,1619,396,493,583,491,2061],"class_list":{"0":"post-62168","1":"product","2":"type-product","3":"status-publish","4":"has-post-thumbnail","6":"product_cat-fishes","7":"product_tag-ceramic-wall-art","8":"product_tag-ceramic-wall-hanging","9":"product_tag-fish-ceramic-painted","10":"product_tag-fish-figurines","11":"product_tag-fish-gifts","12":"product_tag-fish-ornament","13":"product_tag-fish-tank","14":"product_tag-fish-wall-art","15":"product_tag-fish-wall-hanging","16":"product_tag-outdoor-wall-decor","17":"product_tag-rustic-home-decor","18":"product_tag-sardine-wall-hanging","19":"product_tag-tropical-fish","20":"product_shipping_class-small-package","21":"pa_design-b1","22":"pa_design-b2","23":"pa_design-b3","25":"first","26":"instock","27":"taxable","28":"shipping-taxable","29":"purchasable","30":"product-type-variable","31":"wvs-archive-product-wrapper"},"acf":[],"gallery_images":[62170,62171,62172,62173,62174,62175],"_links":{"self":[{"href":"https:\/\/www.padaworks.com\/pt\/wp-json\/wp\/v2\/product\/62168","targetHints":{"allow":["GET"]}}],"collection":[{"href":"https:\/\/www.padaworks.com\/pt\/wp-json\/wp\/v2\/product"}],"about":[{"href":"https:\/\/www.padaworks.com\/pt\/wp-json\/wp\/v2\/types\/product"}],"replies":[{"embeddable":true,"href":"https:\/\/www.padaworks.com\/pt\/wp-json\/wp\/v2\/comments?post=62168"}],"wp:featuredmedia":[{"embeddable":true,"href":"https:\/\/www.padaworks.com\/pt\/wp-json\/wp\/v2\/media\/62169"}],"wp:attachment":[{"href":"https:\/\/www.padaworks.com\/pt\/wp-json\/wp\/v2\/media?parent=62168"}],"wp:term":[{"taxonomy":"product_brand","embeddable":true,"href":"https:\/\/www.padaworks.com\/pt\/wp-json\/wp\/v2\/product_brand?post=62168"},{"taxonomy":"product_cat","embeddable":true,"href":"https:\/\/www.padaworks.com\/pt\/wp-json\/wp\/v2\/product_cat?post=62168"},{"taxonomy":"product_tag","embeddable":true,"href":"https:\/\/www.padaworks.com\/pt\/wp-json\/wp\/v2\/product_tag?post=62168"}],"curies":[{"name":"wp","href":"https:\/\/api.w.org\/{rel}","templated":true}]}}