{"id":62155,"date":"2024-03-14T15:44:42","date_gmt":"2024-03-14T15:44:42","guid":{"rendered":"https:\/\/www.padaworks.com\/product\/ceramic-glazed-fish-handmade-ceramics-traditional-ceramic-ceramic-hanging-fish-tropical-fish-ceramic-gifts-ceramic-art\/"},"modified":"2026-03-17T18:16:14","modified_gmt":"2026-03-17T18:16:14","slug":"ceramica-peixe-vidrado-ceramica-artesanal-ceramica-tradicional-ceramica-peixe-pendurado-peixe-tropical-presentes-de-ceramica-arte-em-ceramica","status":"publish","type":"product","link":"https:\/\/www.padaworks.com\/pt\/product\/ceramica-peixe-vidrado-ceramica-artesanal-ceramica-tradicional-ceramica-peixe-pendurado-peixe-tropical-presentes-de-ceramica-arte-em-ceramica\/","title":{"rendered":"Peixe esmaltado em cer\u00e2mica"},"content":{"rendered":"<p>Peixe esmaltado em cer\u00e2mica<\/p>\n<p>Feito \u00e0 m\u00e3o<br \/>\nFabricado em Portugal<\/p>\n<p>Dimens\u00f5es:<br \/>\nC - 19 cm, L - 14 cm, A - 1,5 cm<br \/>\nC - 7,5 pol., L - 5,5 pol., A - 0,6 pol.<\/p>\n<p>T\u00eam um orif\u00edcio para pendurar na parede.<br \/>\nAs dimens\u00f5es podem variar ligeiramente.<\/p>","protected":false},"excerpt":{"rendered":"<p>Peixe em cer\u00e2mica vidrada Feito artesanalmente em Portugal Dimens\u00f5es: C - 19 cm, L - 14 cm, A - 1,5 cm C - 7,5 in, W - 5,5 in, H - 0,6 in T\u00eam um orif\u00edcio para pendurar na parede. As dimens\u00f5es podem variar ligeiramente.<\/p>","protected":false},"featured_media":62156,"comment_status":"open","ping_status":"closed","template":"","meta":{"_acf_changed":false},"product_brand":[],"product_cat":[402,1551],"product_tag":[492,395,1560,1008,494,1685,1684,396,544,1508,493,491,1124],"class_list":{"0":"post-62155","1":"product","2":"type-product","3":"status-publish","4":"has-post-thumbnail","6":"product_cat-pottery","7":"product_cat-fishes","8":"product_tag-ceramic-fish","9":"product_tag-ceramic-painted","10":"product_tag-ceramic-sardine","11":"product_tag-ceramic-wall-art","12":"product_tag-ceramic-wall-hanging","13":"product_tag-fish-art","14":"product_tag-fish-decor","15":"product_tag-fish-wall-hanging","16":"product_tag-gift-from-portugal","17":"product_tag-kitchen-wall-hanging","18":"product_tag-outdoor-wall-decor","19":"product_tag-sardine-wall-hanging","20":"product_tag-vintage-ceramic","21":"product_shipping_class-small-package","22":"pa_design-a1","23":"pa_design-a2","24":"pa_design-a3","26":"first","27":"instock","28":"taxable","29":"shipping-taxable","30":"purchasable","31":"product-type-variable","32":"has-default-attributes","33":"wvs-archive-product-wrapper"},"acf":[],"gallery_images":[62157,62158,62159,62160,62161],"_links":{"self":[{"href":"https:\/\/www.padaworks.com\/pt\/wp-json\/wp\/v2\/product\/62155","targetHints":{"allow":["GET"]}}],"collection":[{"href":"https:\/\/www.padaworks.com\/pt\/wp-json\/wp\/v2\/product"}],"about":[{"href":"https:\/\/www.padaworks.com\/pt\/wp-json\/wp\/v2\/types\/product"}],"replies":[{"embeddable":true,"href":"https:\/\/www.padaworks.com\/pt\/wp-json\/wp\/v2\/comments?post=62155"}],"wp:featuredmedia":[{"embeddable":true,"href":"https:\/\/www.padaworks.com\/pt\/wp-json\/wp\/v2\/media\/62156"}],"wp:attachment":[{"href":"https:\/\/www.padaworks.com\/pt\/wp-json\/wp\/v2\/media?parent=62155"}],"wp:term":[{"taxonomy":"product_brand","embeddable":true,"href":"https:\/\/www.padaworks.com\/pt\/wp-json\/wp\/v2\/product_brand?post=62155"},{"taxonomy":"product_cat","embeddable":true,"href":"https:\/\/www.padaworks.com\/pt\/wp-json\/wp\/v2\/product_cat?post=62155"},{"taxonomy":"product_tag","embeddable":true,"href":"https:\/\/www.padaworks.com\/pt\/wp-json\/wp\/v2\/product_tag?post=62155"}],"curies":[{"name":"wp","href":"https:\/\/api.w.org\/{rel}","templated":true}]}}