{"id":62049,"date":"2024-02-20T23:16:06","date_gmt":"2024-02-20T23:16:06","guid":{"rendered":"https:\/\/www.padaworks.com\/product\/ceramic-portuguese-guitar-with-multicolor-rooster-portuguese-rooster-portuguese-guitar-ceramic-rooster-art-rooster\/"},"modified":"2025-11-19T09:21:19","modified_gmt":"2025-11-19T09:21:19","slug":"guitarra-portuguesa-de-ceramica-com-galo-multicolor-galo-portugues-guitarra-portuguesa-galo-de-ceramica-galo-de-arte-galo","status":"publish","type":"product","link":"https:\/\/www.padaworks.com\/pt\/product\/guitarra-portuguesa-de-ceramica-com-galo-multicolor-galo-portugues-guitarra-portuguesa-galo-de-ceramica-galo-de-arte-galo\/","title":{"rendered":"Guitarra Portuguesa em Cer\u00e2mica com Galo Multicolorido"},"content":{"rendered":"<p>Guitarra Portuguesa em Cer\u00e2mica com Galo Multicolorido<\/p>\n<p>A figura do galo de Barcelos tem origem na interessante lenda popular que transporta Barcelos para a \u00e9poca medieval, e que conta a hist\u00f3ria de um peregrino a caminho de Santiago de Compostela, que foi milagrosamente salvo da forca, gra\u00e7as a Santiago, quando um galo cantou e se fez ouvir de forma surpreendente.<br \/>Foi a partir dos anos 50 e 60 que o galo de Barcelos se tornou um s\u00edmbolo do turismo nacional e um \u00edcone da identidade de uma na\u00e7\u00e3o.<\/p>\n<p>Com cores vivas, multifacetadas em tamanho e formas, um testemunho das diferen\u00e7as culturais e da variedade etnogr\u00e1fica de Portugal.<br \/>A imagem do galo de Barcelos \u00e9 universal e \u00e9 um s\u00edmbolo da identidade portuguesa presente em muitas partes do mundo, ultrapassando as fronteiras do concelho que lhe deu o nome.<\/p>\n<p>Feito \u00e0 m\u00e3o<br \/>Pintado \u00e0 m\u00e3o<br \/>Fabricado em Portugal<\/p>\n<p>Dimens\u00f5es:<br \/>C - 17 cm, L - 9 cm, A - 27 cm<br \/>C - 6,7 pol., L - 3,5 pol., A - 10,6 pol.<\/p>\n<p>As dimens\u00f5es podem variar ligeiramente.<\/p>","protected":false},"excerpt":{"rendered":"<p>Ceramic Portuguese Guitar With Multicolor Rooster The figure of the rooster of Barcelos comes from the interesting popular legend that transports Barcelos to medieval times, and which tells the story of a pilgrim on his way to Santiago de Compostela, who was miraculously saved from the gallows, thanks to Santiago, when a rooster crowed made [&hellip;]<\/p>","protected":false},"featured_media":62050,"comment_status":"open","ping_status":"open","template":"","meta":{"_acf_changed":false},"product_brand":[],"product_cat":[402,1549],"product_tag":[541,550,544,545,1096,549,543,573,546,390,547,542,572],"class_list":{"0":"post-62049","1":"product","2":"type-product","3":"status-publish","4":"has-post-thumbnail","6":"product_cat-pottery","7":"product_cat-roosters","8":"product_tag-barcelos-rooster","9":"product_tag-ceramic-figurine","10":"product_tag-gift-from-portugal","11":"product_tag-good-luck-rooster","12":"product_tag-groom-gift","13":"product_tag-handmade-ceramics","14":"product_tag-handpainted-rooster","15":"product_tag-housewarming-gift","16":"product_tag-lucky-rooster","17":"product_tag-portuguese-ceramic","18":"product_tag-rooster-decor","19":"product_tag-traditional-rooster","20":"product_tag-vintage-decor","21":"product_shipping_class-small-package","23":"first","24":"instock","25":"sale","26":"taxable","27":"shipping-taxable","28":"purchasable","29":"product-type-simple"},"acf":[],"gallery_images":[62051,62052,62053,62054,62055,62056,62057],"_links":{"self":[{"href":"https:\/\/www.padaworks.com\/pt\/wp-json\/wp\/v2\/product\/62049","targetHints":{"allow":["GET"]}}],"collection":[{"href":"https:\/\/www.padaworks.com\/pt\/wp-json\/wp\/v2\/product"}],"about":[{"href":"https:\/\/www.padaworks.com\/pt\/wp-json\/wp\/v2\/types\/product"}],"replies":[{"embeddable":true,"href":"https:\/\/www.padaworks.com\/pt\/wp-json\/wp\/v2\/comments?post=62049"}],"wp:featuredmedia":[{"embeddable":true,"href":"https:\/\/www.padaworks.com\/pt\/wp-json\/wp\/v2\/media\/62050"}],"wp:attachment":[{"href":"https:\/\/www.padaworks.com\/pt\/wp-json\/wp\/v2\/media?parent=62049"}],"wp:term":[{"taxonomy":"product_brand","embeddable":true,"href":"https:\/\/www.padaworks.com\/pt\/wp-json\/wp\/v2\/product_brand?post=62049"},{"taxonomy":"product_cat","embeddable":true,"href":"https:\/\/www.padaworks.com\/pt\/wp-json\/wp\/v2\/product_cat?post=62049"},{"taxonomy":"product_tag","embeddable":true,"href":"https:\/\/www.padaworks.com\/pt\/wp-json\/wp\/v2\/product_tag?post=62049"}],"curies":[{"name":"wp","href":"https:\/\/api.w.org\/{rel}","templated":true}]}}