{"id":61403,"date":"2023-12-29T13:03:47","date_gmt":"2023-12-29T13:03:47","guid":{"rendered":"https:\/\/www.padaworks.com\/product\/desk-hand-forged-iron-clock-full-handmade-clock-hand-forged-antique-clock-tabletop-clock-unique-clock-decorative-clocks\/"},"modified":"2026-01-08T12:02:35","modified_gmt":"2026-01-08T12:02:35","slug":"relogio-de-secretaria-em-ferro-forjado-a-mao-relogio-completo-feito-a-mao-relogio-antigo-forjado-a-mao-relogio-de-mesa-relogio-unico-relogios-decorativos","status":"publish","type":"product","link":"https:\/\/www.padaworks.com\/pt\/product\/relogio-de-secretaria-em-ferro-forjado-a-mao-relogio-completo-feito-a-mao-relogio-antigo-forjado-a-mao-relogio-de-mesa-relogio-unico-relogios-decorativos\/","title":{"rendered":"Rel\u00f3gio de mesa em ferro forjado \u00e0 m\u00e3o"},"content":{"rendered":"<p>Rel\u00f3gio de mesa em ferro forjado \u00e0 m\u00e3o<\/p>\n<p>\u00c9 adequado para todos os estilos de decora\u00e7\u00e3o e para aqueles que adoram a arte de fazer artesanato!!!<\/p>\n<p>Esta obra de arte \u00e9 totalmente feita \u00e0 m\u00e3o, desde o ferro forjado, a sua montagem, o corte da madeira para o mostrador do rel\u00f3gio, bem como a marca\u00e7\u00e3o das horas.<br \/>A hist\u00f3ria deste rel\u00f3gio \u00e9 ainda mais especial, pois o artes\u00e3o que o desenvolveu e produziu sofreu uma doen\u00e7a grave e s\u00f3 pode trabalhar com uma m\u00e3o. A parte direita do seu corpo est\u00e1 imobilizada.<br \/>Para a equipa PadaWorks \u00e9 muito importante ajudar todos, cada um com as suas carater\u00edsticas especiais.<\/p>\n<p>Este belo rel\u00f3gio \u00e9 \u00fanico e nunca encontrar\u00e1 outro igual!<\/p>\n<p>Feito \u00e0 m\u00e3o<br \/>Fabricado em Portugal<\/p>\n<p>Dimens\u00f5es totais:<br \/>C - 32 cm, L - 7 cm, A - 41 cm<br \/>C - 12,6 pol., L - 2,8 pol., A - 16,1 pol.<\/p>\n<p>Dimens\u00f5es do mostrador do rel\u00f3gio<br \/>C - 22 cm, L - 5 cm, A - 26 cm<br \/>C - 8,7 pol., L - 2,0 pol., A - 10,2 pol.<\/p>\n<p>As dimens\u00f5es podem variar ligeiramente.<\/p>","protected":false},"excerpt":{"rendered":"<p>Desk Hand Forged Iron Clock It is suitable for all decoration styles and for those who love the art of handcrafting!! This piece of art is completely handmade, from the wrought iron, its assembly, the cutting of the wood for the clock face as well as the hour marking.The story of this watch is even [&hellip;]<\/p>","protected":false},"featured_media":61404,"comment_status":"open","ping_status":"closed","template":"","meta":{"_acf_changed":false},"product_brand":[],"product_cat":[2723,2719],"product_tag":[2239,2238,2246,2237,2241,564,2240,2247,2245,2236,2242,2244,2243],"class_list":{"0":"post-61403","1":"product","2":"type-product","3":"status-publish","4":"has-post-thumbnail","6":"product_cat-crafted-curiosities","7":"product_cat-special-offers","8":"product_tag-art-and-craft-iron","9":"product_tag-classic-clock","10":"product_tag-clocks-for-table","11":"product_tag-desk-clock","12":"product_tag-forged-clock","13":"product_tag-gift-for-him","14":"product_tag-handmade-table-clock","15":"product_tag-mid-century-clock","16":"product_tag-one-of-a-kind","17":"product_tag-retro-clock","18":"product_tag-vintage-clock","19":"product_tag-vintage-desk-clock","20":"product_tag-wood-clock","21":"product_shipping_class-small-package","23":"first","24":"instock","25":"sale","26":"taxable","27":"shipping-taxable","28":"purchasable","29":"product-type-simple"},"acf":[],"gallery_images":[61405,61406,61407,61408,61409,61410,61411],"_links":{"self":[{"href":"https:\/\/www.padaworks.com\/pt\/wp-json\/wp\/v2\/product\/61403","targetHints":{"allow":["GET"]}}],"collection":[{"href":"https:\/\/www.padaworks.com\/pt\/wp-json\/wp\/v2\/product"}],"about":[{"href":"https:\/\/www.padaworks.com\/pt\/wp-json\/wp\/v2\/types\/product"}],"replies":[{"embeddable":true,"href":"https:\/\/www.padaworks.com\/pt\/wp-json\/wp\/v2\/comments?post=61403"}],"wp:featuredmedia":[{"embeddable":true,"href":"https:\/\/www.padaworks.com\/pt\/wp-json\/wp\/v2\/media\/61404"}],"wp:attachment":[{"href":"https:\/\/www.padaworks.com\/pt\/wp-json\/wp\/v2\/media?parent=61403"}],"wp:term":[{"taxonomy":"product_brand","embeddable":true,"href":"https:\/\/www.padaworks.com\/pt\/wp-json\/wp\/v2\/product_brand?post=61403"},{"taxonomy":"product_cat","embeddable":true,"href":"https:\/\/www.padaworks.com\/pt\/wp-json\/wp\/v2\/product_cat?post=61403"},{"taxonomy":"product_tag","embeddable":true,"href":"https:\/\/www.padaworks.com\/pt\/wp-json\/wp\/v2\/product_tag?post=61403"}],"curies":[{"name":"wp","href":"https:\/\/api.w.org\/{rel}","templated":true}]}}