{"id":61394,"date":"2023-12-26T20:40:52","date_gmt":"2023-12-26T20:40:52","guid":{"rendered":"https:\/\/www.padaworks.com\/product\/handmade-ceramic-mug-12oz-cream-mug-tea-mug-coffee-mugs-pottery-mug-handmade-pottery-nordic-mug-modern-mug-winter-mug\/"},"modified":"2025-11-19T09:21:32","modified_gmt":"2025-11-19T09:21:32","slug":"caneca-de-ceramica-feita-a-mao-caneca-de-creme-de-12-oz-caneca-de-cha-caneca-de-cafe-caneca-de-ceramica-caneca-de-ceramica-feita-a-mao-caneca-nordica-caneca-moderna-caneca-de-inverno","status":"publish","type":"product","link":"https:\/\/www.padaworks.com\/pt\/product\/caneca-de-ceramica-feita-a-mao-caneca-de-creme-de-12-oz-caneca-de-cha-caneca-de-cafe-caneca-de-ceramica-caneca-de-ceramica-feita-a-mao-caneca-nordica-caneca-moderna-caneca-de-inverno\/","title":{"rendered":"Caneca de cer\u00e2mica artesanal de 12 oz - Caneca de creme"},"content":{"rendered":"<p>Caneca de cer\u00e2mica artesanal de 12 on\u00e7as<\/p>\n<p>Uma bonita caneca para saborear o seu caf\u00e9, ch\u00e1 ou leite ?<br \/>Esta caneca \u00e9 feita \u00e0 m\u00e3o e tem um acabamento vidrado. Uma vez que o processo de produ\u00e7\u00e3o \u00e9 artesanal, cada caneca \u00e9 \u00fanica.<\/p>\n<p>Feito \u00e0 m\u00e3o<br \/>Fabricado em Portugal<\/p>\n<p>Dimens\u00f5es:<br \/>\u00d8 - 8 cm, H - 9 cm<br \/>\u00d8 - 3,1 in, H - 3,5 in<\/p>\n<p>Capacidade:<br \/>350 ml; 12 oz<\/p>\n<p>As dimens\u00f5es podem variar ligeiramente.<\/p>","protected":false},"excerpt":{"rendered":"<p>Handmade Ceramic Mug 12oz A beautiful mug to enjoy your coffee, tea or milk ?This mug is handmade and has a glazed finish. Since the production process is handcrafted, each mug is unique. Artisan MadeMade in Portugal Dimensions:\u00d8 &#8211; 8 cm, H &#8211; 9 cm\u00d8 &#8211; 3,1 in, H &#8211; 3,5 in Capacity:350 ml; 12 [&hellip;]<\/p>","protected":false},"featured_media":61395,"comment_status":"open","ping_status":"open","template":"","meta":{"_acf_changed":false},"product_brand":[],"product_cat":[402,1767],"product_tag":[2206,728,2201,2202,573,2203,2204,2205,2207,2198,2208,2197,2209],"class_list":{"0":"post-61394","1":"product","2":"type-product","3":"status-publish","4":"has-post-thumbnail","6":"product_cat-pottery","7":"product_cat-kitchenware","8":"product_tag-11oz-mug","9":"product_tag-boho-decor","10":"product_tag-ceramic-cup","11":"product_tag-handmade-mug","12":"product_tag-housewarming-gift","13":"product_tag-latte-mug","14":"product_tag-love-mug","15":"product_tag-mug-for-mom","16":"product_tag-mug-gift","17":"product_tag-stoneware-mug","18":"product_tag-thanksgiving-mug","19":"product_tag-trending-mugs","20":"product_tag-trendy-pottery-cup","21":"product_shipping_class-small-package","23":"first","24":"instock","25":"sale","26":"taxable","27":"shipping-taxable","28":"purchasable","29":"product-type-simple"},"acf":[],"gallery_images":[61396,61397,61398,61399,61400,61401,61402],"_links":{"self":[{"href":"https:\/\/www.padaworks.com\/pt\/wp-json\/wp\/v2\/product\/61394","targetHints":{"allow":["GET"]}}],"collection":[{"href":"https:\/\/www.padaworks.com\/pt\/wp-json\/wp\/v2\/product"}],"about":[{"href":"https:\/\/www.padaworks.com\/pt\/wp-json\/wp\/v2\/types\/product"}],"replies":[{"embeddable":true,"href":"https:\/\/www.padaworks.com\/pt\/wp-json\/wp\/v2\/comments?post=61394"}],"wp:featuredmedia":[{"embeddable":true,"href":"https:\/\/www.padaworks.com\/pt\/wp-json\/wp\/v2\/media\/61395"}],"wp:attachment":[{"href":"https:\/\/www.padaworks.com\/pt\/wp-json\/wp\/v2\/media?parent=61394"}],"wp:term":[{"taxonomy":"product_brand","embeddable":true,"href":"https:\/\/www.padaworks.com\/pt\/wp-json\/wp\/v2\/product_brand?post=61394"},{"taxonomy":"product_cat","embeddable":true,"href":"https:\/\/www.padaworks.com\/pt\/wp-json\/wp\/v2\/product_cat?post=61394"},{"taxonomy":"product_tag","embeddable":true,"href":"https:\/\/www.padaworks.com\/pt\/wp-json\/wp\/v2\/product_tag?post=61394"}],"curies":[{"name":"wp","href":"https:\/\/api.w.org\/{rel}","templated":true}]}}