{"id":61385,"date":"2023-12-26T20:17:16","date_gmt":"2023-12-26T20:17:16","guid":{"rendered":"https:\/\/www.padaworks.com\/product\/ceramic-coffee-mug-grey-and-brown-mug-irregular-mug-modern-coffee-mug-rustic-mug-pottery-mug-glazed-mug-handmade-mug\/"},"modified":"2025-11-25T19:10:35","modified_gmt":"2025-11-25T19:10:35","slug":"caneca-de-cafe-em-ceramica-cinza-e-marrom-caneca-irregular-caneca-de-cafe-moderna-caneca-rustica-caneca-de-ceramica-caneca-esmaltada-caneca-artesanal","status":"publish","type":"product","link":"https:\/\/www.padaworks.com\/pt\/product\/caneca-de-cafe-em-ceramica-cinza-e-marrom-caneca-irregular-caneca-de-cafe-moderna-caneca-rustica-caneca-de-ceramica-caneca-esmaltada-caneca-artesanal\/","title":{"rendered":"Caneca de caf\u00e9 em cer\u00e2mica - Caneca cinzenta e castanha"},"content":{"rendered":"<p>Caneca de caf\u00e9 em cer\u00e2mica<\/p>\n<p>Uma bonita caneca para saborear o seu caf\u00e9, ch\u00e1 ou leite ?<br \/>Esta caneca \u00e9 feita \u00e0 m\u00e3o e tem um acabamento vidrado. Uma vez que o processo de produ\u00e7\u00e3o \u00e9 artesanal, cada caneca \u00e9 \u00fanica.<\/p>\n<p>Feito \u00e0 m\u00e3o<br \/>Fabricado em Portugal<\/p>\n<p>Dimens\u00f5es:<br \/>\u00d8 \u2013 9 cm, A \u2013 10 cm<br \/>\u00d8 \u2013 3,5 pol., A \u2013 3,9 pol.<\/p>\n<p>Capacidade:<br \/>500 ml; 17 oz<\/p>\n<p>As dimens\u00f5es podem variar ligeiramente.<\/p>","protected":false},"excerpt":{"rendered":"<p>Ceramic Coffee Mug A beautiful mug to enjoy your coffee, tea or milk ?This mug is handmade and has a glazed finish. Since the production process is handcrafted, each mug is unique. Artisan MadeMade in Portugal Dimensions:\u00d8 &#8211; 9 cm, H &#8211; 10 cm\u00d8 &#8211; 3,5 in, H &#8211; 3,9 in Capacity:500 ml; 17 oz [&hellip;]<\/p>","protected":false},"featured_media":61386,"comment_status":"open","ping_status":"open","template":"","meta":{"_acf_changed":false},"product_brand":[],"product_cat":[402,1767],"product_tag":[2194,2196,2201,2192,2193,2093,2199,2101,2195,2198,2191,2197,2200],"class_list":{"0":"post-61385","1":"product","2":"type-product","3":"status-publish","4":"has-post-thumbnail","6":"product_cat-pottery","7":"product_cat-kitchenware","8":"product_tag-17oz-mug","9":"product_tag-big-mug","10":"product_tag-ceramic-cup","11":"product_tag-ceramic-mugs","12":"product_tag-cute-mug","13":"product_tag-handmade-pottery","14":"product_tag-large-coffee-mug","15":"product_tag-made-in-portugal","16":"product_tag-mom-mug","17":"product_tag-stoneware-mug","18":"product_tag-tea-mug","19":"product_tag-trending-mugs","20":"product_tag-vintage-ceramic-mug","21":"product_shipping_class-small-package","23":"first","24":"instock","25":"sale","26":"taxable","27":"shipping-taxable","28":"purchasable","29":"product-type-simple"},"acf":[],"gallery_images":[61387,61388,61389,61390,61391,61392,61393],"_links":{"self":[{"href":"https:\/\/www.padaworks.com\/pt\/wp-json\/wp\/v2\/product\/61385","targetHints":{"allow":["GET"]}}],"collection":[{"href":"https:\/\/www.padaworks.com\/pt\/wp-json\/wp\/v2\/product"}],"about":[{"href":"https:\/\/www.padaworks.com\/pt\/wp-json\/wp\/v2\/types\/product"}],"replies":[{"embeddable":true,"href":"https:\/\/www.padaworks.com\/pt\/wp-json\/wp\/v2\/comments?post=61385"}],"wp:featuredmedia":[{"embeddable":true,"href":"https:\/\/www.padaworks.com\/pt\/wp-json\/wp\/v2\/media\/61386"}],"wp:attachment":[{"href":"https:\/\/www.padaworks.com\/pt\/wp-json\/wp\/v2\/media?parent=61385"}],"wp:term":[{"taxonomy":"product_brand","embeddable":true,"href":"https:\/\/www.padaworks.com\/pt\/wp-json\/wp\/v2\/product_brand?post=61385"},{"taxonomy":"product_cat","embeddable":true,"href":"https:\/\/www.padaworks.com\/pt\/wp-json\/wp\/v2\/product_cat?post=61385"},{"taxonomy":"product_tag","embeddable":true,"href":"https:\/\/www.padaworks.com\/pt\/wp-json\/wp\/v2\/product_tag?post=61385"}],"curies":[{"name":"wp","href":"https:\/\/api.w.org\/{rel}","templated":true}]}}