{"id":61374,"date":"2023-12-26T19:23:43","date_gmt":"2023-12-26T19:23:43","guid":{"rendered":"https:\/\/www.padaworks.com\/product\/outdoor-bird-house-wood-bird-cage-decorative-bird-cage-canary-cage-bird-house-parakeet-cage-aviary-cage-outdoor-cage\/"},"modified":"2025-11-19T09:21:34","modified_gmt":"2025-11-19T09:21:34","slug":"casinha-de-passaros-para-exterior-gaiola-de-madeira-para-passaros-gaiola-decorativa-para-passaros-gaiola-para-canarios-casinha-de-passaros-gaiola-para-periquitos-gaiola-para-aviario-gaiola-para-exteri","status":"publish","type":"product","link":"https:\/\/www.padaworks.com\/pt\/product\/casinha-de-passaros-para-exterior-gaiola-de-madeira-para-passaros-gaiola-decorativa-para-passaros-gaiola-para-canarios-casinha-de-passaros-gaiola-para-periquitos-gaiola-para-aviario-gaiola-para-exteri\/","title":{"rendered":"Casa para p\u00e1ssaros ao ar livre"},"content":{"rendered":"<p>Casa para p\u00e1ssaros ao ar livre<\/p>\n<p>D\u00ea ao seu ador\u00e1vel p\u00e1ssaro uma nova gaiola?<br \/>Para ser colocado em ambientes internos ou externos.<br \/>Esta gaiola \u00e9 toda feita \u00e0 m\u00e3o com madeira reutilizada.<br \/>Esta madeira \u00e9 recolhida nos centros de res\u00edduos e transformada nesta bela gaiola.<\/p>\n<p>Carater\u00edsticas da gaiola:<br \/>\u2013 Uma porta da frente<br \/>\u2013 Uma gaveta para res\u00edduos<br \/>\u2013 Pernas em madeira e metal galvanizado<br \/>\u2013 Pernas com rodas para facilitar a movimenta\u00e7\u00e3o<\/p>\n<p>Feito \u00e0 m\u00e3o<br \/>Fabricado em Portugal<\/p>\n<p>Dimens\u00f5es totais:<br \/>C \u2013 55 cm, L \u2013 53 cm, A \u2013 154 cm<br \/>C \u2013 55 cm, L \u2013 53 cm, A \u2013 154 cm<\/p>\n<p>Dimens\u00f5es da gaiola:<br \/>C \u2013 51 cm, L \u2013 46 cm, A \u2013 66 cm<br \/>L \u2013 51 cm, L \u2013 46 cm, A \u2013 66 cm<\/p>\n<p>Este produto \u00e9 cuidadosamente embalado para garantir que chega em boas condi\u00e7\u00f5es \u00e0 sua casa.<br \/>As dimens\u00f5es podem variar ligeiramente.<\/p>","protected":false},"excerpt":{"rendered":"<p>Outdoor Bird House Give to your lovely bird a new cage ?To be placed indoor or outdoor.This cage is all handmade with reused wood.This wood is collected from waste centers and transformed into this beautiful cage. Features of the cage:&#8211; One front door&#8211; One waste drawer&#8211; Wooden and galvanized metal legs&#8211; Legs with wheels to [&hellip;]<\/p>","protected":false},"featured_media":61375,"comment_status":"open","ping_status":"open","template":"","meta":{"_acf_changed":false},"product_brand":[],"product_cat":[509,132],"product_tag":[570,567,815,497,814,561,504,721,563,813,722,568,499],"class_list":{"0":"post-61374","1":"product","2":"type-product","3":"status-publish","4":"has-post-thumbnail","6":"product_cat-pet-supplies","7":"product_cat-bird-cages","8":"product_tag-antique-bird-cage","9":"product_tag-aviary-cage","10":"product_tag-bird-accessories","11":"product_tag-bird-cage","12":"product_tag-bird-lover","13":"product_tag-birds-cage","14":"product_tag-budgie-cage","15":"product_tag-father-day-gift","16":"product_tag-large-bird-cage","17":"product_tag-large-cage","18":"product_tag-large-wooden-cage","19":"product_tag-parrot-cage","20":"product_tag-wooden-bird-cage","21":"product_shipping_class-large-package","23":"first","24":"instock","25":"sale","26":"taxable","27":"shipping-taxable","28":"purchasable","29":"product-type-simple"},"acf":[],"gallery_images":[61376,61377,61378,61379,61380,61381,61382,61383,61384],"_links":{"self":[{"href":"https:\/\/www.padaworks.com\/pt\/wp-json\/wp\/v2\/product\/61374","targetHints":{"allow":["GET"]}}],"collection":[{"href":"https:\/\/www.padaworks.com\/pt\/wp-json\/wp\/v2\/product"}],"about":[{"href":"https:\/\/www.padaworks.com\/pt\/wp-json\/wp\/v2\/types\/product"}],"replies":[{"embeddable":true,"href":"https:\/\/www.padaworks.com\/pt\/wp-json\/wp\/v2\/comments?post=61374"}],"wp:featuredmedia":[{"embeddable":true,"href":"https:\/\/www.padaworks.com\/pt\/wp-json\/wp\/v2\/media\/61375"}],"wp:attachment":[{"href":"https:\/\/www.padaworks.com\/pt\/wp-json\/wp\/v2\/media?parent=61374"}],"wp:term":[{"taxonomy":"product_brand","embeddable":true,"href":"https:\/\/www.padaworks.com\/pt\/wp-json\/wp\/v2\/product_brand?post=61374"},{"taxonomy":"product_cat","embeddable":true,"href":"https:\/\/www.padaworks.com\/pt\/wp-json\/wp\/v2\/product_cat?post=61374"},{"taxonomy":"product_tag","embeddable":true,"href":"https:\/\/www.padaworks.com\/pt\/wp-json\/wp\/v2\/product_tag?post=61374"}],"curies":[{"name":"wp","href":"https:\/\/api.w.org\/{rel}","templated":true}]}}