{"id":61355,"date":"2023-12-26T18:21:59","date_gmt":"2023-12-26T18:21:59","guid":{"rendered":"https:\/\/www.padaworks.com\/product\/large-bicycle-basket-wicker-bike-basket-bicycle-basket-with-handle-basket-with-lid-bike-basket-bicycle-decor-wicker-basket\/"},"modified":"2026-02-26T06:42:47","modified_gmt":"2026-02-26T06:42:47","slug":"cesto-de-bicicleta-grande-cesto-de-vime","status":"publish","type":"product","link":"https:\/\/www.padaworks.com\/pt\/product\/cesto-de-bicicleta-grande-cesto-de-vime\/","title":{"rendered":"Cesto de bicicleta grande - Cesto de vime"},"content":{"rendered":"<p>Cesto de bicicleta grande com dois cestos<\/p>\n<p>Este cesto de vime \u00e9 perfeito para a sua bicicleta!<br \/>Totalmente artesanal, com material de qualidade e acabamento em verniz para durar uma vida inteira.<\/p>\n<p>\u00c9 o cesto perfeito para o acompanhar para todo o lado com a sua bicicleta. Para o trabalho, para levar ao mercado, \u00e0s compras, ao piquenique ou simplesmente para guardar as suas coisas enquanto desfruta de um agrad\u00e1vel passeio de bicicleta?<\/p>\n<p>Cada pe\u00e7a \u00e9 totalmente feita \u00e0 m\u00e3o, pelo que, por vezes, podem apresentar varia\u00e7\u00f5es que fazem parte do seu processo de produ\u00e7\u00e3o.<\/p>\n<p>Dimens\u00f5es totais:<br \/>C - 64 cm, L - 37 cm, A - 28 cm, A com pega - 34 cm<br \/>C - 25,2 pol., L - 14,6 pol., A - 11,0 pol., A com pega - 13,4 pol.<\/p>\n<p>Dimens\u00f5es de cada cesto:<br \/>C - 37 cm, L - 23 cm, A - 28 cm<br \/>C - 14,6 pol., L - 9,1 pol., A - 11,0 pol.<\/p>\n<p>Espa\u00e7o entre cestos - 17 cm; 6,7 in<\/p>\n<p>As dimens\u00f5es podem variar ligeiramente.<\/p>","protected":false},"excerpt":{"rendered":"<p>Large Bicycle Basket With Two Baskets This wicker basket is perfect for your bike!Entirely handcrafted, with quality material and finished in varnish to last a lifetime. It&#8217;s the perfect basket to accompany you anywhere with your bike. For work, to take to the market, shopping, picnic or simply to store your things while enjoying a [&hellip;]<\/p>","protected":false},"featured_media":61356,"comment_status":"open","ping_status":"closed","template":"","meta":{"_acf_changed":false},"product_brand":[],"product_cat":[2722,812],"product_tag":[2188,2020,2186,2185,2184,2183,1117,2187,336,1119,1102,312,538],"class_list":{"0":"post-61355","1":"product","2":"type-product","3":"status-publish","4":"has-post-thumbnail","6":"product_cat-bike-baskets","7":"product_cat-garden-decoration","8":"product_tag-antique-bicycle","9":"product_tag-bicycle","10":"product_tag-bicycle-accessories","11":"product_tag-bicycle-accessory","12":"product_tag-bicycle-art","13":"product_tag-bicycle-basket","14":"product_tag-bike-basket-bag","15":"product_tag-for-her","16":"product_tag-picnic-basket","17":"product_tag-rattan-basket","18":"product_tag-shopping-basket","19":"product_tag-storage-basket","20":"product_tag-woven-basket","21":"product_shipping_class-large-package","23":"first","24":"instock","25":"taxable","26":"shipping-taxable","27":"purchasable","28":"product-type-simple"},"acf":[],"gallery_images":[61357,61358,61359,61360,61361,61362,61363,61364,61365],"_links":{"self":[{"href":"https:\/\/www.padaworks.com\/pt\/wp-json\/wp\/v2\/product\/61355","targetHints":{"allow":["GET"]}}],"collection":[{"href":"https:\/\/www.padaworks.com\/pt\/wp-json\/wp\/v2\/product"}],"about":[{"href":"https:\/\/www.padaworks.com\/pt\/wp-json\/wp\/v2\/types\/product"}],"replies":[{"embeddable":true,"href":"https:\/\/www.padaworks.com\/pt\/wp-json\/wp\/v2\/comments?post=61355"}],"wp:featuredmedia":[{"embeddable":true,"href":"https:\/\/www.padaworks.com\/pt\/wp-json\/wp\/v2\/media\/61356"}],"wp:attachment":[{"href":"https:\/\/www.padaworks.com\/pt\/wp-json\/wp\/v2\/media?parent=61355"}],"wp:term":[{"taxonomy":"product_brand","embeddable":true,"href":"https:\/\/www.padaworks.com\/pt\/wp-json\/wp\/v2\/product_brand?post=61355"},{"taxonomy":"product_cat","embeddable":true,"href":"https:\/\/www.padaworks.com\/pt\/wp-json\/wp\/v2\/product_cat?post=61355"},{"taxonomy":"product_tag","embeddable":true,"href":"https:\/\/www.padaworks.com\/pt\/wp-json\/wp\/v2\/product_tag?post=61355"}],"curies":[{"name":"wp","href":"https:\/\/api.w.org\/{rel}","templated":true}]}}