{"id":61155,"date":"2023-11-14T20:32:22","date_gmt":"2023-11-14T20:32:22","guid":{"rendered":"https:\/\/www.padaworks.com\/product\/ceramic-pot-with-fruit-unique-pot-handmade-ceramics-hand-painted-ceramic-ceramic-art-fall-decor-gift-for-mom-housewarming-gift\/"},"modified":"2025-11-19T09:21:41","modified_gmt":"2025-11-19T09:21:41","slug":"pote-de-ceramica-com-fruta-pote-unico-ceramica-artesanal-ceramica-pintada-a-mao-arte-ceramica-decoracao-de-outono-prenda-para-a-mae-prenda-de-inauguracao-de-casa","status":"publish","type":"product","link":"https:\/\/www.padaworks.com\/pt\/product\/pote-de-ceramica-com-fruta-pote-unico-ceramica-artesanal-ceramica-pintada-a-mao-arte-ceramica-decoracao-de-outono-prenda-para-a-mae-prenda-de-inauguracao-de-casa\/","title":{"rendered":"Pote de cer\u00e2mica com fruta"},"content":{"rendered":"<p>Pote de cer\u00e2mica com fruta<\/p>\n<p>Este produto \u00e9 fabricado e pintado \u00e0 m\u00e3o<\/p>\n<p>Feito \u00e0 m\u00e3o<br \/>Fabricado em Portugal<\/p>\n<p>Dimens\u00f5es:<br \/>\u00d8 - 14 cm, H - 11 cm<br \/>\u00d8 - 5,5 in, H - 4,3 in<\/p>\n<p>As dimens\u00f5es e as ilustra\u00e7\u00f5es podem variar ligeiramente.<\/p>","protected":false},"excerpt":{"rendered":"<p>Ceramic Pot With Fruit This product is made and painted by hand Artisan MadeMade in Portugal Dimensions:\u00d8 &#8211; 14 cm, H &#8211; 11 cm\u00d8 &#8211; 5,5 in, H &#8211; 4,3 in The dimensions and illustrations may vary slightly.<\/p>","protected":false},"featured_media":61156,"comment_status":"open","ping_status":"open","template":"","meta":{"_acf_changed":false},"product_brand":[],"product_cat":[402,1767],"product_tag":[2169,2171,1731,1622,1729,862,479,2170,2166,2093,1682,583,629],"class_list":{"0":"post-61155","1":"product","2":"type-product","3":"status-publish","4":"has-post-thumbnail","6":"product_cat-pottery","7":"product_cat-kitchenware","8":"product_tag-ceramic-container","9":"product_tag-ceramic-jar","10":"product_tag-ceramic-pot","11":"product_tag-ceramic-pottery","12":"product_tag-ceramic-vase","13":"product_tag-christmas-gift","14":"product_tag-gift-for-her","15":"product_tag-glazed-ceramic","16":"product_tag-hand-painted-pots","17":"product_tag-handmade-pottery","18":"product_tag-portuguese-ceramics","19":"product_tag-rustic-home-decor","20":"product_tag-vintage-home-decor","21":"product_shipping_class-small-package","23":"first","24":"instock","25":"sale","26":"taxable","27":"shipping-taxable","28":"purchasable","29":"product-type-simple"},"acf":[],"gallery_images":[61157,61158,61159,61160,61161,61162,61163],"_links":{"self":[{"href":"https:\/\/www.padaworks.com\/pt\/wp-json\/wp\/v2\/product\/61155","targetHints":{"allow":["GET"]}}],"collection":[{"href":"https:\/\/www.padaworks.com\/pt\/wp-json\/wp\/v2\/product"}],"about":[{"href":"https:\/\/www.padaworks.com\/pt\/wp-json\/wp\/v2\/types\/product"}],"replies":[{"embeddable":true,"href":"https:\/\/www.padaworks.com\/pt\/wp-json\/wp\/v2\/comments?post=61155"}],"wp:featuredmedia":[{"embeddable":true,"href":"https:\/\/www.padaworks.com\/pt\/wp-json\/wp\/v2\/media\/61156"}],"wp:attachment":[{"href":"https:\/\/www.padaworks.com\/pt\/wp-json\/wp\/v2\/media?parent=61155"}],"wp:term":[{"taxonomy":"product_brand","embeddable":true,"href":"https:\/\/www.padaworks.com\/pt\/wp-json\/wp\/v2\/product_brand?post=61155"},{"taxonomy":"product_cat","embeddable":true,"href":"https:\/\/www.padaworks.com\/pt\/wp-json\/wp\/v2\/product_cat?post=61155"},{"taxonomy":"product_tag","embeddable":true,"href":"https:\/\/www.padaworks.com\/pt\/wp-json\/wp\/v2\/product_tag?post=61155"}],"curies":[{"name":"wp","href":"https:\/\/api.w.org\/{rel}","templated":true}]}}