{"id":61147,"date":"2023-11-14T20:21:05","date_gmt":"2023-11-14T20:21:05","guid":{"rendered":"https:\/\/www.padaworks.com\/product\/hand-painted-ceramic-pot-farmhouse-chicken-rooster-art-unique-ceramic-pot-handmade-ceramics-hand-painted-ceramic-ceramic-art\/"},"modified":"2025-11-19T09:21:42","modified_gmt":"2025-11-19T09:21:42","slug":"pote-de-ceramica-pintado-a-mao-casa-de-campo-galo-de-galinha-arte-unica-pote-de-ceramica-ceramica-artesanal-ceramica-pintada-a-mao-arte-ceramica","status":"publish","type":"product","link":"https:\/\/www.padaworks.com\/pt\/product\/pote-de-ceramica-pintado-a-mao-casa-de-campo-galo-de-galinha-arte-unica-pote-de-ceramica-ceramica-artesanal-ceramica-pintada-a-mao-arte-ceramica\/","title":{"rendered":"Pote de cer\u00e2mica pintado \u00e0 m\u00e3o"},"content":{"rendered":"<p>Pote de cer\u00e2mica pintado \u00e0 m\u00e3o<\/p>\n<p>Este produto \u00e9 fabricado e pintado \u00e0 m\u00e3o<\/p>\n<p>Feito \u00e0 m\u00e3o<br \/>Fabricado em Portugal<\/p>\n<p>Dimens\u00f5es:<br \/>\u00d8 - 14 cm, H - 11 cm<br \/>\u00d8 - 5,5 in, H - 4,3 in<\/p>\n<p>As dimens\u00f5es e as ilustra\u00e7\u00f5es podem variar ligeiramente.<\/p>","protected":false},"excerpt":{"rendered":"<p>Hand Painted Ceramic Pot This product is made and painted by hand Artisan MadeMade in Portugal Dimensions:\u00d8 &#8211; 14 cm, H &#8211; 11 cm\u00d8 &#8211; 5,5 in, H &#8211; 4,3 in The dimensions and illustrations may vary slightly.<\/p>","protected":false},"featured_media":61148,"comment_status":"open","ping_status":"open","template":"","meta":{"_acf_changed":false},"product_brand":[],"product_cat":[402,1767],"product_tag":[1731,1622,1729,2165,2168,1001,1023,2166,1682,583,2167,2164,629],"class_list":{"0":"post-61147","1":"product","2":"type-product","3":"status-publish","4":"has-post-thumbnail","6":"product_cat-pottery","7":"product_cat-kitchenware","8":"product_tag-ceramic-pot","9":"product_tag-ceramic-pottery","10":"product_tag-ceramic-vase","11":"product_tag-clay-pot","12":"product_tag-egg-holder","13":"product_tag-farmhouse-kitchen","14":"product_tag-gift-for-mom","15":"product_tag-hand-painted-pots","16":"product_tag-portuguese-ceramics","17":"product_tag-rustic-home-decor","18":"product_tag-small-ceramic-vase","19":"product_tag-terracotta-pot","20":"product_tag-vintage-home-decor","21":"product_shipping_class-small-package","23":"first","24":"instock","25":"sale","26":"taxable","27":"shipping-taxable","28":"purchasable","29":"product-type-simple"},"acf":[],"gallery_images":[61149,61150,61151,61152,61153,61154],"_links":{"self":[{"href":"https:\/\/www.padaworks.com\/pt\/wp-json\/wp\/v2\/product\/61147","targetHints":{"allow":["GET"]}}],"collection":[{"href":"https:\/\/www.padaworks.com\/pt\/wp-json\/wp\/v2\/product"}],"about":[{"href":"https:\/\/www.padaworks.com\/pt\/wp-json\/wp\/v2\/types\/product"}],"replies":[{"embeddable":true,"href":"https:\/\/www.padaworks.com\/pt\/wp-json\/wp\/v2\/comments?post=61147"}],"wp:featuredmedia":[{"embeddable":true,"href":"https:\/\/www.padaworks.com\/pt\/wp-json\/wp\/v2\/media\/61148"}],"wp:attachment":[{"href":"https:\/\/www.padaworks.com\/pt\/wp-json\/wp\/v2\/media?parent=61147"}],"wp:term":[{"taxonomy":"product_brand","embeddable":true,"href":"https:\/\/www.padaworks.com\/pt\/wp-json\/wp\/v2\/product_brand?post=61147"},{"taxonomy":"product_cat","embeddable":true,"href":"https:\/\/www.padaworks.com\/pt\/wp-json\/wp\/v2\/product_cat?post=61147"},{"taxonomy":"product_tag","embeddable":true,"href":"https:\/\/www.padaworks.com\/pt\/wp-json\/wp\/v2\/product_tag?post=61147"}],"curies":[{"name":"wp","href":"https:\/\/api.w.org\/{rel}","templated":true}]}}