{"id":60933,"date":"2023-10-31T16:53:08","date_gmt":"2023-10-31T16:53:08","guid":{"rendered":"https:\/\/www.padaworks.com\/product\/ceramic-garlic-keeper-with-lid-rustic-ceramic-garlic-container-garlic-pot-garlic-cellar-ceramic-ornament-autumn-decor\/"},"modified":"2026-01-08T12:07:08","modified_gmt":"2026-01-08T12:07:08","slug":"recipiente-de-ceramica-para-alho-com-tampa-recipiente-rustico-de-ceramica-para-alho-pote-para-alho-adega-para-alho-ornamento-de-ceramica-decoracao-de-outono","status":"publish","type":"product","link":"https:\/\/www.padaworks.com\/pt\/product\/recipiente-de-ceramica-para-alho-com-tampa-recipiente-rustico-de-ceramica-para-alho-pote-para-alho-adega-para-alho-ornamento-de-ceramica-decoracao-de-outono\/","title":{"rendered":"Recipiente para alho em cer\u00e2mica com tampa"},"content":{"rendered":"<p>Recipiente para alho em cer\u00e2mica com tampa<\/p>\n<p>Este produto \u00e9 fabricado e pintado \u00e0 m\u00e3o<\/p>\n<p>Feito \u00e0 m\u00e3o<br \/>Fabricado em Portugal<\/p>\n<p>Dimens\u00f5es:<br \/>\u00d8 \u2013 12 cm, A \u2013 13 cm, A com tampa \u2013 16 cm<br \/>\u00d8 \u2013 11,9 cm, A \u2013 13 cm, A com tampa \u2013 16 cm<\/p>\n<p>As dimens\u00f5es e as ilustra\u00e7\u00f5es podem variar ligeiramente.<\/p>","protected":false},"excerpt":{"rendered":"<p>Ceramic Garlic Keeper With Lid This product is made and painted by hand Artisan MadeMade in Portugal Dimensions:\u00d8 &#8211; 12 cm, H &#8211; 13 cm, H with lid &#8211; 16 cm\u00d8 &#8211; 4,7 in, H &#8211; 5,1 in, H with lid &#8211; 6,3 in The dimensions and illustrations may vary slightly.<\/p>","protected":false},"featured_media":60934,"comment_status":"open","ping_status":"closed","template":"","meta":{"_acf_changed":false},"product_brand":[],"product_cat":[1767],"product_tag":[2115,1742,2114,1001,2109,2107,2105,2108,2113,2111,479,1682,629],"class_list":{"0":"post-60933","1":"product","2":"type-product","3":"status-publish","4":"has-post-thumbnail","6":"product_cat-kitchenware","7":"product_tag-ceramic-jar-with-lid","8":"product_tag-ceramics-and-pottery","9":"product_tag-fall-decor","10":"product_tag-farmhouse-kitchen","11":"product_tag-garlic-container","12":"product_tag-garlic-holder","13":"product_tag-garlic-keeper","14":"product_tag-garlic-saver","15":"product_tag-garlic-storage","16":"product_tag-garlic-storage-jar","17":"product_tag-gift-for-her","18":"product_tag-portuguese-ceramics","19":"product_tag-vintage-home-decor","20":"product_shipping_class-small-package","22":"first","23":"instock","24":"sale","25":"taxable","26":"shipping-taxable","27":"purchasable","28":"product-type-simple"},"acf":[],"gallery_images":[60935,60936,60937,60938,60939,60940,60941,60942,60943],"_links":{"self":[{"href":"https:\/\/www.padaworks.com\/pt\/wp-json\/wp\/v2\/product\/60933","targetHints":{"allow":["GET"]}}],"collection":[{"href":"https:\/\/www.padaworks.com\/pt\/wp-json\/wp\/v2\/product"}],"about":[{"href":"https:\/\/www.padaworks.com\/pt\/wp-json\/wp\/v2\/types\/product"}],"replies":[{"embeddable":true,"href":"https:\/\/www.padaworks.com\/pt\/wp-json\/wp\/v2\/comments?post=60933"}],"wp:featuredmedia":[{"embeddable":true,"href":"https:\/\/www.padaworks.com\/pt\/wp-json\/wp\/v2\/media\/60934"}],"wp:attachment":[{"href":"https:\/\/www.padaworks.com\/pt\/wp-json\/wp\/v2\/media?parent=60933"}],"wp:term":[{"taxonomy":"product_brand","embeddable":true,"href":"https:\/\/www.padaworks.com\/pt\/wp-json\/wp\/v2\/product_brand?post=60933"},{"taxonomy":"product_cat","embeddable":true,"href":"https:\/\/www.padaworks.com\/pt\/wp-json\/wp\/v2\/product_cat?post=60933"},{"taxonomy":"product_tag","embeddable":true,"href":"https:\/\/www.padaworks.com\/pt\/wp-json\/wp\/v2\/product_tag?post=60933"}],"curies":[{"name":"wp","href":"https:\/\/api.w.org\/{rel}","templated":true}]}}