{"id":60922,"date":"2023-10-31T16:33:29","date_gmt":"2023-10-31T16:33:29","guid":{"rendered":"https:\/\/www.padaworks.com\/product\/ceramic-garlic-container-garlic-keeper-with-lid-garlic-storage-garlic-cellar-handmade-ceramics-hand-painted-ceramic-ceramic-art\/"},"modified":"2026-01-08T12:07:22","modified_gmt":"2026-01-08T12:07:22","slug":"recipiente-de-ceramica-para-alho-guarda-alho-com-tampa-armazenamento-de-alho-adega-de-alho-ceramica-artesanal-ceramica-pintada-a-mao-arte-ceramica","status":"publish","type":"product","link":"https:\/\/www.padaworks.com\/pt\/product\/recipiente-de-ceramica-para-alho-guarda-alho-com-tampa-armazenamento-de-alho-adega-de-alho-ceramica-artesanal-ceramica-pintada-a-mao-arte-ceramica\/","title":{"rendered":"Recipiente de cer\u00e2mica para alho"},"content":{"rendered":"<p>Recipiente de cer\u00e2mica para alho<\/p>\n<p>Este produto \u00e9 fabricado e pintado \u00e0 m\u00e3o<\/p>\n<p>Feito \u00e0 m\u00e3o<br \/>Fabricado em Portugal<\/p>\n<p>Dimens\u00f5es:<br \/>\u00d8 - 9 cm, H - 12 cm, H com tampa - 16 cm<br \/>\u00d8 - 3,5 in, H - 4,7 in, H com tampa - 6,3 in<\/p>\n<p>As dimens\u00f5es e as ilustra\u00e7\u00f5es podem variar ligeiramente.<\/p>","protected":false},"excerpt":{"rendered":"<p>Ceramic Garlic Container This product is made and painted by hand Artisan MadeMade in Portugal Dimensions:\u00d8 &#8211; 9 cm, H &#8211; 12 cm, H with lid &#8211; 16 cm\u00d8 &#8211; 3,5 in, H &#8211; 4,7 in, H with lid &#8211; 6,3 in The dimensions and illustrations may vary slightly.<\/p>","protected":false},"featured_media":60923,"comment_status":"open","ping_status":"closed","template":"","meta":{"_acf_changed":false},"product_brand":[],"product_cat":[1767],"product_tag":[1622,2112,1001,2109,2107,2106,2105,2108,2111,2110,1023,1682,629],"class_list":{"0":"post-60922","1":"product","2":"type-product","3":"status-publish","4":"has-post-thumbnail","6":"product_cat-kitchenware","7":"product_tag-ceramic-pottery","8":"product_tag-design-garlic-jar","9":"product_tag-farmhouse-kitchen","10":"product_tag-garlic-container","11":"product_tag-garlic-holder","12":"product_tag-garlic-jar","13":"product_tag-garlic-keeper","14":"product_tag-garlic-saver","15":"product_tag-garlic-storage-jar","16":"product_tag-garlic-storage-pot","17":"product_tag-gift-for-mom","18":"product_tag-portuguese-ceramics","19":"product_tag-vintage-home-decor","20":"product_shipping_class-small-package","22":"first","23":"instock","24":"sale","25":"taxable","26":"shipping-taxable","27":"purchasable","28":"product-type-simple"},"acf":[],"gallery_images":[60924,60925,60926,60927,60928,60929,60930,60931,60932],"_links":{"self":[{"href":"https:\/\/www.padaworks.com\/pt\/wp-json\/wp\/v2\/product\/60922","targetHints":{"allow":["GET"]}}],"collection":[{"href":"https:\/\/www.padaworks.com\/pt\/wp-json\/wp\/v2\/product"}],"about":[{"href":"https:\/\/www.padaworks.com\/pt\/wp-json\/wp\/v2\/types\/product"}],"replies":[{"embeddable":true,"href":"https:\/\/www.padaworks.com\/pt\/wp-json\/wp\/v2\/comments?post=60922"}],"wp:featuredmedia":[{"embeddable":true,"href":"https:\/\/www.padaworks.com\/pt\/wp-json\/wp\/v2\/media\/60923"}],"wp:attachment":[{"href":"https:\/\/www.padaworks.com\/pt\/wp-json\/wp\/v2\/media?parent=60922"}],"wp:term":[{"taxonomy":"product_brand","embeddable":true,"href":"https:\/\/www.padaworks.com\/pt\/wp-json\/wp\/v2\/product_brand?post=60922"},{"taxonomy":"product_cat","embeddable":true,"href":"https:\/\/www.padaworks.com\/pt\/wp-json\/wp\/v2\/product_cat?post=60922"},{"taxonomy":"product_tag","embeddable":true,"href":"https:\/\/www.padaworks.com\/pt\/wp-json\/wp\/v2\/product_tag?post=60922"}],"curies":[{"name":"wp","href":"https:\/\/api.w.org\/{rel}","templated":true}]}}