{"id":60879,"date":"2023-10-30T20:51:13","date_gmt":"2023-10-30T20:51:13","guid":{"rendered":"https:\/\/www.padaworks.com\/product\/ceramic-bowl-with-hand-painted-flower-ceramic-bowl-handmade-bowl-pottery-bowls-handmade-ceramics-vintage-ceramics-ceramic-art\/"},"modified":"2025-11-19T09:21:57","modified_gmt":"2025-11-19T09:21:57","slug":"taca-de-ceramica-com-flor-pintada-a-mao-taca-de-ceramica-artesanal-tacas-de-ceramica-tacas-de-ceramica-artesanais-ceramica-vintage-arte-em-ceramica","status":"publish","type":"product","link":"https:\/\/www.padaworks.com\/pt\/product\/taca-de-ceramica-com-flor-pintada-a-mao-taca-de-ceramica-artesanal-tacas-de-ceramica-tacas-de-ceramica-artesanais-ceramica-vintage-arte-em-ceramica\/","title":{"rendered":"Tigela de cer\u00e2mica com flor pintada \u00e0 m\u00e3o"},"content":{"rendered":"<p>Tigela de cer\u00e2mica com flor pintada \u00e0 m\u00e3o<\/p>\n<p>Este produto \u00e9 fabricado e pintado \u00e0 m\u00e3o<\/p>\n<p>Feito \u00e0 m\u00e3o<br \/>Fabricado em Portugal<\/p>\n<p>Dimens\u00f5es:<br \/>\u00d8 \u2013 10 cm, A \u2013 5,5 cm<br \/>\u00d8 \u2013 3,9 pol., A \u2013 2,2 pol.<\/p>\n<p>As dimens\u00f5es e as ilustra\u00e7\u00f5es podem variar ligeiramente.<\/p>","protected":false},"excerpt":{"rendered":"<p>Ceramic Bowl With Hand Painted Flower This product is made and painted by hand Artisan MadeMade in Portugal Dimensions:\u00d8 &#8211; 10 cm, H &#8211; 5,5 cm\u00d8 &#8211; 3,9 in, H &#8211; 2,2 in The dimensions and illustrations may vary slightly.<\/p>","protected":false},"featured_media":60880,"comment_status":"open","ping_status":"open","template":"","meta":{"_acf_changed":false},"product_brand":[],"product_cat":[402,1767],"product_tag":[2098,1622,1742,1637,1638,2100,479,2101,1633,1640,1634,1639,1635],"class_list":{"0":"post-60879","1":"product","2":"type-product","3":"status-publish","4":"has-post-thumbnail","6":"product_cat-pottery","7":"product_cat-kitchenware","8":"product_tag-ceramic-bowls","9":"product_tag-ceramic-pottery","10":"product_tag-ceramics-and-pottery","11":"product_tag-cereal-bowl","12":"product_tag-clay-bowl","13":"product_tag-decorative-bowl","14":"product_tag-gift-for-her","15":"product_tag-made-in-portugal","16":"product_tag-pottery-bowl","17":"product_tag-rice-bowl","18":"product_tag-serving-bowl","19":"product_tag-small-ceramic-bowl","20":"product_tag-stoneware-bowl","21":"product_shipping_class-small-package","23":"first","24":"instock","25":"sale","26":"taxable","27":"shipping-taxable","28":"purchasable","29":"product-type-simple"},"acf":[],"gallery_images":[60881,60882,60883,60884,60885,60886,60887,60888,60889],"_links":{"self":[{"href":"https:\/\/www.padaworks.com\/pt\/wp-json\/wp\/v2\/product\/60879","targetHints":{"allow":["GET"]}}],"collection":[{"href":"https:\/\/www.padaworks.com\/pt\/wp-json\/wp\/v2\/product"}],"about":[{"href":"https:\/\/www.padaworks.com\/pt\/wp-json\/wp\/v2\/types\/product"}],"replies":[{"embeddable":true,"href":"https:\/\/www.padaworks.com\/pt\/wp-json\/wp\/v2\/comments?post=60879"}],"wp:featuredmedia":[{"embeddable":true,"href":"https:\/\/www.padaworks.com\/pt\/wp-json\/wp\/v2\/media\/60880"}],"wp:attachment":[{"href":"https:\/\/www.padaworks.com\/pt\/wp-json\/wp\/v2\/media?parent=60879"}],"wp:term":[{"taxonomy":"product_brand","embeddable":true,"href":"https:\/\/www.padaworks.com\/pt\/wp-json\/wp\/v2\/product_brand?post=60879"},{"taxonomy":"product_cat","embeddable":true,"href":"https:\/\/www.padaworks.com\/pt\/wp-json\/wp\/v2\/product_cat?post=60879"},{"taxonomy":"product_tag","embeddable":true,"href":"https:\/\/www.padaworks.com\/pt\/wp-json\/wp\/v2\/product_tag?post=60879"}],"curies":[{"name":"wp","href":"https:\/\/api.w.org\/{rel}","templated":true}]}}