{"id":60619,"date":"2023-09-20T18:34:25","date_gmt":"2023-09-20T18:34:25","guid":{"rendered":"https:\/\/www.padaworks.com\/product\/leather-wallet-for-men-leather-card-wallet-purse-wallet-leather-wallet-vegan-wallet-eco-friendly-wallet-christmas-gift\/"},"modified":"2025-11-19T09:22:12","modified_gmt":"2025-11-19T09:22:12","slug":"carteira-de-couro-para-homem-carteira-de-couro-para-cartoes-carteira-de-couro-carteira-de-couro-carteira-vegan-carteira-ecologica-prenda-de-natal","status":"publish","type":"product","link":"https:\/\/www.padaworks.com\/pt\/product\/carteira-de-couro-para-homem-carteira-de-couro-para-cartoes-carteira-de-couro-carteira-de-couro-carteira-vegan-carteira-ecologica-prenda-de-natal\/","title":{"rendered":"Carteira de couro para homem - Preto"},"content":{"rendered":"<p>Carteira de couro para homem<\/p>\n<p>Com duas divis\u00f5es. Uma para colocar dinheiro e a outra para colocar cart\u00f5es.<\/p>\n<p>Fabricado em Portugal<\/p>\n<p>Dimens\u00f5es:<br \/>C - 10 cm, L - 8 cm, A - 1,5 cm<br \/>C - 3,9 pol., L - 3,1 pol., A - 0,6 pol.<\/p>\n<p>As dimens\u00f5es podem variar ligeiramente.<\/p>","protected":false},"excerpt":{"rendered":"<p>Carteira de couro para homem Com duas divis\u00f5es. Uma para colocar dinheiro e outra para colocar cart\u00f5es. Fabricado em Portugal Dimens\u00f5es:C - 10 cm, L - 8 cm, A - 1,5 cmC - 3,9 pol., L - 3,1 pol., A - 0,6 pol. As dimens\u00f5es podem variar ligeiramente.<\/p>","protected":false},"featured_media":60620,"comment_status":"open","ping_status":"open","template":"","meta":{"_acf_changed":false},"product_brand":[],"product_cat":[1548],"product_tag":[2071,1024,1026,858,1023,1021,864,2072,2075,2074,1017,2073,1018],"class_list":{"0":"post-60619","1":"product","2":"type-product","3":"status-publish","4":"has-post-thumbnail","6":"product_cat-wallets","7":"product_tag-black-leather-wallet","8":"product_tag-bride-gift","9":"product_tag-coin-wallet","10":"product_tag-genuine-leather","11":"product_tag-gift-for-mom","12":"product_tag-leather-coin-purse","13":"product_tag-leather-purse","14":"product_tag-leather-wrist-wallet","15":"product_tag-men-leather-wallet","16":"product_tag-mens-leather-wallet","17":"product_tag-mens-wallet","18":"product_tag-mens-wallet-leather","19":"product_tag-wallets-for-men","20":"product_shipping_class-small-package","22":"first","23":"instock","24":"taxable","25":"shipping-taxable","26":"purchasable","27":"product-type-simple"},"acf":[],"gallery_images":[60621,60622,60623,60624,60625,60626],"_links":{"self":[{"href":"https:\/\/www.padaworks.com\/pt\/wp-json\/wp\/v2\/product\/60619","targetHints":{"allow":["GET"]}}],"collection":[{"href":"https:\/\/www.padaworks.com\/pt\/wp-json\/wp\/v2\/product"}],"about":[{"href":"https:\/\/www.padaworks.com\/pt\/wp-json\/wp\/v2\/types\/product"}],"replies":[{"embeddable":true,"href":"https:\/\/www.padaworks.com\/pt\/wp-json\/wp\/v2\/comments?post=60619"}],"wp:featuredmedia":[{"embeddable":true,"href":"https:\/\/www.padaworks.com\/pt\/wp-json\/wp\/v2\/media\/60620"}],"wp:attachment":[{"href":"https:\/\/www.padaworks.com\/pt\/wp-json\/wp\/v2\/media?parent=60619"}],"wp:term":[{"taxonomy":"product_brand","embeddable":true,"href":"https:\/\/www.padaworks.com\/pt\/wp-json\/wp\/v2\/product_brand?post=60619"},{"taxonomy":"product_cat","embeddable":true,"href":"https:\/\/www.padaworks.com\/pt\/wp-json\/wp\/v2\/product_cat?post=60619"},{"taxonomy":"product_tag","embeddable":true,"href":"https:\/\/www.padaworks.com\/pt\/wp-json\/wp\/v2\/product_tag?post=60619"}],"curies":[{"name":"wp","href":"https:\/\/api.w.org\/{rel}","templated":true}]}}