{"id":60588,"date":"2023-09-20T16:36:57","date_gmt":"2023-09-20T16:36:57","guid":{"rendered":"https:\/\/www.padaworks.com\/product\/round-wicker-basket-bag-23-cm\/"},"modified":"2026-01-08T12:13:10","modified_gmt":"2026-01-08T12:13:10","slug":"saco-de-cesto-de-vime-redondo-23-cm","status":"publish","type":"product","link":"https:\/\/www.padaworks.com\/pt\/product\/saco-de-cesto-de-vime-redondo-23-cm\/","title":{"rendered":"Mala de cesto de vime redondo 23 cm"},"content":{"rendered":"<p>Saco de cesto de vime redondo<\/p>\n<p>Um bonito saco de cesto fabricado em Portugal e tecido \u00e0 m\u00e3o com materiais naturais. Tem uma pega entran\u00e7ada e tamb\u00e9m uma tampa.<br \/>\u00c9 perfeito para estilos vintage, boho ou bo\u00e9mio, para desloca\u00e7\u00f5es, escapadelas de fim de semana ou mesmo como cesto de colheita de frutas e legumes.<br \/>Uma pe\u00e7a totalmente sustent\u00e1vel e de grande durabilidade.<br \/>Cada cesto \u00e9 \u00fanico, pelo que n\u00e3o existe outro igual.<\/p>\n<p>Feito \u00e0 m\u00e3o<br \/>Fabricado em Portugal<\/p>\n<p>Dimens\u00f5es:<br \/>\u00d8 - 23 cm, H - 21 cm, H com pega - 42 cm<br \/>\u00d8 - 9,1 pol., A - 8,3 pol., A com pega - 16,5 pol.<\/p>\n<p>As dimens\u00f5es podem variar ligeiramente.<\/p>","protected":false},"excerpt":{"rendered":"<p>Round Wicker Basket Bag A beautiful basket bag made in Portugal and handwoven with natural materials. It has a braided handle and also a lid.It&#8217;s perfect for vintage, boho, or bohemian styles, for commuting, weekend getaways, or even as a fruit and vegetable harvest basket.A completely sustainable and highly durable piece.Each basket is unique so [&hellip;]<\/p>","protected":false},"featured_media":60589,"comment_status":"open","ping_status":"closed","template":"","meta":{"_acf_changed":false},"product_brand":[],"product_cat":[2738],"product_tag":[302,1182,524,1864,2067,762,1865,1447,529,439,1087,923,538],"class_list":{"0":"post-60588","1":"product","2":"type-product","3":"status-publish","4":"has-post-thumbnail","6":"product_cat-wicker-bags","7":"product_tag-basket-bag","8":"product_tag-basket-with-handle","9":"product_tag-basket-with-lid","10":"product_tag-birkin-basket-bag","11":"product_tag-birkin-style","12":"product_tag-boho-basket","13":"product_tag-bucket-bag-basket","14":"product_tag-handmade-baskets","15":"product_tag-round-basket","16":"product_tag-wicker-basket","17":"product_tag-wicker-basket-bag","18":"product_tag-wicker-purse","19":"product_tag-woven-basket","20":"product_shipping_class-small-package","22":"first","23":"instock","24":"taxable","25":"shipping-taxable","26":"purchasable","27":"product-type-simple"},"acf":[],"gallery_images":[60590,60591,60592,60593,60594,60595,60596],"_links":{"self":[{"href":"https:\/\/www.padaworks.com\/pt\/wp-json\/wp\/v2\/product\/60588","targetHints":{"allow":["GET"]}}],"collection":[{"href":"https:\/\/www.padaworks.com\/pt\/wp-json\/wp\/v2\/product"}],"about":[{"href":"https:\/\/www.padaworks.com\/pt\/wp-json\/wp\/v2\/types\/product"}],"replies":[{"embeddable":true,"href":"https:\/\/www.padaworks.com\/pt\/wp-json\/wp\/v2\/comments?post=60588"}],"wp:featuredmedia":[{"embeddable":true,"href":"https:\/\/www.padaworks.com\/pt\/wp-json\/wp\/v2\/media\/60589"}],"wp:attachment":[{"href":"https:\/\/www.padaworks.com\/pt\/wp-json\/wp\/v2\/media?parent=60588"}],"wp:term":[{"taxonomy":"product_brand","embeddable":true,"href":"https:\/\/www.padaworks.com\/pt\/wp-json\/wp\/v2\/product_brand?post=60588"},{"taxonomy":"product_cat","embeddable":true,"href":"https:\/\/www.padaworks.com\/pt\/wp-json\/wp\/v2\/product_cat?post=60588"},{"taxonomy":"product_tag","embeddable":true,"href":"https:\/\/www.padaworks.com\/pt\/wp-json\/wp\/v2\/product_tag?post=60588"}],"curies":[{"name":"wp","href":"https:\/\/api.w.org\/{rel}","templated":true}]}}