{"id":60558,"date":"2023-09-12T22:53:48","date_gmt":"2023-09-12T22:53:48","guid":{"rendered":"https:\/\/www.padaworks.com\/product\/mini-natural-reed-bag-reed-basket-bag-summer-bag-portuguese-basket-small-bag-straw-purse-gift-bag-mini-bag-basket-purse\/"},"modified":"2026-02-20T23:52:55","modified_gmt":"2026-02-20T23:52:55","slug":"mini-saco-de-cana-natural-saco-de-cana-cesto-de-verao-saco-portugues-cesto-pequeno-saco-de-palha-bolsa-de-oferta-saco-mini-saco-cesto-bolsa","status":"publish","type":"product","link":"https:\/\/www.padaworks.com\/pt\/product\/mini-saco-de-cana-natural-saco-de-cana-cesto-de-verao-saco-portugues-cesto-pequeno-saco-de-palha-bolsa-de-oferta-saco-mini-saco-cesto-bolsa\/","title":{"rendered":"Mini saco de junco natural"},"content":{"rendered":"<p>Mini saco de junco natural<\/p>\n<p>Feito \u00e0 m\u00e3o<br \/>Fabricado em Portugal<\/p>\n<p>Dimens\u00f5es:<br \/>C - 17 cm, L - 12 cm, A - 15 cm<br \/>C - 6,7 pol., L - 4,7 pol., A - 5,9 pol.<\/p>\n<p>As dimens\u00f5es do saco podem variar ligeiramente.<\/p>","protected":false},"excerpt":{"rendered":"<p>Mini Saco em junco natural Feito \u00e0 m\u00e3oFabricado em Portugal Dimens\u00f5es:C - 17 cm, L - 12 cm, A - 15 cmC - 6,7 pol., L - 4,7 pol., A - 5,9 pol. As dimens\u00f5es do saco podem variar ligeiramente.<\/p>","protected":false},"featured_media":60559,"comment_status":"open","ping_status":"open","template":"","meta":{"_acf_changed":false},"product_brand":[],"product_cat":[2736],"product_tag":[302,363,844,1447,822,843,341,845,345,346,376,828,1445],"class_list":{"0":"post-60558","1":"product","2":"type-product","3":"status-publish","4":"has-post-thumbnail","6":"product_cat-reed-bags","7":"product_tag-basket-bag","8":"product_tag-beach-bag","9":"product_tag-colorful-baskets","10":"product_tag-handmade-baskets","11":"product_tag-natural-straw-bag","12":"product_tag-reed-bag","13":"product_tag-reed-straw-bag","14":"product_tag-reed-straw-basket","15":"product_tag-small-straw-bag","16":"product_tag-straw-handbag","17":"product_tag-vegan-bag","18":"product_tag-vintage-bag","19":"product_tag-woven-bag","20":"product_shipping_class-small-package","22":"first","23":"instock","24":"sale","25":"taxable","26":"shipping-taxable","27":"purchasable","28":"product-type-simple"},"acf":[],"gallery_images":[60560,60561,60562,60563],"_links":{"self":[{"href":"https:\/\/www.padaworks.com\/pt\/wp-json\/wp\/v2\/product\/60558","targetHints":{"allow":["GET"]}}],"collection":[{"href":"https:\/\/www.padaworks.com\/pt\/wp-json\/wp\/v2\/product"}],"about":[{"href":"https:\/\/www.padaworks.com\/pt\/wp-json\/wp\/v2\/types\/product"}],"replies":[{"embeddable":true,"href":"https:\/\/www.padaworks.com\/pt\/wp-json\/wp\/v2\/comments?post=60558"}],"wp:featuredmedia":[{"embeddable":true,"href":"https:\/\/www.padaworks.com\/pt\/wp-json\/wp\/v2\/media\/60559"}],"wp:attachment":[{"href":"https:\/\/www.padaworks.com\/pt\/wp-json\/wp\/v2\/media?parent=60558"}],"wp:term":[{"taxonomy":"product_brand","embeddable":true,"href":"https:\/\/www.padaworks.com\/pt\/wp-json\/wp\/v2\/product_brand?post=60558"},{"taxonomy":"product_cat","embeddable":true,"href":"https:\/\/www.padaworks.com\/pt\/wp-json\/wp\/v2\/product_cat?post=60558"},{"taxonomy":"product_tag","embeddable":true,"href":"https:\/\/www.padaworks.com\/pt\/wp-json\/wp\/v2\/product_tag?post=60558"}],"curies":[{"name":"wp","href":"https:\/\/api.w.org\/{rel}","templated":true}]}}