{"id":60508,"date":"2023-09-12T19:28:26","date_gmt":"2023-09-12T19:28:26","guid":{"rendered":"https:\/\/www.padaworks.com\/product\/vintage-basket-straw-basket-basket-bag-straw-reed-bag-woven-basket-bohemian-bag-market-bag-natural-bag-straw-beach-bag-2\/"},"modified":"2026-02-20T23:52:47","modified_gmt":"2026-02-20T23:52:47","slug":"cesto-vintage-cesto-de-palha-cesto-de-palha-saco-de-cana-cesto-tecido-saco-boemio-saco-de-mercado-saco-natural-saco-de-palha-saco-de-praia-2","status":"publish","type":"product","link":"https:\/\/www.padaworks.com\/pt\/product\/cesto-vintage-cesto-de-palha-cesto-de-palha-saco-de-cana-cesto-tecido-saco-boemio-saco-de-mercado-saco-natural-saco-de-palha-saco-de-praia-2\/","title":{"rendered":"Cesto de junco vintage"},"content":{"rendered":"<p>Cesto vintage<\/p>\n<p>Feito \u00e0 m\u00e3o<br \/>Fabricado em Portugal<\/p>\n<p>Dimens\u00f5es:<br \/>C - 25 cm, L - 15 cm, A - 18 cm<br \/>C - 9,8 pol., L - 5,9 pol., A - 7,1 pol.<\/p>\n<p>As dimens\u00f5es podem variar ligeiramente.<\/p>","protected":false},"excerpt":{"rendered":"<p>Cesto Vintage Feito \u00e0 m\u00e3oFabricado em Portugal Dimens\u00f5es:C - 25 cm, L - 15 cm, A - 18 cmC - 9,8 pol., L - 5,9 pol., A - 7,1 pol. As dimens\u00f5es podem variar ligeiramente.<\/p>","protected":false},"featured_media":60509,"comment_status":"open","ping_status":"closed","template":"","meta":{"_acf_changed":false},"product_brand":[],"product_cat":[2736],"product_tag":[762,1973,598,1023,1447,779,337,843,344,346,347,350,303],"class_list":{"0":"post-60508","1":"product","2":"type-product","3":"status-publish","4":"has-post-thumbnail","6":"product_cat-reed-bags","7":"product_tag-boho-basket","8":"product_tag-food-bag","9":"product_tag-gift-bag","10":"product_tag-gift-for-mom","11":"product_tag-handmade-baskets","12":"product_tag-market-basket-bag","13":"product_tag-picnic-bag","14":"product_tag-reed-bag","15":"product_tag-straw-bag","16":"product_tag-straw-handbag","17":"product_tag-straw-purse","18":"product_tag-straw-shoulder-bag","19":"product_tag-summer-bag","20":"product_shipping_class-small-package","22":"first","23":"instock","24":"sale","25":"taxable","26":"shipping-taxable","27":"purchasable","28":"product-type-simple"},"acf":[],"gallery_images":[60510,60511,60512,60513,60514,60515,60516],"_links":{"self":[{"href":"https:\/\/www.padaworks.com\/pt\/wp-json\/wp\/v2\/product\/60508","targetHints":{"allow":["GET"]}}],"collection":[{"href":"https:\/\/www.padaworks.com\/pt\/wp-json\/wp\/v2\/product"}],"about":[{"href":"https:\/\/www.padaworks.com\/pt\/wp-json\/wp\/v2\/types\/product"}],"replies":[{"embeddable":true,"href":"https:\/\/www.padaworks.com\/pt\/wp-json\/wp\/v2\/comments?post=60508"}],"wp:featuredmedia":[{"embeddable":true,"href":"https:\/\/www.padaworks.com\/pt\/wp-json\/wp\/v2\/media\/60509"}],"wp:attachment":[{"href":"https:\/\/www.padaworks.com\/pt\/wp-json\/wp\/v2\/media?parent=60508"}],"wp:term":[{"taxonomy":"product_brand","embeddable":true,"href":"https:\/\/www.padaworks.com\/pt\/wp-json\/wp\/v2\/product_brand?post=60508"},{"taxonomy":"product_cat","embeddable":true,"href":"https:\/\/www.padaworks.com\/pt\/wp-json\/wp\/v2\/product_cat?post=60508"},{"taxonomy":"product_tag","embeddable":true,"href":"https:\/\/www.padaworks.com\/pt\/wp-json\/wp\/v2\/product_tag?post=60508"}],"curies":[{"name":"wp","href":"https:\/\/api.w.org\/{rel}","templated":true}]}}