{"id":60499,"date":"2023-09-12T17:58:02","date_gmt":"2023-09-12T17:58:02","guid":{"rendered":"https:\/\/www.padaworks.com\/product\/cane-basket-bag-birkin-style-vintage-basket-bag-summer-bag-basket-purse-bohemian-bag-cane-bag-vintage-purse-cute-bag\/"},"modified":"2026-04-13T20:02:09","modified_gmt":"2026-04-13T20:02:09","slug":"cesto-de-cana-saco-cesto-redondo","status":"publish","type":"product","link":"https:\/\/www.padaworks.com\/pt\/product\/cesto-de-cana-saco-cesto-redondo\/","title":{"rendered":"Saco para cestos de cana - Cesto redondo"},"content":{"rendered":"<p>Mala de cesto de cana<\/p>\n<p>Feito \u00e0 m\u00e3o<\/p>\n<p>Dimens\u00f5es:<br \/>\u00d8 - 18 cm, H - 19 cm, H com pega - 27 cm<br \/>\u00d8 - 7,1 pol., A - 7,4 pol., A com pega - 10,6 pol.<\/p>\n<p>Uma vez que a mat\u00e9ria-prima \u00e9 de origem natural, podem existir ligeiras varia\u00e7\u00f5es na cor do cesto.<br \/>As dimens\u00f5es podem variar ligeiramente.<\/p>","protected":false},"excerpt":{"rendered":"<p>Cesto de cana Saco de fabrico artesanal Dimens\u00f5es:\u00d8 - 18 cm, A - 19 cm, A com asa - 27 cm\u00d8 - 7,1 pol, A - 7,4 pol, A com asa - 10,6 pol Dado que a mat\u00e9ria-prima \u00e9 de origem natural, podem ocorrer ligeiras varia\u00e7\u00f5es na cor do cesto, podendo as dimens\u00f5es apresentar ligeiras varia\u00e7\u00f5es.<\/p>","protected":false},"featured_media":60500,"comment_status":"open","ping_status":"closed","template":"","meta":{"_acf_changed":false},"product_brand":[],"product_cat":[2737],"product_tag":[302,1182,1862,762,1865,455,1447,1863,336,529,439,1087,538],"class_list":{"0":"post-60499","1":"product","2":"type-product","3":"status-publish","4":"has-post-thumbnail","6":"product_cat-cane-bags","7":"product_tag-basket-bag","8":"product_tag-basket-with-handle","9":"product_tag-birkin-bag-replica","10":"product_tag-boho-basket","11":"product_tag-bucket-bag-basket","12":"product_tag-flower-girl-basket","13":"product_tag-handmade-baskets","14":"product_tag-jane-birkin","15":"product_tag-picnic-basket","16":"product_tag-round-basket","17":"product_tag-wicker-basket","18":"product_tag-wicker-basket-bag","19":"product_tag-woven-basket","20":"product_shipping_class-small-package","22":"first","23":"instock","24":"taxable","25":"shipping-taxable","26":"purchasable","27":"product-type-simple"},"acf":[],"gallery_images":[60501,60502,60503,60504,60505,60506,60507],"_links":{"self":[{"href":"https:\/\/www.padaworks.com\/pt\/wp-json\/wp\/v2\/product\/60499","targetHints":{"allow":["GET"]}}],"collection":[{"href":"https:\/\/www.padaworks.com\/pt\/wp-json\/wp\/v2\/product"}],"about":[{"href":"https:\/\/www.padaworks.com\/pt\/wp-json\/wp\/v2\/types\/product"}],"replies":[{"embeddable":true,"href":"https:\/\/www.padaworks.com\/pt\/wp-json\/wp\/v2\/comments?post=60499"}],"wp:featuredmedia":[{"embeddable":true,"href":"https:\/\/www.padaworks.com\/pt\/wp-json\/wp\/v2\/media\/60500"}],"wp:attachment":[{"href":"https:\/\/www.padaworks.com\/pt\/wp-json\/wp\/v2\/media?parent=60499"}],"wp:term":[{"taxonomy":"product_brand","embeddable":true,"href":"https:\/\/www.padaworks.com\/pt\/wp-json\/wp\/v2\/product_brand?post=60499"},{"taxonomy":"product_cat","embeddable":true,"href":"https:\/\/www.padaworks.com\/pt\/wp-json\/wp\/v2\/product_cat?post=60499"},{"taxonomy":"product_tag","embeddable":true,"href":"https:\/\/www.padaworks.com\/pt\/wp-json\/wp\/v2\/product_tag?post=60499"}],"curies":[{"name":"wp","href":"https:\/\/api.w.org\/{rel}","templated":true}]}}