{"id":60492,"date":"2023-09-12T17:25:13","date_gmt":"2023-09-12T17:25:13","guid":{"rendered":"https:\/\/www.padaworks.com\/product\/handmade-ceramic-tile-ceramic-tile-traditional-tile-ceramic-hanging-tile-art-tiles-ceramic-portuguese-tiles-ceramic-art-tile\/"},"modified":"2026-01-08T12:14:38","modified_gmt":"2026-01-08T12:14:38","slug":"azulejo-artesanal-azulejo-de-ceramica-azulejo-tradicional-azulejo-suspenso-de-ceramica-azulejos-artisticos-azulejos-portugueses-de-ceramica-azulejo-artistico-de-ceramica","status":"publish","type":"product","link":"https:\/\/www.padaworks.com\/pt\/product\/azulejo-artesanal-azulejo-de-ceramica-azulejo-tradicional-azulejo-suspenso-de-ceramica-azulejos-artisticos-azulejos-portugueses-de-ceramica-azulejo-artistico-de-ceramica\/","title":{"rendered":"Azulejo de cer\u00e2mica feito \u00e0 m\u00e3o"},"content":{"rendered":"<p>Azulejo de cer\u00e2mica feito \u00e0 m\u00e3o<\/p>\n<p>Estas pe\u00e7as de cer\u00e2mica s\u00e3o \u00fanicas!<br \/>Desde o trabalho de extra\u00e7\u00e3o, a prepara\u00e7\u00e3o e a moldagem do barro s\u00e3o feitas \u00e0 m\u00e3o. A pintura \u00e9 tamb\u00e9m efectuada \u00e0 m\u00e3o.<br \/>Uma pe\u00e7a de arte \u00fanica, perfeita para a decora\u00e7\u00e3o que procura.<\/p>\n<p>Feito \u00e0 m\u00e3o<br \/>Fabricado em Portugal<\/p>\n<p>Dimens\u00f5es:<br \/>C - 15 cm, L - 15 cm, A - 1 cm<br \/>C - 5,9 pol., L - 5,9 pol., A - 0,4 pol.<\/p>\n<p>T\u00eam um orif\u00edcio para pendurar na parede.<br \/>As dimens\u00f5es podem variar ligeiramente.<\/p>","protected":false},"excerpt":{"rendered":"<p>Handmade Ceramic Tile These ceramic pieces are unique!From the extraction work, preparation and molding of the clay are done by hand. The painting is also done by hand.A unique piece of art perfect for the decor you are looking for. Artisan MadeMade in Portugal Dimensions:L &#8211; 15 cm, W &#8211; 15 cm, H &#8211; 1 [&hellip;]<\/p>","protected":false},"featured_media":60493,"comment_status":"open","ping_status":"closed","template":"","meta":{"_acf_changed":false},"product_brand":[],"product_cat":[2727],"product_tag":[1996,1994,1008,494,1998,2063,1001,1995,1993,493,1992,1124,2064],"class_list":{"0":"post-60492","1":"product","2":"type-product","3":"status-publish","4":"has-post-thumbnail","6":"product_cat-tiles","7":"product_tag-azulejos-tiles","8":"product_tag-ceramic-tiles-art","9":"product_tag-ceramic-wall-art","10":"product_tag-ceramic-wall-hanging","11":"product_tag-ceramic-wall-tiles","12":"product_tag-decorative-tile","13":"product_tag-farmhouse-kitchen","14":"product_tag-hand-glazed-tiles","15":"product_tag-handmade-tiles","16":"product_tag-outdoor-wall-decor","17":"product_tag-tiles-decor","18":"product_tag-vintage-ceramic","19":"product_tag-vintage-tile","20":"product_shipping_class-small-package","22":"first","23":"instock","24":"taxable","25":"shipping-taxable","26":"purchasable","27":"product-type-simple"},"acf":[],"gallery_images":[60494,60495,60496,60497,60498],"_links":{"self":[{"href":"https:\/\/www.padaworks.com\/pt\/wp-json\/wp\/v2\/product\/60492","targetHints":{"allow":["GET"]}}],"collection":[{"href":"https:\/\/www.padaworks.com\/pt\/wp-json\/wp\/v2\/product"}],"about":[{"href":"https:\/\/www.padaworks.com\/pt\/wp-json\/wp\/v2\/types\/product"}],"replies":[{"embeddable":true,"href":"https:\/\/www.padaworks.com\/pt\/wp-json\/wp\/v2\/comments?post=60492"}],"wp:featuredmedia":[{"embeddable":true,"href":"https:\/\/www.padaworks.com\/pt\/wp-json\/wp\/v2\/media\/60493"}],"wp:attachment":[{"href":"https:\/\/www.padaworks.com\/pt\/wp-json\/wp\/v2\/media?parent=60492"}],"wp:term":[{"taxonomy":"product_brand","embeddable":true,"href":"https:\/\/www.padaworks.com\/pt\/wp-json\/wp\/v2\/product_brand?post=60492"},{"taxonomy":"product_cat","embeddable":true,"href":"https:\/\/www.padaworks.com\/pt\/wp-json\/wp\/v2\/product_cat?post=60492"},{"taxonomy":"product_tag","embeddable":true,"href":"https:\/\/www.padaworks.com\/pt\/wp-json\/wp\/v2\/product_tag?post=60492"}],"curies":[{"name":"wp","href":"https:\/\/api.w.org\/{rel}","templated":true}]}}