{"id":60477,"date":"2023-09-12T16:54:10","date_gmt":"2023-09-12T16:54:10","guid":{"rendered":"https:\/\/www.padaworks.com\/product\/small-ceramic-fish-ceramic-fish-handmade-fish-tropical-fish-fish-gifts-ceramic-hanging-fish-vintage-fish-fish-decor-cute-fish\/"},"modified":"2026-03-18T12:15:16","modified_gmt":"2026-03-18T12:15:16","slug":"peixes-pequenos-de-ceramica-peixes-de-ceramica-peixes-artesanais-peixes-tropicais-presentes-com-peixes-peixes-de-ceramica-para-pendurar-peixes-vintage-decoracao-com-peixes-peixes-bonitos","status":"publish","type":"product","link":"https:\/\/www.padaworks.com\/pt\/product\/peixes-pequenos-de-ceramica-peixes-de-ceramica-peixes-artesanais-peixes-tropicais-presentes-com-peixes-peixes-de-ceramica-para-pendurar-peixes-vintage-decoracao-com-peixes-peixes-bonitos\/","title":{"rendered":"Peixe pequeno de cer\u00e2mica"},"content":{"rendered":"<p>Peixe pequeno de cer\u00e2mica<\/p>\n<p>Estas pe\u00e7as de cer\u00e2mica s\u00e3o \u00fanicas!<br \/>\nDesde o trabalho de extra\u00e7\u00e3o, a prepara\u00e7\u00e3o e a moldagem do barro s\u00e3o feitas \u00e0 m\u00e3o. A pintura \u00e9 tamb\u00e9m efectuada \u00e0 m\u00e3o.<br \/>\nUma pe\u00e7a de arte \u00fanica, perfeita para a decora\u00e7\u00e3o que procura.<\/p>\n<p>Feito \u00e0 m\u00e3o<br \/>\nFabricado em Portugal<\/p>\n<p>Dimens\u00f5es:<br \/>\nC - 12 cm, L - 10 cm, A - 0,5 cm<br \/>\nC - 4,7 pol., L - 3,9 pol., A - 0,2 pol.<\/p>\n<p>T\u00eam um orif\u00edcio para pendurar na parede.<br \/>\nAs dimens\u00f5es podem variar ligeiramente.<\/p>","protected":false},"excerpt":{"rendered":"<p>Small Ceramic Fish These ceramic pieces are unique! From the extraction work, preparation and molding of the clay are done by hand. The painting is also done by hand. A unique piece of art perfect for the decor you are looking for. Artisan Made Made in Portugal Dimensions: L \u2013 12 cm, W \u2013 10 [&hellip;]<\/p>","protected":false},"featured_media":60478,"comment_status":"open","ping_status":"closed","template":"","meta":{"_acf_changed":false},"product_brand":[],"product_cat":[402,1551],"product_tag":[2060,2062,495,1008,494,1685,2059,2055,1619,396,1466,493,491],"class_list":{"0":"post-60477","1":"product","2":"type-product","3":"status-publish","4":"has-post-thumbnail","6":"product_cat-pottery","7":"product_cat-fishes","8":"product_tag-antique-fish","9":"product_tag-aquarium-fish","10":"product_tag-ceramic-art","11":"product_tag-ceramic-wall-art","12":"product_tag-ceramic-wall-hanging","13":"product_tag-fish-art","14":"product_tag-fish-figurine","15":"product_tag-fish-ornament","16":"product_tag-fish-wall-art","17":"product_tag-fish-wall-hanging","18":"product_tag-handmade-ceramic","19":"product_tag-outdoor-wall-decor","20":"product_tag-sardine-wall-hanging","21":"product_shipping_class-small-package","22":"pa_design-a","23":"pa_design-b","25":"first","26":"instock","27":"taxable","28":"shipping-taxable","29":"purchasable","30":"product-type-variable","31":"has-default-attributes","32":"wvs-archive-product-wrapper"},"acf":[],"gallery_images":[60479,60480,60481,60482,60483,60484,60485,60486,60487],"_links":{"self":[{"href":"https:\/\/www.padaworks.com\/pt\/wp-json\/wp\/v2\/product\/60477","targetHints":{"allow":["GET"]}}],"collection":[{"href":"https:\/\/www.padaworks.com\/pt\/wp-json\/wp\/v2\/product"}],"about":[{"href":"https:\/\/www.padaworks.com\/pt\/wp-json\/wp\/v2\/types\/product"}],"replies":[{"embeddable":true,"href":"https:\/\/www.padaworks.com\/pt\/wp-json\/wp\/v2\/comments?post=60477"}],"wp:featuredmedia":[{"embeddable":true,"href":"https:\/\/www.padaworks.com\/pt\/wp-json\/wp\/v2\/media\/60478"}],"wp:attachment":[{"href":"https:\/\/www.padaworks.com\/pt\/wp-json\/wp\/v2\/media?parent=60477"}],"wp:term":[{"taxonomy":"product_brand","embeddable":true,"href":"https:\/\/www.padaworks.com\/pt\/wp-json\/wp\/v2\/product_brand?post=60477"},{"taxonomy":"product_cat","embeddable":true,"href":"https:\/\/www.padaworks.com\/pt\/wp-json\/wp\/v2\/product_cat?post=60477"},{"taxonomy":"product_tag","embeddable":true,"href":"https:\/\/www.padaworks.com\/pt\/wp-json\/wp\/v2\/product_tag?post=60477"}],"curies":[{"name":"wp","href":"https:\/\/api.w.org\/{rel}","templated":true}]}}