{"id":60442,"date":"2023-09-12T16:18:11","date_gmt":"2023-09-12T16:18:11","guid":{"rendered":"https:\/\/www.padaworks.com\/product\/medium-ceramic-fish-handmade-fish-fish-pottery-traditional-fish-ceramic-hanging-fish-fish-art-fish-figurine-vintage-decor\/"},"modified":"2026-03-18T12:16:49","modified_gmt":"2026-03-18T12:16:49","slug":"peixe-ceramico-medio-peixe-artesanal-peixe-ceramico-tradicional-peixe-ceramico-pendurado-peixe-arte-peixe-estatueta-vintage-decoracao","status":"publish","type":"product","link":"https:\/\/www.padaworks.com\/pt\/product\/peixe-ceramico-medio-peixe-artesanal-peixe-ceramico-tradicional-peixe-ceramico-pendurado-peixe-arte-peixe-estatueta-vintage-decoracao\/","title":{"rendered":"Peixe m\u00e9dio de cer\u00e2mica"},"content":{"rendered":"<p>Peixe m\u00e9dio de cer\u00e2mica<\/p>\n<p>Estas pe\u00e7as de cer\u00e2mica s\u00e3o \u00fanicas!<br \/>\nDesde o trabalho de extra\u00e7\u00e3o, a prepara\u00e7\u00e3o e a moldagem do barro s\u00e3o feitas \u00e0 m\u00e3o. A pintura \u00e9 tamb\u00e9m efectuada \u00e0 m\u00e3o.<br \/>\nUma pe\u00e7a de arte \u00fanica, perfeita para a decora\u00e7\u00e3o que procura.<\/p>\n<p>Feito \u00e0 m\u00e3o<br \/>\nFabricado em Portugal<\/p>\n<p>Dimens\u00f5es:<br \/>\nC - 14 cm, L - 11 cm, A - 0,5 cm<br \/>\nC - 5,5 pol., L - 4,3 pol., A - 0,2 pol.<\/p>\n<p>T\u00eam um orif\u00edcio para pendurar na parede.<br \/>\nAs dimens\u00f5es podem variar ligeiramente.<\/p>","protected":false},"excerpt":{"rendered":"<p>Medium Ceramic Fish These ceramic pieces are unique! From the extraction work, preparation and molding of the clay are done by hand. The painting is also done by hand. A unique piece of art perfect for the decor you are looking for. Artisan Made Made in Portugal Dimensions: L \u2013 14 cm, W \u2013 11 [&hellip;]<\/p>","protected":false},"featured_media":60443,"comment_status":"open","ping_status":"closed","template":"","meta":{"_acf_changed":false},"product_brand":[],"product_cat":[402,1551],"product_tag":[492,395,1008,494,1685,1684,2055,396,1508,493,2054,491,1124],"class_list":{"0":"post-60442","1":"product","2":"type-product","3":"status-publish","4":"has-post-thumbnail","6":"product_cat-pottery","7":"product_cat-fishes","8":"product_tag-ceramic-fish","9":"product_tag-ceramic-painted","10":"product_tag-ceramic-wall-art","11":"product_tag-ceramic-wall-hanging","12":"product_tag-fish-art","13":"product_tag-fish-decor","14":"product_tag-fish-ornament","15":"product_tag-fish-wall-hanging","16":"product_tag-kitchen-wall-hanging","17":"product_tag-outdoor-wall-decor","18":"product_tag-sardine","19":"product_tag-sardine-wall-hanging","20":"product_tag-vintage-ceramic","21":"product_shipping_class-small-package","22":"pa_design-a","23":"pa_design-b","24":"pa_design-c","25":"pa_design-d","27":"first","28":"instock","29":"taxable","30":"shipping-taxable","31":"purchasable","32":"product-type-variable","33":"wvs-archive-product-wrapper"},"acf":[],"gallery_images":[60444,60445,60446,60447,60448,60449,60450,60451,60452],"_links":{"self":[{"href":"https:\/\/www.padaworks.com\/pt\/wp-json\/wp\/v2\/product\/60442","targetHints":{"allow":["GET"]}}],"collection":[{"href":"https:\/\/www.padaworks.com\/pt\/wp-json\/wp\/v2\/product"}],"about":[{"href":"https:\/\/www.padaworks.com\/pt\/wp-json\/wp\/v2\/types\/product"}],"replies":[{"embeddable":true,"href":"https:\/\/www.padaworks.com\/pt\/wp-json\/wp\/v2\/comments?post=60442"}],"wp:featuredmedia":[{"embeddable":true,"href":"https:\/\/www.padaworks.com\/pt\/wp-json\/wp\/v2\/media\/60443"}],"wp:attachment":[{"href":"https:\/\/www.padaworks.com\/pt\/wp-json\/wp\/v2\/media?parent=60442"}],"wp:term":[{"taxonomy":"product_brand","embeddable":true,"href":"https:\/\/www.padaworks.com\/pt\/wp-json\/wp\/v2\/product_brand?post=60442"},{"taxonomy":"product_cat","embeddable":true,"href":"https:\/\/www.padaworks.com\/pt\/wp-json\/wp\/v2\/product_cat?post=60442"},{"taxonomy":"product_tag","embeddable":true,"href":"https:\/\/www.padaworks.com\/pt\/wp-json\/wp\/v2\/product_tag?post=60442"}],"curies":[{"name":"wp","href":"https:\/\/api.w.org\/{rel}","templated":true}]}}