{"id":60273,"date":"2023-08-24T18:46:19","date_gmt":"2023-08-24T18:46:19","guid":{"rendered":"https:\/\/www.padaworks.com\/product\/hand-painted-hanging-plate-handmade-art-ceramic-plate-traditional-ceramic-ceramic-hanging-wall-hanging-ceramic-art-gift-for-mom\/"},"modified":"2026-01-08T12:17:26","modified_gmt":"2026-01-08T12:17:26","slug":"prato-suspenso-pintado-a-mao-prato-de-ceramica-artesanal-prato-de-ceramica-tradicional-ceramica-suspensa-decoracao-de-parede-presente-de-ceramica-para-a-mae","status":"publish","type":"product","link":"https:\/\/www.padaworks.com\/pt\/product\/prato-suspenso-pintado-a-mao-prato-de-ceramica-artesanal-prato-de-ceramica-tradicional-ceramica-suspensa-decoracao-de-parede-presente-de-ceramica-para-a-mae\/","title":{"rendered":"Prato suspenso pintado \u00e0 m\u00e3o"},"content":{"rendered":"<p>Prato suspenso pintado \u00e0 m\u00e3o<\/p>\n<p>Este artigo \u00e9 moldado e pintado \u00e0 m\u00e3o.<br \/>\u00c9 uma obra de arte \u00fanica.<\/p>\n<p>Feito \u00e0 m\u00e3o<br \/>Fabricado em Portugal<\/p>\n<p>Dimens\u00f5es:<br \/>\u00d8 \u2013 33 cm, L \u2013 2 cm<br \/>\u00d8 \u2013 13,0 pol., L \u2013 0,8 pol.<\/p>\n<p>As dimens\u00f5es podem variar ligeiramente.<\/p>","protected":false},"excerpt":{"rendered":"<p>Hand Painted Hanging Plate This item is molded and painted by hand.It is a unique piece of art. Artisan MadeMade in Portugal Dimensions:\u00d8 &#8211; 33 cm, W &#8211; 2 cm\u00d8 &#8211; 13,0 in, W &#8211; 0,8 in The dimensions may vary slightly.<\/p>","protected":false},"featured_media":60274,"comment_status":"open","ping_status":"closed","template":"","meta":{"_acf_changed":false},"product_brand":[],"product_cat":[2727,1799],"product_tag":[2049,1231,395,1008,494,2050,2048,544,1508,493,2051,1682,1124],"class_list":{"0":"post-60273","1":"product","2":"type-product","3":"status-publish","4":"has-post-thumbnail","6":"product_cat-tiles","7":"product_cat-little-treasoures","8":"product_tag-ceramic-chicken","9":"product_tag-ceramic-decor","10":"product_tag-ceramic-painted","11":"product_tag-ceramic-wall-art","12":"product_tag-ceramic-wall-hanging","13":"product_tag-chicken-decor","14":"product_tag-farmhouse-chicken","15":"product_tag-gift-from-portugal","16":"product_tag-kitchen-wall-hanging","17":"product_tag-outdoor-wall-decor","18":"product_tag-plate-hanging","19":"product_tag-portuguese-ceramics","20":"product_tag-vintage-ceramic","21":"product_shipping_class-small-package","23":"first","24":"instock","25":"sale","26":"taxable","27":"shipping-taxable","28":"purchasable","29":"product-type-simple"},"acf":[],"gallery_images":[60275,60276,60277,60278,60279,60280,60281,60282,60283],"_links":{"self":[{"href":"https:\/\/www.padaworks.com\/pt\/wp-json\/wp\/v2\/product\/60273","targetHints":{"allow":["GET"]}}],"collection":[{"href":"https:\/\/www.padaworks.com\/pt\/wp-json\/wp\/v2\/product"}],"about":[{"href":"https:\/\/www.padaworks.com\/pt\/wp-json\/wp\/v2\/types\/product"}],"replies":[{"embeddable":true,"href":"https:\/\/www.padaworks.com\/pt\/wp-json\/wp\/v2\/comments?post=60273"}],"wp:featuredmedia":[{"embeddable":true,"href":"https:\/\/www.padaworks.com\/pt\/wp-json\/wp\/v2\/media\/60274"}],"wp:attachment":[{"href":"https:\/\/www.padaworks.com\/pt\/wp-json\/wp\/v2\/media?parent=60273"}],"wp:term":[{"taxonomy":"product_brand","embeddable":true,"href":"https:\/\/www.padaworks.com\/pt\/wp-json\/wp\/v2\/product_brand?post=60273"},{"taxonomy":"product_cat","embeddable":true,"href":"https:\/\/www.padaworks.com\/pt\/wp-json\/wp\/v2\/product_cat?post=60273"},{"taxonomy":"product_tag","embeddable":true,"href":"https:\/\/www.padaworks.com\/pt\/wp-json\/wp\/v2\/product_tag?post=60273"}],"curies":[{"name":"wp","href":"https:\/\/api.w.org\/{rel}","templated":true}]}}