{"id":60163,"date":"2023-07-29T11:38:53","date_gmt":"2023-07-29T11:38:53","guid":{"rendered":"https:\/\/www.padaworks.com\/product\/large-rug-jute-and-red-rug-100x150cm-jute-rug-living-room-rug-area-rug-hallway-rug-bedroom-rug-rug-for-bedroom-modern-rug\/"},"modified":"2026-03-02T19:12:42","modified_gmt":"2026-03-02T19:12:42","slug":"tapete-grande-de-juta-e-tapete-vermelho-100x150cm-tapete-com-linha-circular","status":"publish","type":"product","link":"https:\/\/www.padaworks.com\/pt\/product\/tapete-grande-de-juta-e-tapete-vermelho-100x150cm-tapete-com-linha-circular\/","title":{"rendered":"Tapete grande de juta e vermelho \u2013 100 x 150 cm \u2013 Tapete Ring Line"},"content":{"rendered":"<p>Tapete grande de juta e vermelho 100 x 150 cm<\/p>\n<p>Este tapete \u00e9 tecido num tear manual com tecidos reutilizados.<br \/>\u00c9 ecol\u00f3gico porque reutiliza a mat\u00e9ria-prima desperdi\u00e7ada pela ind\u00fastria t\u00eaxtil.<br \/>Uma vez que este tapete \u00e9 fabricado com produtos reciclados das ind\u00fastrias t\u00eaxteis, pode haver ligeiras varia\u00e7\u00f5es de cor.<\/p>\n<p>Feito \u00e0 m\u00e3o<br \/>Fabricado em Portugal<\/p>\n<p>Dimens\u00f5es:<br \/>C - 150 cm, L - 100 cm<br \/>C - 59,1 pol., L - 39,4 pol.<br \/>C - 4,9 p\u00e9s, L - 3,3 p\u00e9s<\/p>\n<p>As dimens\u00f5es podem variar ligeiramente.<\/p>","protected":false},"excerpt":{"rendered":"<p>Large Rug Jute and Red Rug 100x150cm This rug is woven in a manual loom with fabrics reused.It is ecological because they reuse raw material wasted by the textil industry.Since this rug is made with recycled products from the textile industries, there may be slight variations in color. Artisan MadeMade in Portugal Dimensions:L &#8211; 150 [&hellip;]<\/p>","protected":false},"featured_media":60164,"comment_status":"open","ping_status":"closed","template":"","meta":{"_acf_changed":false},"product_brand":[],"product_cat":[2729],"product_tag":[2042,477,582,293,420,475,575,1773,296,2041,818,515,295],"class_list":{"0":"post-60163","1":"product","2":"type-product","3":"status-publish","4":"has-post-thumbnail","6":"product_cat-ring-line","7":"product_tag-3x5-jute-rug","8":"product_tag-bedside-rug","9":"product_tag-cotton-carpet","10":"product_tag-cotton-rug","11":"product_tag-handmade-rug","12":"product_tag-handwoven-rug","13":"product_tag-kitchen-rug","14":"product_tag-modern-area-rug","15":"product_tag-recycled-rug","16":"product_tag-red-jute-rug","17":"product_tag-red-rug","18":"product_tag-rugs-for-living-room","19":"product_tag-sustainable-rug","20":"product_shipping_class-small-package","22":"first","23":"instock","24":"taxable","25":"shipping-taxable","26":"purchasable","27":"product-type-simple"},"acf":[],"gallery_images":[60165,60166,60167,60168,60169,60170,60171,60172,60173],"_links":{"self":[{"href":"https:\/\/www.padaworks.com\/pt\/wp-json\/wp\/v2\/product\/60163","targetHints":{"allow":["GET"]}}],"collection":[{"href":"https:\/\/www.padaworks.com\/pt\/wp-json\/wp\/v2\/product"}],"about":[{"href":"https:\/\/www.padaworks.com\/pt\/wp-json\/wp\/v2\/types\/product"}],"replies":[{"embeddable":true,"href":"https:\/\/www.padaworks.com\/pt\/wp-json\/wp\/v2\/comments?post=60163"}],"wp:featuredmedia":[{"embeddable":true,"href":"https:\/\/www.padaworks.com\/pt\/wp-json\/wp\/v2\/media\/60164"}],"wp:attachment":[{"href":"https:\/\/www.padaworks.com\/pt\/wp-json\/wp\/v2\/media?parent=60163"}],"wp:term":[{"taxonomy":"product_brand","embeddable":true,"href":"https:\/\/www.padaworks.com\/pt\/wp-json\/wp\/v2\/product_brand?post=60163"},{"taxonomy":"product_cat","embeddable":true,"href":"https:\/\/www.padaworks.com\/pt\/wp-json\/wp\/v2\/product_cat?post=60163"},{"taxonomy":"product_tag","embeddable":true,"href":"https:\/\/www.padaworks.com\/pt\/wp-json\/wp\/v2\/product_tag?post=60163"}],"curies":[{"name":"wp","href":"https:\/\/api.w.org\/{rel}","templated":true}]}}