{"id":60152,"date":"2023-07-29T10:44:50","date_gmt":"2023-07-29T10:44:50","guid":{"rendered":"https:\/\/www.padaworks.com\/product\/super-large-handmade-hat\/"},"modified":"2026-04-15T21:16:46","modified_gmt":"2026-04-15T21:16:46","slug":"chapeu-super-grande-feito-a-mao","status":"publish","type":"product","link":"https:\/\/www.padaworks.com\/pt\/product\/chapeu-super-grande-feito-a-mao\/","title":{"rendered":"Chap\u00e9u super grande feito \u00e0 m\u00e3o"},"content":{"rendered":"<p>Chap\u00e9u super grande feito \u00e0 m\u00e3o<\/p>\n<p>Feito \u00e0 m\u00e3o<br \/>Fabricado em Portugal<\/p>\n<p>Tamanho \u2013 56 cm \/ 58 cm; 21,7 pol. \/ 22,8 pol.<br \/>Di\u00e2metro total - 60 cm; 23,6 in<br \/>H - 8 cm; 3,1 in<\/p>\n<p>As dimens\u00f5es podem variar ligeiramente.<\/p>","protected":false},"excerpt":{"rendered":"<p>Super Large Handmade Hat Artisan MadeMade in Portugal Size &#8211; 56 cm \/ 58 cm; 21,7 in \/ 22,8 inFull Diameter &#8211; 60 cm; 23,6 inH &#8211; 8 cm; 3,1 in The dimensions may vary slightly.<\/p>","protected":false},"featured_media":60153,"comment_status":"open","ping_status":"open","template":"","meta":{"_acf_changed":false},"product_brand":[],"product_cat":[1546],"product_tag":[744,734,740,1919,1922,741,2034,2035,2037,750,739,1133,2036],"class_list":{"0":"post-60152","1":"product","2":"type-product","3":"status-publish","4":"has-post-thumbnail","6":"product_cat-hats-accessories","7":"product_tag-beach-hat","8":"product_tag-boater-hat","9":"product_tag-bucket-hat","10":"product_tag-cowgirl-hat","11":"product_tag-easter-hat","12":"product_tag-fashion-hat","13":"product_tag-hat-for-women","14":"product_tag-large-hat","15":"product_tag-luffy-straw-hat","16":"product_tag-straw-beach-hat","17":"product_tag-vintage-hat","18":"product_tag-wedding-hat","19":"product_tag-wide-brim-straw-hat","20":"product_shipping_class-small-package","22":"first","23":"instock","24":"taxable","25":"shipping-taxable","26":"purchasable","27":"product-type-simple"},"acf":[],"gallery_images":[60154,60155,60156,60157,60158,60159,60160,60161,60162],"_links":{"self":[{"href":"https:\/\/www.padaworks.com\/pt\/wp-json\/wp\/v2\/product\/60152","targetHints":{"allow":["GET"]}}],"collection":[{"href":"https:\/\/www.padaworks.com\/pt\/wp-json\/wp\/v2\/product"}],"about":[{"href":"https:\/\/www.padaworks.com\/pt\/wp-json\/wp\/v2\/types\/product"}],"replies":[{"embeddable":true,"href":"https:\/\/www.padaworks.com\/pt\/wp-json\/wp\/v2\/comments?post=60152"}],"wp:featuredmedia":[{"embeddable":true,"href":"https:\/\/www.padaworks.com\/pt\/wp-json\/wp\/v2\/media\/60153"}],"wp:attachment":[{"href":"https:\/\/www.padaworks.com\/pt\/wp-json\/wp\/v2\/media?parent=60152"}],"wp:term":[{"taxonomy":"product_brand","embeddable":true,"href":"https:\/\/www.padaworks.com\/pt\/wp-json\/wp\/v2\/product_brand?post=60152"},{"taxonomy":"product_cat","embeddable":true,"href":"https:\/\/www.padaworks.com\/pt\/wp-json\/wp\/v2\/product_cat?post=60152"},{"taxonomy":"product_tag","embeddable":true,"href":"https:\/\/www.padaworks.com\/pt\/wp-json\/wp\/v2\/product_tag?post=60152"}],"curies":[{"name":"wp","href":"https:\/\/api.w.org\/{rel}","templated":true}]}}