{"id":60147,"date":"2023-07-07T23:09:02","date_gmt":"2023-07-07T23:09:02","guid":{"rendered":"https:\/\/www.padaworks.com\/product\/mini-wooden-bird-cage-miniature-rustic-cage-bird-house-love-your-bird-handmade-cage\/"},"modified":"2026-02-16T15:17:33","modified_gmt":"2026-02-16T15:17:33","slug":"mini-gaiola-de-madeira-para-passaros-miniatura-rustica-gaiola-casa-para-passaros-ame-o-seu-passaro-gaiola-artesanal","status":"publish","type":"product","link":"https:\/\/www.padaworks.com\/pt\/product\/mini-gaiola-de-madeira-para-passaros-miniatura-rustica-gaiola-casa-para-passaros-ame-o-seu-passaro-gaiola-artesanal\/","title":{"rendered":"Mini gaiola de madeira para p\u00e1ssaros"},"content":{"rendered":"<p>Mini gaiola de madeira para p\u00e1ssaros<\/p>\n<p>Esta mini gaiola \u00e9 toda feita \u00e0 m\u00e3o com madeira reutilizada.<br \/>Esta madeira \u00e9 recolhida em centros de recolha de res\u00edduos e transformada nesta bonita mini gaiola.<\/p>\n<p>Dimens\u00f5es :<br \/>C \u2013 9,5 cm, L \u2013 6 cm, A \u2013 8,5 cm<br \/>L \u2013 3,7 pol., L \u2013 2,4 pol., A \u2013 3,3 pol.<\/p>\n<p>As dimens\u00f5es podem variar ligeiramente.<\/p>","protected":false},"excerpt":{"rendered":"<p>Mini Wooden Bird Cage This mini cage is all handmade with reused wood.This wood is collected from waste centers and transformed into this beautiful mini cage. Dimensions :L &#8211; 9,5 cm, W &#8211; 6 cm, H &#8211; 8,5 cmL &#8211; 3,7 in, W &#8211; 2,4 in, H &#8211; 3,3 in The dimensions may vary slightly.<\/p>","protected":false},"featured_media":60148,"comment_status":"open","ping_status":"closed","template":"","meta":{"_acf_changed":false},"product_brand":[],"product_cat":[509,132],"product_tag":[570,567,507,565,561,638,571,506,501,508,2033,505,558],"class_list":{"0":"post-60147","1":"product","2":"type-product","3":"status-publish","4":"has-post-thumbnail","6":"product_cat-pet-supplies","7":"product_cat-bird-cages","8":"product_tag-antique-bird-cage","9":"product_tag-aviary-cage","10":"product_tag-bird-cage-decor","11":"product_tag-bird-cage-wood","12":"product_tag-birds-cage","13":"product_tag-birthday-gift","14":"product_tag-decorative-bird-cage","15":"product_tag-father-gift","16":"product_tag-finch-cage","17":"product_tag-gift-for-pet-bird","18":"product_tag-miniature-decoration","19":"product_tag-vintage-bird-cage","20":"product_tag-wooden-cage","21":"product_shipping_class-large-package","23":"first","24":"instock","25":"taxable","26":"shipping-taxable","27":"purchasable","28":"product-type-simple"},"acf":[],"gallery_images":[60149,60150,60151],"_links":{"self":[{"href":"https:\/\/www.padaworks.com\/pt\/wp-json\/wp\/v2\/product\/60147","targetHints":{"allow":["GET"]}}],"collection":[{"href":"https:\/\/www.padaworks.com\/pt\/wp-json\/wp\/v2\/product"}],"about":[{"href":"https:\/\/www.padaworks.com\/pt\/wp-json\/wp\/v2\/types\/product"}],"replies":[{"embeddable":true,"href":"https:\/\/www.padaworks.com\/pt\/wp-json\/wp\/v2\/comments?post=60147"}],"wp:featuredmedia":[{"embeddable":true,"href":"https:\/\/www.padaworks.com\/pt\/wp-json\/wp\/v2\/media\/60148"}],"wp:attachment":[{"href":"https:\/\/www.padaworks.com\/pt\/wp-json\/wp\/v2\/media?parent=60147"}],"wp:term":[{"taxonomy":"product_brand","embeddable":true,"href":"https:\/\/www.padaworks.com\/pt\/wp-json\/wp\/v2\/product_brand?post=60147"},{"taxonomy":"product_cat","embeddable":true,"href":"https:\/\/www.padaworks.com\/pt\/wp-json\/wp\/v2\/product_cat?post=60147"},{"taxonomy":"product_tag","embeddable":true,"href":"https:\/\/www.padaworks.com\/pt\/wp-json\/wp\/v2\/product_tag?post=60147"}],"curies":[{"name":"wp","href":"https:\/\/api.w.org\/{rel}","templated":true}]}}