{"id":60078,"date":"2023-06-24T09:57:36","date_gmt":"2023-06-24T09:57:36","guid":{"rendered":"https:\/\/www.padaworks.com\/product\/medium-rectangular-banneton-bread-basket-wicker-basket-proofing-basket-handmade-basket-baking-bread-bread-gifts-bread-lovers\/"},"modified":"2026-02-20T23:51:55","modified_gmt":"2026-02-20T23:51:55","slug":"cesto-de-pao-retangular-medio-cesto-de-vime-cesto-de-fermentacao-cesto-artesanal-panificacao-pao-presentes-para-pao-amantes-do-pao","status":"publish","type":"product","link":"https:\/\/www.padaworks.com\/pt\/product\/cesto-de-pao-retangular-medio-cesto-de-vime-cesto-de-fermentacao-cesto-artesanal-panificacao-pao-presentes-para-pao-amantes-do-pao\/","title":{"rendered":"Canh\u00e3o Retangular - M\u00e9dio"},"content":{"rendered":"<p>Banneton retangular<br \/>Tamanho m\u00e9dio<\/p>\n<p>Com este belo cesto feito \u00e0 m\u00e3o, fa\u00e7a o p\u00e3o redondo ideal para a sua fam\u00edlia e amigos!<br \/>Se gosta de fazer p\u00e3o e ainda n\u00e3o come\u00e7ou, esta \u00e9 a altura certa para comprar o seu primeiro cesto de fermenta\u00e7\u00e3o.<br \/>Com o di\u00e2metro deste cesto para p\u00e3o poder\u00e1 colocar uma massa entre 800g e 1000g.<br \/>O cesto tem um forro feito \u00e0 m\u00e3o e \u00e9 de algod\u00e3o 100%. Pode ser lavado sempre que necess\u00e1rio.<\/p>\n<p>Feito \u00e0 m\u00e3o<br \/>Fabricado em Portugal<\/p>\n<p>Dimens\u00f5es:<br \/>C \u2013 29 cm, L \u2013 10 cm, A \u2013 9 cm<br \/>L \u2013 28,9 cm, L \u2013 9,9 cm, A \u2013 8,9 cm<\/p>\n<p>As dimens\u00f5es podem variar ligeiramente.<\/p>","protected":false},"excerpt":{"rendered":"<p>Rectangular BannetonMedium Size With this beautiful handmade basket, make the ideal round bread for your family and friends!If you enjoy making bread and haven&#8217;t started yet, this is the right time to buy your first fermentation basket.With the diameter of this bread basket you will be able to place a dough between 800g and 1000g.The [&hellip;]<\/p>","protected":false},"featured_media":60079,"comment_status":"open","ping_status":"open","template":"","meta":{"_acf_changed":false},"product_brand":[],"product_cat":[2720,2721],"product_tag":[1910,1883,1911,1895,1892,1893,1890,1887,1001,1889,1884,1888,1912],"class_list":{"0":"post-60078","1":"product","2":"type-product","3":"status-publish","4":"has-post-thumbnail","6":"product_cat-kitchen-storage","7":"product_cat-decorative","8":"product_tag-artisan-bread","9":"product_tag-banneton","10":"product_tag-banneton-basket","11":"product_tag-bread-bakers","12":"product_tag-bread-basket-linens","13":"product_tag-bread-basket-liner","14":"product_tag-bread-proof-basket","15":"product_tag-cloth-lined-basket","16":"product_tag-farmhouse-kitchen","17":"product_tag-proof-basket","18":"product_tag-proving-basket","19":"product_tag-round-banneton","20":"product_tag-wicker-bread-basket","21":"product_shipping_class-recessables","23":"first","24":"instock","25":"sale","26":"taxable","27":"shipping-taxable","28":"purchasable","29":"product-type-simple"},"acf":[],"gallery_images":[60080,60081,60082,60083,60084,60085],"_links":{"self":[{"href":"https:\/\/www.padaworks.com\/pt\/wp-json\/wp\/v2\/product\/60078","targetHints":{"allow":["GET"]}}],"collection":[{"href":"https:\/\/www.padaworks.com\/pt\/wp-json\/wp\/v2\/product"}],"about":[{"href":"https:\/\/www.padaworks.com\/pt\/wp-json\/wp\/v2\/types\/product"}],"replies":[{"embeddable":true,"href":"https:\/\/www.padaworks.com\/pt\/wp-json\/wp\/v2\/comments?post=60078"}],"wp:featuredmedia":[{"embeddable":true,"href":"https:\/\/www.padaworks.com\/pt\/wp-json\/wp\/v2\/media\/60079"}],"wp:attachment":[{"href":"https:\/\/www.padaworks.com\/pt\/wp-json\/wp\/v2\/media?parent=60078"}],"wp:term":[{"taxonomy":"product_brand","embeddable":true,"href":"https:\/\/www.padaworks.com\/pt\/wp-json\/wp\/v2\/product_brand?post=60078"},{"taxonomy":"product_cat","embeddable":true,"href":"https:\/\/www.padaworks.com\/pt\/wp-json\/wp\/v2\/product_cat?post=60078"},{"taxonomy":"product_tag","embeddable":true,"href":"https:\/\/www.padaworks.com\/pt\/wp-json\/wp\/v2\/product_tag?post=60078"}],"curies":[{"name":"wp","href":"https:\/\/api.w.org\/{rel}","templated":true}]}}