{"id":59935,"date":"2023-06-14T16:15:12","date_gmt":"2023-06-14T16:15:12","guid":{"rendered":"https:\/\/www.padaworks.com\/product\/large-cream-and-green-bag-textured-bag-rustic-bag-cotton-bag-market-bag-beach-tote-bag-bohemian-bag-summer-bag-fabric-bag\/"},"modified":"2026-01-08T12:21:12","modified_gmt":"2026-01-08T12:21:12","slug":"bolsa-grande-creme-e-verde-bolsa-texturizada-bolsa-rustica-bolsa-de-algodao-bolsa-de-mercado-bolsa-de-praia-bolsa-boemia-bolsa-de-verao-bolsa-de-tecido","status":"publish","type":"product","link":"https:\/\/www.padaworks.com\/pt\/product\/bolsa-grande-creme-e-verde-bolsa-texturizada-bolsa-rustica-bolsa-de-algodao-bolsa-de-mercado-bolsa-de-praia-bolsa-boemia-bolsa-de-verao-bolsa-de-tecido\/","title":{"rendered":"Mala grande em creme e verde"},"content":{"rendered":"<p>Mala grande em creme e verde<\/p>\n<p>Esta bolsa \u00e9 tecida num tear manual com tecidos reutilizados.<br \/>\u00c9 ecol\u00f3gico porque reutiliza mat\u00e9ria-prima desperdi\u00e7ada pela ind\u00fastria t\u00eaxtil.<br \/>Pode ser lavado a frio ou a 30 \u00b0C.<\/p>\n<p>Feito \u00e0 m\u00e3o<br \/>Fabricado em Portugal<\/p>\n<p>Dimens\u00f5es:<br \/>C \u2013 50 cm, L \u2013 10 cm, A \u2013 37 cm, A com al\u00e7a \u2013 65 cm<br \/>C \u2013 50 cm, L \u2013 10 cm, A \u2013 37 cm, A com pega \u2013 65 cm<\/p>\n<p>As dimens\u00f5es podem variar ligeiramente.<\/p>","protected":false},"excerpt":{"rendered":"<p>Large Cream and Green Bag This bag is woven in a manual loom with fabrics reused.It is eco friendly because they reuse raw material wasted by the textil industry.Can be washed cold or at 30\u00b0C. Artisan MadeMade in Portugal Dimensions:L &#8211; 50 cm, W &#8211; 10 cm, H &#8211; 37 cm, H with handle &#8211; [&hellip;]<\/p>","protected":false},"featured_media":59936,"comment_status":"open","ping_status":"closed","template":"","meta":{"_acf_changed":false},"product_brand":[],"product_cat":[2739],"product_tag":[363,381,887,479,1990,599,351,476,1991,759,303,1978,384],"class_list":{"0":"post-59935","1":"product","2":"type-product","3":"status-publish","4":"has-post-thumbnail","6":"product_cat-fabric-bags","7":"product_tag-beach-bag","8":"product_tag-boho-bag","9":"product_tag-eco-friendly-bag","10":"product_tag-gift-for-her","11":"product_tag-green-bag","12":"product_tag-handmade-bag","13":"product_tag-hippie-bag","14":"product_tag-recycled-rugs","15":"product_tag-rug-bag","16":"product_tag-shopping-bag","17":"product_tag-summer-bag","18":"product_tag-tapestry-bag","19":"product_tag-tote-bag","20":"product_shipping_class-small-package","22":"first","23":"instock","24":"taxable","25":"shipping-taxable","26":"purchasable","27":"product-type-simple"},"acf":[],"gallery_images":[59937,59938,59939,59940,59941,59942,59943,59944,59945],"_links":{"self":[{"href":"https:\/\/www.padaworks.com\/pt\/wp-json\/wp\/v2\/product\/59935","targetHints":{"allow":["GET"]}}],"collection":[{"href":"https:\/\/www.padaworks.com\/pt\/wp-json\/wp\/v2\/product"}],"about":[{"href":"https:\/\/www.padaworks.com\/pt\/wp-json\/wp\/v2\/types\/product"}],"replies":[{"embeddable":true,"href":"https:\/\/www.padaworks.com\/pt\/wp-json\/wp\/v2\/comments?post=59935"}],"wp:featuredmedia":[{"embeddable":true,"href":"https:\/\/www.padaworks.com\/pt\/wp-json\/wp\/v2\/media\/59936"}],"wp:attachment":[{"href":"https:\/\/www.padaworks.com\/pt\/wp-json\/wp\/v2\/media?parent=59935"}],"wp:term":[{"taxonomy":"product_brand","embeddable":true,"href":"https:\/\/www.padaworks.com\/pt\/wp-json\/wp\/v2\/product_brand?post=59935"},{"taxonomy":"product_cat","embeddable":true,"href":"https:\/\/www.padaworks.com\/pt\/wp-json\/wp\/v2\/product_cat?post=59935"},{"taxonomy":"product_tag","embeddable":true,"href":"https:\/\/www.padaworks.com\/pt\/wp-json\/wp\/v2\/product_tag?post=59935"}],"curies":[{"name":"wp","href":"https:\/\/api.w.org\/{rel}","templated":true}]}}