{"id":59915,"date":"2023-06-14T15:17:11","date_gmt":"2023-06-14T15:17:11","guid":{"rendered":"https:\/\/www.padaworks.com\/product\/large-reusable-bag-textured-bag-beach-bag-boho-bag-market-bag-summer-bag-grocery-bag-handbags-eco-friendly-bag-unique-bag\/"},"modified":"2025-11-21T16:05:38","modified_gmt":"2025-11-21T16:05:38","slug":"saco-grande-reutilizavel-saco-texturado-saco-de-praia-saco-boho-saco-de-mercado-saco-de-verao-saco-de-compras-bolsas-saco-ecologico-saco-exclusivo","status":"publish","type":"product","link":"https:\/\/www.padaworks.com\/pt\/product\/saco-grande-reutilizavel-saco-texturado-saco-de-praia-saco-boho-saco-de-mercado-saco-de-verao-saco-de-compras-bolsas-saco-ecologico-saco-exclusivo\/","title":{"rendered":"Mala grande reutiliz\u00e1vel"},"content":{"rendered":"<p>Mala grande reutiliz\u00e1vel<\/p>\n<p>Esta bolsa \u00e9 tecida num tear manual com tecidos reutilizados.<br \/>\n\u00c9 ecol\u00f3gico porque reutiliza mat\u00e9ria-prima desperdi\u00e7ada pela ind\u00fastria t\u00eaxtil.<br \/>\nPode ser lavado a frio ou a 30 \u00b0C.<\/p>\n<p>Feito \u00e0 m\u00e3o<br \/>\nFabricado em Portugal<\/p>\n<p>Dimens\u00f5es:<br \/>\nC \u2013 43 cm, L \u2013 10 cm, A \u2013 40 cm, A com al\u00e7a \u2013 70 cm<br \/>\nC \u2013 43 cm, L \u2013 10 cm, A \u2013 40 cm, A com pega \u2013 65 cm<\/p>\n<p>As dimens\u00f5es podem variar ligeiramente.<\/p>","protected":false},"excerpt":{"rendered":"<p>Large Reusable Bag This bag is woven in a manual loom with fabrics reused. It is eco friendly because they reuse raw material wasted by the textil industry. Can be washed cold or at 30\u00b0C. Artisan Made Made in Portugal Dimensions: L \u2013 43 cm, W \u2013 10 cm, H \u2013 40 cm, H with [&hellip;]<\/p>","protected":false},"featured_media":59916,"comment_status":"open","ping_status":"closed","template":"","meta":{"_acf_changed":false},"product_brand":[],"product_cat":[2739],"product_tag":[1983,598,1023,351,1981,1982,781,1264,389,1978,384,828,1445],"class_list":{"0":"post-59915","1":"product","2":"type-product","3":"status-publish","4":"has-post-thumbnail","6":"product_cat-fabric-bags","7":"product_tag-design-bag","8":"product_tag-gift-bag","9":"product_tag-gift-for-mom","10":"product_tag-hippie-bag","11":"product_tag-jute-bag","12":"product_tag-nurse-bag","13":"product_tag-reusable-bag","14":"product_tag-reusable-grocery-bag","15":"product_tag-shoulder-bag","16":"product_tag-tapestry-bag","17":"product_tag-tote-bag","18":"product_tag-vintage-bag","19":"product_tag-woven-bag","20":"product_shipping_class-small-package","22":"first","23":"instock","24":"taxable","25":"shipping-taxable","26":"purchasable","27":"product-type-simple"},"acf":[],"gallery_images":[59917,59918,59919,59920,59921,59922,59923],"_links":{"self":[{"href":"https:\/\/www.padaworks.com\/pt\/wp-json\/wp\/v2\/product\/59915","targetHints":{"allow":["GET"]}}],"collection":[{"href":"https:\/\/www.padaworks.com\/pt\/wp-json\/wp\/v2\/product"}],"about":[{"href":"https:\/\/www.padaworks.com\/pt\/wp-json\/wp\/v2\/types\/product"}],"replies":[{"embeddable":true,"href":"https:\/\/www.padaworks.com\/pt\/wp-json\/wp\/v2\/comments?post=59915"}],"wp:featuredmedia":[{"embeddable":true,"href":"https:\/\/www.padaworks.com\/pt\/wp-json\/wp\/v2\/media\/59916"}],"wp:attachment":[{"href":"https:\/\/www.padaworks.com\/pt\/wp-json\/wp\/v2\/media?parent=59915"}],"wp:term":[{"taxonomy":"product_brand","embeddable":true,"href":"https:\/\/www.padaworks.com\/pt\/wp-json\/wp\/v2\/product_brand?post=59915"},{"taxonomy":"product_cat","embeddable":true,"href":"https:\/\/www.padaworks.com\/pt\/wp-json\/wp\/v2\/product_cat?post=59915"},{"taxonomy":"product_tag","embeddable":true,"href":"https:\/\/www.padaworks.com\/pt\/wp-json\/wp\/v2\/product_tag?post=59915"}],"curies":[{"name":"wp","href":"https:\/\/api.w.org\/{rel}","templated":true}]}}