{"id":59905,"date":"2023-06-14T14:58:38","date_gmt":"2023-06-14T14:58:38","guid":{"rendered":"https:\/\/www.padaworks.com\/product\/large-bag-tapestry-handmade-bag-colorful-bag-unique-bag-market-bag-summer-bag-beach-bag-large-tote-bag-reusable-shopping-bag\/"},"modified":"2026-01-08T12:21:32","modified_gmt":"2026-01-08T12:21:32","slug":"saco-grande-tapecaria-saco-feito-a-mao-saco-colorido-saco-unico-saco-mercado-saco-verao-saco-praia-saco-grande-tote-saco-reutilizavel-saco-de-compras","status":"publish","type":"product","link":"https:\/\/www.padaworks.com\/pt\/product\/saco-grande-tapecaria-saco-feito-a-mao-saco-colorido-saco-unico-saco-mercado-saco-verao-saco-praia-saco-grande-tote-saco-reutilizavel-saco-de-compras\/","title":{"rendered":"Tape\u00e7aria de saco grande"},"content":{"rendered":"<p>Tape\u00e7aria de saco grande<\/p>\n<p>Esta bolsa \u00e9 tecida num tear manual com tecidos reutilizados.<br \/>\u00c9 ecol\u00f3gico porque reutiliza mat\u00e9ria-prima desperdi\u00e7ada pela ind\u00fastria t\u00eaxtil.<br \/>Pode ser lavado a frio ou a 30 \u00b0C.<\/p>\n<p>Feito \u00e0 m\u00e3o<br \/>Fabricado em Portugal<\/p>\n<p>Dimens\u00f5es:<br \/>C \u2013 43 cm, L \u2013 10 cm, A \u2013 40 cm, A com al\u00e7a \u2013 70 cm<br \/>C \u2013 43 cm, L \u2013 10 cm, A \u2013 40 cm, A com pega \u2013 65 cm<\/p>\n<p>As dimens\u00f5es podem variar ligeiramente.<\/p>","protected":false},"excerpt":{"rendered":"<p>Large Bag Tapestry This bag is woven in a manual loom with fabrics reused.It is eco friendly because they reuse raw material wasted by the textil industry.Can be washed cold or at 30\u00b0C. Artisan MadeMade in Portugal Dimensions:L &#8211; 43 cm, W &#8211; 10 cm, H &#8211; 40 cm, H with handle &#8211; 70 cmL [&hellip;]<\/p>","protected":false},"featured_media":59906,"comment_status":"open","ping_status":"closed","template":"","meta":{"_acf_changed":false},"product_brand":[],"product_cat":[2739],"product_tag":[1979,357,1977,1980,1976,598,351,476,389,1978,1975,384,1445],"class_list":{"0":"post-59905","1":"product","2":"type-product","3":"status-publish","4":"has-post-thumbnail","6":"product_cat-fabric-bags","7":"product_tag-aesthetic-bag","8":"product_tag-beach-tote-bag","9":"product_tag-canvas-tote-bag","10":"product_tag-cotton-bag","11":"product_tag-fabric-bag","12":"product_tag-gift-bag","13":"product_tag-hippie-bag","14":"product_tag-recycled-rugs","15":"product_tag-shoulder-bag","16":"product_tag-tapestry-bag","17":"product_tag-the-tote-bag","18":"product_tag-tote-bag","19":"product_tag-woven-bag","20":"product_shipping_class-small-package","22":"first","23":"instock","24":"taxable","25":"shipping-taxable","26":"purchasable","27":"product-type-simple"},"acf":[],"gallery_images":[59907,59908,59909,59910,59911,59912,59913,59914],"_links":{"self":[{"href":"https:\/\/www.padaworks.com\/pt\/wp-json\/wp\/v2\/product\/59905","targetHints":{"allow":["GET"]}}],"collection":[{"href":"https:\/\/www.padaworks.com\/pt\/wp-json\/wp\/v2\/product"}],"about":[{"href":"https:\/\/www.padaworks.com\/pt\/wp-json\/wp\/v2\/types\/product"}],"replies":[{"embeddable":true,"href":"https:\/\/www.padaworks.com\/pt\/wp-json\/wp\/v2\/comments?post=59905"}],"wp:featuredmedia":[{"embeddable":true,"href":"https:\/\/www.padaworks.com\/pt\/wp-json\/wp\/v2\/media\/59906"}],"wp:attachment":[{"href":"https:\/\/www.padaworks.com\/pt\/wp-json\/wp\/v2\/media?parent=59905"}],"wp:term":[{"taxonomy":"product_brand","embeddable":true,"href":"https:\/\/www.padaworks.com\/pt\/wp-json\/wp\/v2\/product_brand?post=59905"},{"taxonomy":"product_cat","embeddable":true,"href":"https:\/\/www.padaworks.com\/pt\/wp-json\/wp\/v2\/product_cat?post=59905"},{"taxonomy":"product_tag","embeddable":true,"href":"https:\/\/www.padaworks.com\/pt\/wp-json\/wp\/v2\/product_tag?post=59905"}],"curies":[{"name":"wp","href":"https:\/\/api.w.org\/{rel}","templated":true}]}}