{"id":59869,"date":"2023-06-12T15:29:34","date_gmt":"2023-06-12T15:29:34","guid":{"rendered":"https:\/\/www.padaworks.com\/product\/reed-summer-bag-straw-bag-straw-basket-summer-bag-cute-bag-straw-handbag-straw-beach-bag-bohemian-basket-vintage-basket-bag-2\/"},"modified":"2026-02-20T23:51:41","modified_gmt":"2026-02-20T23:51:41","slug":"saco-de-cana-colorido-medio-36cm","status":"publish","type":"product","link":"https:\/\/www.padaworks.com\/pt\/product\/saco-de-cana-colorido-medio-36cm\/","title":{"rendered":"Saco m\u00e9dio de junco colorido - 36cm"},"content":{"rendered":"<p>Saco m\u00e9dio de junco colorido - 36cm<\/p>\n<p>Saco de cesto m\u00e9dio em cana com pegas em vime. Materiais naturais e sustent\u00e1veis. O padr\u00e3o reflecte as cores naturais do junco e as cores vermelho, verde, roxo e amarelo.<br \/>\nSaco de cesto feito \u00e0 m\u00e3o.<\/p>\n<p>Feito \u00e0 m\u00e3o<br \/>\nFeito em Portugal com produtos portugueses, dedica\u00e7\u00e3o e amor!!<\/p>\n<p>Dimens\u00f5es:<br \/>\nC - 36 cm, L - 21 cm, A - 23 cm<br \/>\nC - 14,2 pol., L - 8,3 pol., A - 9,1 pol.<\/p>\n<p>As dimens\u00f5es podem variar ligeiramente.<\/p>","protected":false},"excerpt":{"rendered":"<p>Medium Colorful Reed Bag &#8211; 36cm Basket bag medium made of reed with wicker handles. Natural and sustainable materials. The pattern reflects the natural colors of reed and the colors red, green, purple and yellow. Handmade basket bag. Artisan Made Made in Portugal with portuguese products, dedication and love!! Dimensions: L &#8211; 36 cm, W [&hellip;]<\/p>","protected":false},"featured_media":59870,"comment_status":"open","ping_status":"closed","template":"","meta":{"_acf_changed":false},"product_brand":[],"product_cat":[2736],"product_tag":[302,1916,363,823,455,454,351,460,348,355,347,379,1445],"class_list":{"0":"post-59869","1":"product","2":"type-product","3":"status-publish","4":"has-post-thumbnail","6":"product_cat-reed-bags","7":"product_tag-basket-bag","8":"product_tag-basket-purse","9":"product_tag-beach-bag","10":"product_tag-bohemian-bag","11":"product_tag-flower-girl-basket","12":"product_tag-handbag-basket","13":"product_tag-hippie-bag","14":"product_tag-straw-bag-flowers","15":"product_tag-straw-basket-bag","16":"product_tag-straw-market-bag","17":"product_tag-straw-purse","18":"product_tag-summer-basket","19":"product_tag-woven-bag","20":"product_shipping_class-small-package","22":"first","23":"instock","24":"taxable","25":"shipping-taxable","26":"purchasable","27":"product-type-simple"},"acf":[],"gallery_images":[59871,59872,59873,59874,59875,59876,59877,59878,59879],"_links":{"self":[{"href":"https:\/\/www.padaworks.com\/pt\/wp-json\/wp\/v2\/product\/59869","targetHints":{"allow":["GET"]}}],"collection":[{"href":"https:\/\/www.padaworks.com\/pt\/wp-json\/wp\/v2\/product"}],"about":[{"href":"https:\/\/www.padaworks.com\/pt\/wp-json\/wp\/v2\/types\/product"}],"replies":[{"embeddable":true,"href":"https:\/\/www.padaworks.com\/pt\/wp-json\/wp\/v2\/comments?post=59869"}],"wp:featuredmedia":[{"embeddable":true,"href":"https:\/\/www.padaworks.com\/pt\/wp-json\/wp\/v2\/media\/59870"}],"wp:attachment":[{"href":"https:\/\/www.padaworks.com\/pt\/wp-json\/wp\/v2\/media?parent=59869"}],"wp:term":[{"taxonomy":"product_brand","embeddable":true,"href":"https:\/\/www.padaworks.com\/pt\/wp-json\/wp\/v2\/product_brand?post=59869"},{"taxonomy":"product_cat","embeddable":true,"href":"https:\/\/www.padaworks.com\/pt\/wp-json\/wp\/v2\/product_cat?post=59869"},{"taxonomy":"product_tag","embeddable":true,"href":"https:\/\/www.padaworks.com\/pt\/wp-json\/wp\/v2\/product_tag?post=59869"}],"curies":[{"name":"wp","href":"https:\/\/api.w.org\/{rel}","templated":true}]}}