{"id":59798,"date":"2023-06-12T11:52:06","date_gmt":"2023-06-12T11:52:06","guid":{"rendered":"https:\/\/www.padaworks.com\/product\/the-beautiful-bird-house-vintage-cage-rustic-cage-canary-cage-bird-house-parakeet-cage-love-your-bird-bird-home-handmade-cage\/"},"modified":"2025-11-19T09:23:05","modified_gmt":"2025-11-19T09:23:05","slug":"a-bela-casa-de-passaros-gaiola-vintage-gaiola-rustica-gaiola-canario-gaiola-de-passaros-gaiola-periquito-ame-o-seu-passaro-gaiola-feita-a-mao","status":"publish","type":"product","link":"https:\/\/www.padaworks.com\/pt\/product\/a-bela-casa-de-passaros-gaiola-vintage-gaiola-rustica-gaiola-canario-gaiola-de-passaros-gaiola-periquito-ame-o-seu-passaro-gaiola-feita-a-mao\/","title":{"rendered":"A bela casa para p\u00e1ssaros"},"content":{"rendered":"<p>A bela casa para p\u00e1ssaros<\/p>\n<p>Ofere\u00e7a ao seu ador\u00e1vel p\u00e1ssaro uma gaiola nova e grande, com um design atraente que pode facilmente acrescentar \u00e0 decora\u00e7\u00e3o da sua casa.<br \/>Esta gaiola \u00e9 toda feita \u00e0 m\u00e3o com madeira reutilizada.<br \/>Esta madeira \u00e9 recolhida nos centros de res\u00edduos e transformada nesta bela gaiola.<\/p>\n<p>Carater\u00edsticas da gaiola:<br \/>- Uma porta da frente com mola e uma fechadura<br \/>- Dois tabuleiros de madeira para alimenta\u00e7\u00e3o, um de cada lado<br \/>- Uma gaveta de res\u00edduos com uma fechadura para facilitar a limpeza do ch\u00e3o da gaiola<br \/>- Um anel no topo da gaiola para pendurar<\/p>\n<p>Feito \u00e0 m\u00e3o<br \/>Fabricado em Portugal<\/p>\n<p>Dimens\u00f5es:<br \/>C - 64 cm, L - 33 cm, A - 54 cm<br \/>C - 25,2 pol., L - 13,0 pol., A - 21,3 pol.<\/p>\n<p>Espa\u00e7amento entre fios - 1,1 cm; 0,4 in<\/p>\n<p>Este produto \u00e9 cuidadosamente embalado para garantir que chega em boas condi\u00e7\u00f5es \u00e0 sua casa.<br \/>As dimens\u00f5es podem variar ligeiramente.<\/p>","protected":false},"excerpt":{"rendered":"<p>The Beautiful Bird House Give to your lovely bird a new and large cage, with one attractive designe that you can easily add in you home decor.This cage is all handmade with reused wood.This wood is collected from waste centers and transformed into this beautiful cage. Features of the cage:&#8211; One front door with spring [&hellip;]<\/p>","protected":false},"featured_media":59799,"comment_status":"open","ping_status":"open","template":"","meta":{"_acf_changed":false},"product_brand":[],"product_cat":[509,132],"product_tag":[570,567,507,565,814,561,571,508,1265,568,505,499,569],"class_list":{"0":"post-59798","1":"product","2":"type-product","3":"status-publish","4":"has-post-thumbnail","6":"product_cat-pet-supplies","7":"product_cat-bird-cages","8":"product_tag-antique-bird-cage","9":"product_tag-aviary-cage","10":"product_tag-bird-cage-decor","11":"product_tag-bird-cage-wood","12":"product_tag-bird-lover","13":"product_tag-birds-cage","14":"product_tag-decorative-bird-cage","15":"product_tag-gift-for-pet-bird","16":"product_tag-outdoor-decor","17":"product_tag-parrot-cage","18":"product_tag-vintage-bird-cage","19":"product_tag-wooden-bird-cage","20":"product_tag-wooden-bird-cages","21":"product_shipping_class-large-package","23":"first","24":"instock","25":"taxable","26":"shipping-taxable","27":"purchasable","28":"product-type-simple"},"acf":[],"gallery_images":[59800,59801,59802,59803,59804,59805,59806],"_links":{"self":[{"href":"https:\/\/www.padaworks.com\/pt\/wp-json\/wp\/v2\/product\/59798","targetHints":{"allow":["GET"]}}],"collection":[{"href":"https:\/\/www.padaworks.com\/pt\/wp-json\/wp\/v2\/product"}],"about":[{"href":"https:\/\/www.padaworks.com\/pt\/wp-json\/wp\/v2\/types\/product"}],"replies":[{"embeddable":true,"href":"https:\/\/www.padaworks.com\/pt\/wp-json\/wp\/v2\/comments?post=59798"}],"wp:featuredmedia":[{"embeddable":true,"href":"https:\/\/www.padaworks.com\/pt\/wp-json\/wp\/v2\/media\/59799"}],"wp:attachment":[{"href":"https:\/\/www.padaworks.com\/pt\/wp-json\/wp\/v2\/media?parent=59798"}],"wp:term":[{"taxonomy":"product_brand","embeddable":true,"href":"https:\/\/www.padaworks.com\/pt\/wp-json\/wp\/v2\/product_brand?post=59798"},{"taxonomy":"product_cat","embeddable":true,"href":"https:\/\/www.padaworks.com\/pt\/wp-json\/wp\/v2\/product_cat?post=59798"},{"taxonomy":"product_tag","embeddable":true,"href":"https:\/\/www.padaworks.com\/pt\/wp-json\/wp\/v2\/product_tag?post=59798"}],"curies":[{"name":"wp","href":"https:\/\/api.w.org\/{rel}","templated":true}]}}