{"id":59787,"date":"2023-06-11T10:24:26","date_gmt":"2023-06-11T10:24:26","guid":{"rendered":"https:\/\/www.padaworks.com\/product\/round-picnic-basket-large-basket-wicker-picnic-basket-picnic-basket-with-lid-vintage-picnic-basket-easter-basket-handmade-art\/"},"modified":"2025-11-19T09:23:06","modified_gmt":"2025-11-19T09:23:06","slug":"cesto-de-piquenique-redondo-cesto-grande-cesto-de-piquenique-de-vime-cesto-de-piquenique-com-tampa-cesto-de-piquenique-vintage-cesto-de-pascoa-arte-artesanal","status":"publish","type":"product","link":"https:\/\/www.padaworks.com\/pt\/product\/cesto-de-piquenique-redondo-cesto-grande-cesto-de-piquenique-de-vime-cesto-de-piquenique-com-tampa-cesto-de-piquenique-vintage-cesto-de-pascoa-arte-artesanal\/","title":{"rendered":"Cesto de piquenique redondo"},"content":{"rendered":"<p>Cesto de piquenique redondo<\/p>\n<p>Este cesto de piquenique \u00e9 uma verdadeira obra de arte artesanal ?<br \/>Perfeito para um piquenique com a fam\u00edlia e os amigos.<br \/>Pr\u00e1tico para transportar alimentos para a praia, jardins ou campo.<br \/>\u00c9 um produto totalmente feito \u00e0 m\u00e3o, amigo do ambiente e sustent\u00e1vel!<\/p>\n<p>Feito \u00e0 m\u00e3o<br \/>Fabricado em Portugal <\/p>\n<p>Dimens\u00f5es:<br \/>C - 50 cm, L - 30 cm, A - 30 cm, A com pega - 43 cm<br \/>C - 19,7 pol., L - 11,8 pol., A - 11,8 pol., A com pega - 16,9 pol.<\/p>\n<p>As dimens\u00f5es podem variar ligeiramente<\/p>","protected":false},"excerpt":{"rendered":"<p>Round Picnic Basket This picnic basket is a true handcrafted work of art ?Perfect for a picnic with family and friends.Practical for transporting food to the beach, gardens or countryside.It is an all handmade product, environmentally friendly and sustainable! Artisan MadeMade in Portugal Dimensions:L &#8211; 50 cm, W &#8211; 30 cm, H &#8211; 30 cm, [&hellip;]<\/p>","protected":false},"featured_media":59788,"comment_status":"open","ping_status":"open","template":"","meta":{"_acf_changed":false},"product_brand":[],"product_cat":[448],"product_tag":[524,762,1834,443,1447,522,336,523,519,529,312,679,439],"class_list":{"0":"post-59787","1":"product","2":"type-product","3":"status-publish","4":"has-post-thumbnail","6":"product_cat-picnic","7":"product_tag-basket-with-lid","8":"product_tag-boho-basket","9":"product_tag-camping-basket","10":"product_tag-gathering-basket","11":"product_tag-handmade-baskets","12":"product_tag-large-picnic-basket","13":"product_tag-picnic-basket","14":"product_tag-picnic-basket-for-4","15":"product_tag-picnic-wicker-basket","16":"product_tag-round-basket","17":"product_tag-storage-basket","18":"product_tag-vintage-basket","19":"product_tag-wicker-basket","20":"product_shipping_class-large-package","22":"first","23":"instock","24":"sale","25":"taxable","26":"shipping-taxable","27":"purchasable","28":"product-type-simple"},"acf":[],"gallery_images":[59789,59790,59791,59792,59793,59794,59795,59796,59797],"_links":{"self":[{"href":"https:\/\/www.padaworks.com\/pt\/wp-json\/wp\/v2\/product\/59787","targetHints":{"allow":["GET"]}}],"collection":[{"href":"https:\/\/www.padaworks.com\/pt\/wp-json\/wp\/v2\/product"}],"about":[{"href":"https:\/\/www.padaworks.com\/pt\/wp-json\/wp\/v2\/types\/product"}],"replies":[{"embeddable":true,"href":"https:\/\/www.padaworks.com\/pt\/wp-json\/wp\/v2\/comments?post=59787"}],"wp:featuredmedia":[{"embeddable":true,"href":"https:\/\/www.padaworks.com\/pt\/wp-json\/wp\/v2\/media\/59788"}],"wp:attachment":[{"href":"https:\/\/www.padaworks.com\/pt\/wp-json\/wp\/v2\/media?parent=59787"}],"wp:term":[{"taxonomy":"product_brand","embeddable":true,"href":"https:\/\/www.padaworks.com\/pt\/wp-json\/wp\/v2\/product_brand?post=59787"},{"taxonomy":"product_cat","embeddable":true,"href":"https:\/\/www.padaworks.com\/pt\/wp-json\/wp\/v2\/product_cat?post=59787"},{"taxonomy":"product_tag","embeddable":true,"href":"https:\/\/www.padaworks.com\/pt\/wp-json\/wp\/v2\/product_tag?post=59787"}],"curies":[{"name":"wp","href":"https:\/\/api.w.org\/{rel}","templated":true}]}}