{"id":59762,"date":"2023-06-09T18:47:48","date_gmt":"2023-06-09T18:47:48","guid":{"rendered":"https:\/\/www.padaworks.com\/product\/oval-wicker-basket-large-basket-farmhouse-basket-vintage-basket-market-basket-picnic-basket-basket-with-handle-handmade-basket\/"},"modified":"2026-04-01T01:02:54","modified_gmt":"2026-04-01T01:02:54","slug":"cesto-oval-de-vime-cesto-grande-cesto-rustico-cesto-vintage-cesto-de-mercado-cesto-de-piquenique-cesto-com-alca-cesto-artesanal","status":"publish","type":"product","link":"https:\/\/www.padaworks.com\/pt\/product\/cesto-oval-de-vime-cesto-grande-cesto-rustico-cesto-vintage-cesto-de-mercado-cesto-de-piquenique-cesto-com-alca-cesto-artesanal\/","title":{"rendered":"Cesto de vime oval"},"content":{"rendered":"<p>Cesto de vime oval<\/p>\n<p>Perfeito para um piquenique com a fam\u00edlia e os amigos.<br \/>Pr\u00e1tico para transportar alimentos para a praia, jardins ou campo.<br \/>Ou perfeito para o seu dia na quinta ou nos mercados de agricultores.<br \/>\u00c9 um produto totalmente feito \u00e0 m\u00e3o, amigo do ambiente e sustent\u00e1vel!<\/p>\n<p>Feito \u00e0 m\u00e3o<br \/>Fabricado em Portugal <\/p>\n<p>Dimens\u00f5es:<br \/>C \u2013 46 cm, L \u2013 35 cm, A \u2013 25 cm, A com al\u00e7a \u2013 38 cm<br \/>C \u2013 46 cm, L \u2013 35 cm, A \u2013 25 cm, A com pega \u2013 38 cm<\/p>\n<p>As dimens\u00f5es podem variar ligeiramente<\/p>","protected":false},"excerpt":{"rendered":"<p>Oval Wicker Basket Perfect for a picnic with family and friends.Practical for transporting food to the beach, gardens or countryside.Or perfect for your day at the farm or at the farmers markets.It is an all handmade product, environmentally friendly and sustainable! Artisan MadeMade in Portugal Dimensions:L &#8211; 46 cm, W &#8211; 35 cm, H &#8211; [&hellip;]<\/p>","protected":false},"featured_media":59763,"comment_status":"open","ping_status":"closed","template":"","meta":{"_acf_changed":false},"product_brand":[],"product_cat":[448,1915],"product_tag":[1860,441,309,442,445,1023,1538,1958,529,312,440,446,538],"class_list":{"0":"post-59762","1":"product","2":"type-product","3":"status-publish","4":"has-post-thumbnail","6":"product_cat-picnic","7":"product_cat-market-baskets","8":"product_tag-flower-girl-wicker","9":"product_tag-food-basket","10":"product_tag-fruit-basket","11":"product_tag-garden-basket","12":"product_tag-gift-basket","13":"product_tag-gift-for-mom","14":"product_tag-large-wicker-basket","15":"product_tag-recycled-basket","16":"product_tag-round-basket","17":"product_tag-storage-basket","18":"product_tag-vintage-picnic","19":"product_tag-wedding-basket","20":"product_tag-woven-basket","21":"product_shipping_class-small-package","23":"first","24":"instock","25":"taxable","26":"shipping-taxable","27":"purchasable","28":"product-type-simple"},"acf":[],"gallery_images":[59764,59765,59766,59767,59768,59769,59770,59771,59772],"_links":{"self":[{"href":"https:\/\/www.padaworks.com\/pt\/wp-json\/wp\/v2\/product\/59762","targetHints":{"allow":["GET"]}}],"collection":[{"href":"https:\/\/www.padaworks.com\/pt\/wp-json\/wp\/v2\/product"}],"about":[{"href":"https:\/\/www.padaworks.com\/pt\/wp-json\/wp\/v2\/types\/product"}],"replies":[{"embeddable":true,"href":"https:\/\/www.padaworks.com\/pt\/wp-json\/wp\/v2\/comments?post=59762"}],"wp:featuredmedia":[{"embeddable":true,"href":"https:\/\/www.padaworks.com\/pt\/wp-json\/wp\/v2\/media\/59763"}],"wp:attachment":[{"href":"https:\/\/www.padaworks.com\/pt\/wp-json\/wp\/v2\/media?parent=59762"}],"wp:term":[{"taxonomy":"product_brand","embeddable":true,"href":"https:\/\/www.padaworks.com\/pt\/wp-json\/wp\/v2\/product_brand?post=59762"},{"taxonomy":"product_cat","embeddable":true,"href":"https:\/\/www.padaworks.com\/pt\/wp-json\/wp\/v2\/product_cat?post=59762"},{"taxonomy":"product_tag","embeddable":true,"href":"https:\/\/www.padaworks.com\/pt\/wp-json\/wp\/v2\/product_tag?post=59762"}],"curies":[{"name":"wp","href":"https:\/\/api.w.org\/{rel}","templated":true}]}}