{"id":59688,"date":"2023-05-31T18:48:55","date_gmt":"2023-05-31T18:48:55","guid":{"rendered":"https:\/\/www.padaworks.com\/product\/bean-bag-chair-handcrafted-bean-bag\/"},"modified":"2025-11-21T16:02:54","modified_gmt":"2025-11-21T16:02:54","slug":"saco-de-feijao-cadeira-saco-de-feijao-artesanal","status":"publish","type":"product","link":"https:\/\/www.padaworks.com\/pt\/product\/saco-de-feijao-cadeira-saco-de-feijao-artesanal\/","title":{"rendered":"Bean Bag Chair - Mala de feij\u00e3o artesanal"},"content":{"rendered":"<p>Pufe<\/p>\n<p>Ideal para as suas idas \u00e0 praia, fins de tarde no p\u00e1tio, para relaxar num piquenique com a fam\u00edlia e amigos ou mesmo para a sua sala de estar.<br \/>Depois de experimentar, n\u00e3o vai conseguir largar ?<br \/>Tem um bolso para que possa guardar os seus pertences.<br \/>Foi cuidadosamente feito \u00e0 m\u00e3o para que tenha todo o conforto.<br \/>Esta cadeira pufe est\u00e1 pronta a usar, pois o enchimento (bolas de esferovite) est\u00e1 inclu\u00eddo.<br \/>Dentro do pufe h\u00e1 um forro com enchimento. Esse forro pode ser removido para que o pufe possa ser lavado na m\u00e1quina sempre que necess\u00e1rio.<br \/>O pufe \u00e9 feito de algod\u00e3o.<\/p>\n<p>Feito \u00e0 m\u00e3o<br \/>Fabricado em Portugal<\/p>\n<p>Dimens\u00f5es:<br \/>C \u2013 50 cm, L \u2013 20 cm, A \u2013 60 cm, A com al\u00e7a \u2013 90 cm<br \/>C \u2013 50 cm, L \u2013 20 cm, A \u2013 60 cm, A com pega \u2013 90 cm<\/p>\n<p>As dimens\u00f5es podem variar ligeiramente<\/p>","protected":false},"excerpt":{"rendered":"<p>Bean Bag Chair Ideal for your trips to the beach, late afternoons on patio, to relax at a picnic with family and friends or even for your living room.Once you try it, you won&#8217;t put it down ?It has one pocket so you can place your belongings.It was carefully handcrafted so that you have every [&hellip;]<\/p>","protected":false},"featured_media":59689,"comment_status":"open","ping_status":"closed","template":"","meta":{"_acf_changed":false},"product_brand":[],"product_cat":[2739,1488],"product_tag":[1971,363,1970,1966,1964,1961,1962,1960,1965,1967,1963,1969,1968],"class_list":{"0":"post-59688","1":"product","2":"type-product","3":"status-publish","4":"has-post-thumbnail","6":"product_cat-fabric-bags","7":"product_cat-pillows","8":"product_tag-aesthetic-bean-chair","9":"product_tag-beach-bag","10":"product_tag-bean-bag","11":"product_tag-chair-pouf","12":"product_tag-comfortable-pillow","13":"product_tag-cotton-bean-bag","14":"product_tag-floor-pillow","15":"product_tag-fluffy-bean-chair","16":"product_tag-meditation-chair","17":"product_tag-modern-bean-bag","18":"product_tag-outdoor-bean-bag","19":"product_tag-patio-daybed","20":"product_tag-terrace-lounge-chair","21":"product_shipping_class-large-package","23":"first","24":"instock","25":"taxable","26":"shipping-taxable","27":"purchasable","28":"product-type-variable","29":"has-default-attributes","30":"wvs-archive-product-wrapper"},"acf":[],"gallery_images":[59690,59691,59692,59693,59694,59695,59696,59697],"_links":{"self":[{"href":"https:\/\/www.padaworks.com\/pt\/wp-json\/wp\/v2\/product\/59688","targetHints":{"allow":["GET"]}}],"collection":[{"href":"https:\/\/www.padaworks.com\/pt\/wp-json\/wp\/v2\/product"}],"about":[{"href":"https:\/\/www.padaworks.com\/pt\/wp-json\/wp\/v2\/types\/product"}],"replies":[{"embeddable":true,"href":"https:\/\/www.padaworks.com\/pt\/wp-json\/wp\/v2\/comments?post=59688"}],"wp:featuredmedia":[{"embeddable":true,"href":"https:\/\/www.padaworks.com\/pt\/wp-json\/wp\/v2\/media\/59689"}],"wp:attachment":[{"href":"https:\/\/www.padaworks.com\/pt\/wp-json\/wp\/v2\/media?parent=59688"}],"wp:term":[{"taxonomy":"product_brand","embeddable":true,"href":"https:\/\/www.padaworks.com\/pt\/wp-json\/wp\/v2\/product_brand?post=59688"},{"taxonomy":"product_cat","embeddable":true,"href":"https:\/\/www.padaworks.com\/pt\/wp-json\/wp\/v2\/product_cat?post=59688"},{"taxonomy":"product_tag","embeddable":true,"href":"https:\/\/www.padaworks.com\/pt\/wp-json\/wp\/v2\/product_tag?post=59688"}],"curies":[{"name":"wp","href":"https:\/\/api.w.org\/{rel}","templated":true}]}}