{"id":59680,"date":"2023-05-31T17:32:57","date_gmt":"2023-05-31T17:32:57","guid":{"rendered":"https:\/\/www.padaworks.com\/product\/mini-jane-birkin-basket-mini-basket-cane-basket-birkin-basket-basket-with-lid-handmade-baskets-made-with-love-unique-basket\/"},"modified":"2026-04-10T16:55:49","modified_gmt":"2026-04-10T16:55:49","slug":"mini-cesta-jane-birkin-mini-cesta-de-vime-cesta-birkin-cesta-com-tampa-cestas-artesanais-feitas-com-amor-cesta-exclusiva","status":"publish","type":"product","link":"https:\/\/www.padaworks.com\/pt\/product\/mini-cesta-jane-birkin-mini-cesta-de-vime-cesta-birkin-cesta-com-tampa-cestas-artesanais-feitas-com-amor-cesta-exclusiva\/","title":{"rendered":"Mini-cesto Jane Birkin"},"content":{"rendered":"<p>Mini-cesto Jane Birkin<\/p>\n<p>Feito \u00e0 m\u00e3o<br \/>Fabricado em Portugal<\/p>\n<p>Dimens\u00f5es:<br \/>\u00d8 \u2013 9 cm, A \u2013 10 cm, A com pega \u2013 18 cm<br \/>\u00d8 \u2013 3,5 pol., A \u2013 3,9 pol., A com pega \u2013 7,1 pol.<\/p>\n<p>Uma vez que a mat\u00e9ria-prima \u00e9 de origem natural, podem existir ligeiras varia\u00e7\u00f5es na cor do cesto.<br \/>As dimens\u00f5es podem variar ligeiramente<\/p>","protected":false},"excerpt":{"rendered":"<p>Mini Jane Birkin Basket Artisan MadeMade in Portugal Dimens\u00f5es:\u00d8 - 9 cm, A - 10 cm, A com asa - 18 cm\u00d8 - 3,5 pol, A - 3,9 pol, A com asa - 7,1 pol Dado que a mat\u00e9ria-prima \u00e9 de origem natural, podem ocorrer ligeiras varia\u00e7\u00f5es na cor do cesto.As dimens\u00f5es [...]<\/p>","protected":false},"featured_media":59681,"comment_status":"open","ping_status":"closed","template":"","meta":{"_acf_changed":false},"product_brand":[],"product_cat":[2737],"product_tag":[302,1182,1862,1864,762,455,544,1863,1870,529,1959,439,538],"class_list":{"0":"post-59680","1":"product","2":"type-product","3":"status-publish","4":"has-post-thumbnail","6":"product_cat-cane-bags","7":"product_tag-basket-bag","8":"product_tag-basket-with-handle","9":"product_tag-birkin-bag-replica","10":"product_tag-birkin-basket-bag","11":"product_tag-boho-basket","12":"product_tag-flower-girl-basket","13":"product_tag-gift-from-portugal","14":"product_tag-jane-birkin","15":"product_tag-mini-bag","16":"product_tag-round-basket","17":"product_tag-travel-memory-gift","18":"product_tag-wicker-basket","19":"product_tag-woven-basket","20":"product_shipping_class-small-package","22":"first","23":"instock","24":"taxable","25":"shipping-taxable","26":"purchasable","27":"product-type-simple"},"acf":[],"gallery_images":[59682,59683,59684,59685,59686,59687],"_links":{"self":[{"href":"https:\/\/www.padaworks.com\/pt\/wp-json\/wp\/v2\/product\/59680","targetHints":{"allow":["GET"]}}],"collection":[{"href":"https:\/\/www.padaworks.com\/pt\/wp-json\/wp\/v2\/product"}],"about":[{"href":"https:\/\/www.padaworks.com\/pt\/wp-json\/wp\/v2\/types\/product"}],"replies":[{"embeddable":true,"href":"https:\/\/www.padaworks.com\/pt\/wp-json\/wp\/v2\/comments?post=59680"}],"wp:featuredmedia":[{"embeddable":true,"href":"https:\/\/www.padaworks.com\/pt\/wp-json\/wp\/v2\/media\/59681"}],"wp:attachment":[{"href":"https:\/\/www.padaworks.com\/pt\/wp-json\/wp\/v2\/media?parent=59680"}],"wp:term":[{"taxonomy":"product_brand","embeddable":true,"href":"https:\/\/www.padaworks.com\/pt\/wp-json\/wp\/v2\/product_brand?post=59680"},{"taxonomy":"product_cat","embeddable":true,"href":"https:\/\/www.padaworks.com\/pt\/wp-json\/wp\/v2\/product_cat?post=59680"},{"taxonomy":"product_tag","embeddable":true,"href":"https:\/\/www.padaworks.com\/pt\/wp-json\/wp\/v2\/product_tag?post=59680"}],"curies":[{"name":"wp","href":"https:\/\/api.w.org\/{rel}","templated":true}]}}