{"id":59658,"date":"2023-05-31T16:45:46","date_gmt":"2023-05-31T16:45:46","guid":{"rendered":"https:\/\/www.padaworks.com\/product\/small-cane-basket-reusable-basket-farmers-basket-picnic-basket-basket-with-handle-flowers-basket-basket-art-natural-basket\/"},"modified":"2026-02-12T11:46:03","modified_gmt":"2026-02-12T11:46:03","slug":"cesto-de-cana-pequeno-cesto-reutilizavel-cesto-do-agricultor-cesto-de-piquenique-cesto-com-asa-cesto-de-flores-cesto-de-arte-cesto-natural","status":"publish","type":"product","link":"https:\/\/www.padaworks.com\/pt\/product\/cesto-de-cana-pequeno-cesto-reutilizavel-cesto-do-agricultor-cesto-de-piquenique-cesto-com-asa-cesto-de-flores-cesto-de-arte-cesto-natural\/","title":{"rendered":"Cesto de cana pequeno"},"content":{"rendered":"<p>Cesto de cana pequeno<\/p>\n<p>Perfeito para um piquenique com a fam\u00edlia e os amigos.<br \/>Pr\u00e1tico para transportar alimentos para a praia, jardins ou campo.<br \/>Ou perfeito para o seu dia na quinta ou nos mercados de agricultores.<br \/>\u00c9 um produto totalmente feito \u00e0 m\u00e3o, amigo do ambiente e sustent\u00e1vel!<\/p>\n<p>Feito \u00e0 m\u00e3o<br \/>Fabricado em Portugal <\/p>\n<p>Dimens\u00f5es:<br \/>\u00d8 - 25 cm, H - 13 cm, H com pega - 30 cm<br \/>\u00d8 - 9,8 pol., A - 5,1 pol., A com pega - 11,8 pol.<\/p>\n<p>As dimens\u00f5es podem variar ligeiramente<\/p>","protected":false},"excerpt":{"rendered":"<p>Small Cane Basket Perfect for a picnic with family and friends.Practical for transporting food to the beach, gardens or countryside.Or perfect for your day at the farm or at the farmers markets.It is an all handmade product, environmentally friendly and sustainable! Artisan MadeMade in Portugal Dimensions:\u00d8 &#8211; 25 cm, H &#8211; 13 cm, H with [&hellip;]<\/p>","protected":false},"featured_media":59659,"comment_status":"open","ping_status":"closed","template":"","meta":{"_acf_changed":false},"product_brand":[],"product_cat":[1915,2719],"product_tag":[1820,1932,654,1860,441,691,442,445,1447,1503,529,379,538],"class_list":{"0":"post-59658","1":"product","2":"type-product","3":"status-publish","4":"has-post-thumbnail","6":"product_cat-market-baskets","7":"product_cat-special-offers","8":"product_tag-beach-basket","9":"product_tag-cane-basket","10":"product_tag-easter-basket","11":"product_tag-flower-girl-wicker","12":"product_tag-food-basket","13":"product_tag-fruits-basket","14":"product_tag-garden-basket","15":"product_tag-gift-basket","16":"product_tag-handmade-baskets","17":"product_tag-harvest-basket","18":"product_tag-round-basket","19":"product_tag-summer-basket","20":"product_tag-woven-basket","21":"product_shipping_class-small-package","23":"first","24":"instock","25":"sale","26":"taxable","27":"shipping-taxable","28":"purchasable","29":"product-type-simple"},"acf":[],"gallery_images":[59660,59661,59662,59663,59664,59665,59666,59667,59668],"_links":{"self":[{"href":"https:\/\/www.padaworks.com\/pt\/wp-json\/wp\/v2\/product\/59658","targetHints":{"allow":["GET"]}}],"collection":[{"href":"https:\/\/www.padaworks.com\/pt\/wp-json\/wp\/v2\/product"}],"about":[{"href":"https:\/\/www.padaworks.com\/pt\/wp-json\/wp\/v2\/types\/product"}],"replies":[{"embeddable":true,"href":"https:\/\/www.padaworks.com\/pt\/wp-json\/wp\/v2\/comments?post=59658"}],"wp:featuredmedia":[{"embeddable":true,"href":"https:\/\/www.padaworks.com\/pt\/wp-json\/wp\/v2\/media\/59659"}],"wp:attachment":[{"href":"https:\/\/www.padaworks.com\/pt\/wp-json\/wp\/v2\/media?parent=59658"}],"wp:term":[{"taxonomy":"product_brand","embeddable":true,"href":"https:\/\/www.padaworks.com\/pt\/wp-json\/wp\/v2\/product_brand?post=59658"},{"taxonomy":"product_cat","embeddable":true,"href":"https:\/\/www.padaworks.com\/pt\/wp-json\/wp\/v2\/product_cat?post=59658"},{"taxonomy":"product_tag","embeddable":true,"href":"https:\/\/www.padaworks.com\/pt\/wp-json\/wp\/v2\/product_tag?post=59658"}],"curies":[{"name":"wp","href":"https:\/\/api.w.org\/{rel}","templated":true}]}}