{"id":59583,"date":"2023-05-18T15:17:10","date_gmt":"2023-05-18T15:17:10","guid":{"rendered":"https:\/\/www.padaworks.com\/product\/handwoven-cream-cushion-50x50cm-made-in-recycled-cotton\/"},"modified":"2026-04-15T21:26:33","modified_gmt":"2026-04-15T21:26:33","slug":"almofada-creme-tecida-a-mao-50x50cm-feita-em-algodao-reciclado","status":"publish","type":"product","link":"https:\/\/www.padaworks.com\/pt\/product\/almofada-creme-tecida-a-mao-50x50cm-feita-em-algodao-reciclado\/","title":{"rendered":"Almofada creme tecida \u00e0 m\u00e3o 50x50cm feita em algod\u00e3o reciclado"},"content":{"rendered":"<p>Almofada creme tecida \u00e0 m\u00e3o 50 x 50 cm<\/p>\n<p>Almofada tecida \u00e0 m\u00e3o a partir de res\u00edduos t\u00eaxteis reciclados.<br \/>\nPossui um fecho de correr para colocar e retirar o recheio.<br \/>\nPode ser lavado \u00e0 m\u00e3o ou na m\u00e1quina num ciclo delicado.<br \/>\nEnchimento n\u00e3o inclu\u00eddo.<\/p>\n<p>Feito \u00e0 m\u00e3o<br \/>\nFeito em Portugal com produtos portugueses, dedica\u00e7\u00e3o e amor!!<\/p>\n<p>Dimens\u00f5es:<br \/>\nC \u2013 47 cm, L \u2013 47 cm<br \/>\nL \u2013 47 cm, L \u2013 47 cm<\/p>\n<p>As dimens\u00f5es podem variar ligeiramente.<\/p>","protected":false},"excerpt":{"rendered":"<p>Handwoven Cream Cushion 50x50cm Handwoven cushion made from recycled textile waste materials. Features a zipper for inserting and removing the filling. Can be hand washed or machine washed on a delicate cycle. Filling not included. Artisan Made Made in Portugal with portuguese products, dedication and love!! Dimensions: L &#8211; 47 cm, W &#8211; 47 cm [&hellip;]<\/p>","protected":false},"featured_media":59584,"comment_status":"open","ping_status":"closed","template":"","meta":{"_acf_changed":false},"product_brand":[],"product_cat":[1488],"product_tag":[2764,2765,2766,2767,2768,2769,2770,1476,2771,2379,2772,583,2773,2774,2775,2776,2777],"class_list":{"0":"post-59583","1":"product","2":"type-product","3":"status-publish","4":"has-post-thumbnail","6":"product_cat-pillows","7":"product_tag-bed-cushion","8":"product_tag-beige-cushion","9":"product_tag-bohemian-cushion","10":"product_tag-boho-cushion","11":"product_tag-cushion-cover","12":"product_tag-cushion-cover-50x50","13":"product_tag-decorative-cushion","14":"product_tag-decorative-pillows","15":"product_tag-handwoven-cushion","16":"product_tag-new-home-decor","17":"product_tag-recycled-materials","18":"product_tag-rustic-home-decor","19":"product_tag-scatter-cushion","20":"product_tag-sofa-cushions","21":"product_tag-super-soft-cushion","22":"product_tag-sustainable-decor","23":"product_tag-textured-cushion","24":"product_shipping_class-small-package","26":"first","27":"instock","28":"sale","29":"taxable","30":"shipping-taxable","31":"purchasable","32":"product-type-simple"},"acf":[],"gallery_images":[59585,59586,59587,59588,59589,59590,102702,102704,102703],"_links":{"self":[{"href":"https:\/\/www.padaworks.com\/pt\/wp-json\/wp\/v2\/product\/59583","targetHints":{"allow":["GET"]}}],"collection":[{"href":"https:\/\/www.padaworks.com\/pt\/wp-json\/wp\/v2\/product"}],"about":[{"href":"https:\/\/www.padaworks.com\/pt\/wp-json\/wp\/v2\/types\/product"}],"replies":[{"embeddable":true,"href":"https:\/\/www.padaworks.com\/pt\/wp-json\/wp\/v2\/comments?post=59583"}],"wp:featuredmedia":[{"embeddable":true,"href":"https:\/\/www.padaworks.com\/pt\/wp-json\/wp\/v2\/media\/59584"}],"wp:attachment":[{"href":"https:\/\/www.padaworks.com\/pt\/wp-json\/wp\/v2\/media?parent=59583"}],"wp:term":[{"taxonomy":"product_brand","embeddable":true,"href":"https:\/\/www.padaworks.com\/pt\/wp-json\/wp\/v2\/product_brand?post=59583"},{"taxonomy":"product_cat","embeddable":true,"href":"https:\/\/www.padaworks.com\/pt\/wp-json\/wp\/v2\/product_cat?post=59583"},{"taxonomy":"product_tag","embeddable":true,"href":"https:\/\/www.padaworks.com\/pt\/wp-json\/wp\/v2\/product_tag?post=59583"}],"curies":[{"name":"wp","href":"https:\/\/api.w.org\/{rel}","templated":true}]}}