{"id":59572,"date":"2023-05-18T15:01:53","date_gmt":"2023-05-18T15:01:53","guid":{"rendered":"https:\/\/www.padaworks.com\/product\/medium-cream-pillow-super-soft-pillow-cotton-pillow-throw-pillow-pillow-covers-outdoor-pillow-covers-textured-cream-pillow-cover\/"},"modified":"2026-02-20T23:50:57","modified_gmt":"2026-02-20T23:50:57","slug":"almofada-media-creme-almofada-super-macia-almofada-de-algodao-almofada-decorativa-capas-de-almofada-capas-de-almofada-para-exterior-capa-de-almofada-creme-texturada","status":"publish","type":"product","link":"https:\/\/www.padaworks.com\/pt\/product\/almofada-media-creme-almofada-super-macia-almofada-de-algodao-almofada-decorativa-capas-de-almofada-capas-de-almofada-para-exterior-capa-de-almofada-creme-texturada\/","title":{"rendered":"Almofada creme m\u00e9dia"},"content":{"rendered":"<p>Almofada creme m\u00e9dia<\/p>\n<p>Esta almofada \u00e9 tecida num tear manual com tecidos reutilizados.<br \/>Estas almofadas s\u00e3o robustas, leves e podem ser lavadas regularmente \u00e0 m\u00e3o ou na m\u00e1quina.<br \/>\u00c9 ecol\u00f3gico porque reutiliza a mat\u00e9ria-prima desperdi\u00e7ada pela ind\u00fastria t\u00eaxtil.<br \/>Recomendamos a lavagem a frio ou a 30\u00b0C.<br \/>Uma vez que esta almofada \u00e9 fabricada com produtos reciclados da ind\u00fastria t\u00eaxtil, poder\u00e1 haver ligeiras varia\u00e7\u00f5es na cor.<\/p>\n<p>Feito \u00e0 m\u00e3o<br \/>Fabricado em Portugal<\/p>\n<p>Dimens\u00f5es:<br \/>C \u2013 50 cm, L \u2013 35 cm<br \/>L \u2013 50 cm, L \u2013 35 cm<br \/>C \u2013 48 cm, L \u2013 33 cm<\/p>\n<p>As dimens\u00f5es podem variar ligeiramente.<\/p>","protected":false},"excerpt":{"rendered":"<p>Almofada Creme M\u00e9dia Esta almofada \u00e9 tecida num tear manual com tecidos reutilizados.Estas almofadas s\u00e3o robustas, leves e podem ser lavadas regularmente \u00e0 m\u00e3o ou \u00e0 m\u00e1quina.\u00c9 ecol\u00f3gica porque reutiliza mat\u00e9ria-prima desperdi\u00e7ada pela ind\u00fastria t\u00eaxtil.Recomendamos a lavagem a frio ou a 30\u00b0C.Como esta almofada \u00e9 feita com produtos reciclados da ind\u00fastria t\u00eaxtil [...]<\/p>","protected":false},"featured_media":59573,"comment_status":"open","ping_status":"open","template":"","meta":{"_acf_changed":false},"product_brand":[],"product_cat":[1488],"product_tag":[1936,1487,1486,1479,1476,1478,1935,1934,1475,1480,1482,1485,1481],"class_list":{"0":"post-59572","1":"product","2":"type-product","3":"status-publish","4":"has-post-thumbnail","6":"product_cat-pillows","7":"product_tag-bedroom-pillow-cover","8":"product_tag-bohemian-pillow","9":"product_tag-boho-throw-pillow","10":"product_tag-couch-pillows","11":"product_tag-decorative-pillows","12":"product_tag-designer-pillow","13":"product_tag-off-white-textured","14":"product_tag-pillow-cases","15":"product_tag-pillow-cover","16":"product_tag-sofa-pillows","17":"product_tag-tapestry-pillow","18":"product_tag-throw-pillow-covers","19":"product_tag-vintage-pillows","20":"product_shipping_class-small-package","22":"first","23":"instock","24":"sale","25":"taxable","26":"shipping-taxable","27":"purchasable","28":"product-type-simple"},"acf":[],"gallery_images":[59574,59575,59576,59577,59578,59579,59580,59581,59582],"_links":{"self":[{"href":"https:\/\/www.padaworks.com\/pt\/wp-json\/wp\/v2\/product\/59572","targetHints":{"allow":["GET"]}}],"collection":[{"href":"https:\/\/www.padaworks.com\/pt\/wp-json\/wp\/v2\/product"}],"about":[{"href":"https:\/\/www.padaworks.com\/pt\/wp-json\/wp\/v2\/types\/product"}],"replies":[{"embeddable":true,"href":"https:\/\/www.padaworks.com\/pt\/wp-json\/wp\/v2\/comments?post=59572"}],"wp:featuredmedia":[{"embeddable":true,"href":"https:\/\/www.padaworks.com\/pt\/wp-json\/wp\/v2\/media\/59573"}],"wp:attachment":[{"href":"https:\/\/www.padaworks.com\/pt\/wp-json\/wp\/v2\/media?parent=59572"}],"wp:term":[{"taxonomy":"product_brand","embeddable":true,"href":"https:\/\/www.padaworks.com\/pt\/wp-json\/wp\/v2\/product_brand?post=59572"},{"taxonomy":"product_cat","embeddable":true,"href":"https:\/\/www.padaworks.com\/pt\/wp-json\/wp\/v2\/product_cat?post=59572"},{"taxonomy":"product_tag","embeddable":true,"href":"https:\/\/www.padaworks.com\/pt\/wp-json\/wp\/v2\/product_tag?post=59572"}],"curies":[{"name":"wp","href":"https:\/\/api.w.org\/{rel}","templated":true}]}}