{"id":59562,"date":"2023-05-18T14:26:46","date_gmt":"2023-05-18T14:26:46","guid":{"rendered":"https:\/\/www.padaworks.com\/product\/small-jane-birkin-basket\/"},"modified":"2026-04-02T11:08:25","modified_gmt":"2026-04-02T11:08:25","slug":"cesto-jane-birkin-pequeno","status":"publish","type":"product","link":"https:\/\/www.padaworks.com\/pt\/product\/cesto-jane-birkin-pequeno\/","title":{"rendered":"Cesto pequeno Jane Birkin"},"content":{"rendered":"<p>Cesto pequeno Jane Birkin<\/p>\n<p>Feito \u00e0 m\u00e3o<br \/>Fabricado em Portugal<\/p>\n<p>Dimens\u00f5es:<br \/>Jane Birkin \u00d8 17 cm<br \/>\u00d8 - 17 cm, H - 17 cm, H com pega - 32 cm<br \/>\u00d8 - 6,7 pol., A - 6,7 pol., A com pega - 15,6 pol.<\/p>\n<p>Uma vez que a mat\u00e9ria-prima \u00e9 de origem natural, podem existir ligeiras varia\u00e7\u00f5es na cor do cesto.<br \/>Este cesto \u00e9 fabricado segundo m\u00e9todos manuais muito antigos, pelo que pode ser ligeiramente inclinado. Cada cesto de cana \u00e9 \u00fanico e n\u00e3o existe outro igual.<\/p>\n<p>As dimens\u00f5es podem variar ligeiramente<\/p>","protected":false},"excerpt":{"rendered":"<p>Cesta Jane Birkin Pequena Feita \u00e0 m\u00e3oFabricada em Portugal Dimens\u00f5es:Jane Birkin \u00d8 17 cm\u00d8 - 17 cm, A - 17 cm, A com pega - 32 cm\u00d8 - 6,7 pol, A - 6,7 pol, A com pega - 15,6 pol Dado que a mat\u00e9ria-prima \u00e9 de origem natural, podem ocorrer ligeiras varia\u00e7\u00f5es na cor [...]<\/p>","protected":false},"featured_media":59563,"comment_status":"open","ping_status":"closed","template":"","meta":{"_acf_changed":false},"product_brand":[],"product_cat":[2737],"product_tag":[302,1182,1862,1864,762,1865,455,1447,1863,1870,529,439,1087],"class_list":{"0":"post-59562","1":"product","2":"type-product","3":"status-publish","4":"has-post-thumbnail","6":"product_cat-cane-bags","7":"product_tag-basket-bag","8":"product_tag-basket-with-handle","9":"product_tag-birkin-bag-replica","10":"product_tag-birkin-basket-bag","11":"product_tag-boho-basket","12":"product_tag-bucket-bag-basket","13":"product_tag-flower-girl-basket","14":"product_tag-handmade-baskets","15":"product_tag-jane-birkin","16":"product_tag-mini-bag","17":"product_tag-round-basket","18":"product_tag-wicker-basket","19":"product_tag-wicker-basket-bag","20":"product_shipping_class-small-package","22":"first","23":"instock","24":"sale","25":"taxable","26":"shipping-taxable","27":"purchasable","28":"product-type-simple"},"acf":[],"gallery_images":[59564,59565,59566,59567,59568,59569,59570,59571],"_links":{"self":[{"href":"https:\/\/www.padaworks.com\/pt\/wp-json\/wp\/v2\/product\/59562","targetHints":{"allow":["GET"]}}],"collection":[{"href":"https:\/\/www.padaworks.com\/pt\/wp-json\/wp\/v2\/product"}],"about":[{"href":"https:\/\/www.padaworks.com\/pt\/wp-json\/wp\/v2\/types\/product"}],"replies":[{"embeddable":true,"href":"https:\/\/www.padaworks.com\/pt\/wp-json\/wp\/v2\/comments?post=59562"}],"wp:featuredmedia":[{"embeddable":true,"href":"https:\/\/www.padaworks.com\/pt\/wp-json\/wp\/v2\/media\/59563"}],"wp:attachment":[{"href":"https:\/\/www.padaworks.com\/pt\/wp-json\/wp\/v2\/media?parent=59562"}],"wp:term":[{"taxonomy":"product_brand","embeddable":true,"href":"https:\/\/www.padaworks.com\/pt\/wp-json\/wp\/v2\/product_brand?post=59562"},{"taxonomy":"product_cat","embeddable":true,"href":"https:\/\/www.padaworks.com\/pt\/wp-json\/wp\/v2\/product_cat?post=59562"},{"taxonomy":"product_tag","embeddable":true,"href":"https:\/\/www.padaworks.com\/pt\/wp-json\/wp\/v2\/product_tag?post=59562"}],"curies":[{"name":"wp","href":"https:\/\/api.w.org\/{rel}","templated":true}]}}