{"id":59551,"date":"2023-05-18T14:07:06","date_gmt":"2023-05-18T14:07:06","guid":{"rendered":"https:\/\/www.padaworks.com\/product\/large-cane-basket-harvest-basket-farm-basket-vintage-basket-market-basket-picnic-basket-woven-basket-reusable-shopping-basket\/"},"modified":"2025-11-19T09:23:22","modified_gmt":"2025-11-19T09:23:22","slug":"cesto-grande-de-vime-cesto-de-colheita-cesto-agricola-cesto-vintage-cesto-de-mercado-cesto-de-piquenique-cesto-tecido-cesto-de-compras-reutilizavel","status":"publish","type":"product","link":"https:\/\/www.padaworks.com\/pt\/product\/cesto-grande-de-vime-cesto-de-colheita-cesto-agricola-cesto-vintage-cesto-de-mercado-cesto-de-piquenique-cesto-tecido-cesto-de-compras-reutilizavel\/","title":{"rendered":"Cesto de cana grande"},"content":{"rendered":"<p>Cesto de cana grande<\/p>\n<p>Perfeito para um piquenique com a fam\u00edlia e os amigos.<br \/>Pr\u00e1tico para transportar alimentos para a praia, jardins ou campo.<br \/>Ou perfeito para o seu dia na quinta ou nos mercados de agricultores.<br \/>\u00c9 um produto totalmente feito \u00e0 m\u00e3o, amigo do ambiente e sustent\u00e1vel!<\/p>\n<p>Feito \u00e0 m\u00e3o<br \/>Fabricado em Portugal <\/p>\n<p>Dimens\u00f5es:<br \/>\u00d8 \u2013 30 cm, A \u2013 25 cm, A com pega \u2013 43 cm<br \/>\u00d8 \u2013 11,8 pol., A \u2013 9,8 pol., A com pega \u2013 16,9 pol.<\/p>\n<p>As dimens\u00f5es podem variar ligeiramente<\/p>","protected":false},"excerpt":{"rendered":"<p>Large Cane Basket Perfect for a picnic with family and friends.Practical for transporting food to the beach, gardens or countryside.Or perfect for your day at the farm or at the farmers markets.It is an all handmade product, environmentally friendly and sustainable! Artisan MadeMade in Portugal Dimensions:\u00d8 &#8211; 30 cm, H &#8211; 25 cm, H with [&hellip;]<\/p>","protected":false},"featured_media":59552,"comment_status":"open","ping_status":"open","template":"","meta":{"_acf_changed":false},"product_brand":[],"product_cat":[1915],"product_tag":[1182,762,1932,441,691,442,1447,1869,1933,529,312,440,1087],"class_list":{"0":"post-59551","1":"product","2":"type-product","3":"status-publish","4":"has-post-thumbnail","6":"product_cat-market-baskets","7":"product_tag-basket-with-handle","8":"product_tag-boho-basket","9":"product_tag-cane-basket","10":"product_tag-food-basket","11":"product_tag-fruits-basket","12":"product_tag-garden-basket","13":"product_tag-handmade-baskets","14":"product_tag-large-storage-basket","15":"product_tag-mushroom-basket","16":"product_tag-round-basket","17":"product_tag-storage-basket","18":"product_tag-vintage-picnic","19":"product_tag-wicker-basket-bag","20":"product_shipping_class-small-package","22":"first","23":"instock","24":"sale","25":"taxable","26":"shipping-taxable","27":"purchasable","28":"product-type-simple"},"acf":[],"gallery_images":[59553,59554,59555,59556,59557,59558,59559,59560,59561],"_links":{"self":[{"href":"https:\/\/www.padaworks.com\/pt\/wp-json\/wp\/v2\/product\/59551","targetHints":{"allow":["GET"]}}],"collection":[{"href":"https:\/\/www.padaworks.com\/pt\/wp-json\/wp\/v2\/product"}],"about":[{"href":"https:\/\/www.padaworks.com\/pt\/wp-json\/wp\/v2\/types\/product"}],"replies":[{"embeddable":true,"href":"https:\/\/www.padaworks.com\/pt\/wp-json\/wp\/v2\/comments?post=59551"}],"wp:featuredmedia":[{"embeddable":true,"href":"https:\/\/www.padaworks.com\/pt\/wp-json\/wp\/v2\/media\/59552"}],"wp:attachment":[{"href":"https:\/\/www.padaworks.com\/pt\/wp-json\/wp\/v2\/media?parent=59551"}],"wp:term":[{"taxonomy":"product_brand","embeddable":true,"href":"https:\/\/www.padaworks.com\/pt\/wp-json\/wp\/v2\/product_brand?post=59551"},{"taxonomy":"product_cat","embeddable":true,"href":"https:\/\/www.padaworks.com\/pt\/wp-json\/wp\/v2\/product_cat?post=59551"},{"taxonomy":"product_tag","embeddable":true,"href":"https:\/\/www.padaworks.com\/pt\/wp-json\/wp\/v2\/product_tag?post=59551"}],"curies":[{"name":"wp","href":"https:\/\/api.w.org\/{rel}","templated":true}]}}