{"id":59398,"date":"2023-04-06T15:52:11","date_gmt":"2023-04-06T15:52:11","guid":{"rendered":"https:\/\/www.padaworks.com\/product\/square-banneton-wicker-banneton-bread-basket-bread-proofing-basket-wicker-basket-proofing-basket-baking-bread-serving-basket\/"},"modified":"2026-02-20T23:50:36","modified_gmt":"2026-02-20T23:50:36","slug":"cesto-quadrado-cesto-de-vime-cesto-de-pao-cesto-de-prova-de-pao-cesto-de-vime-cesto-de-prova-de-pao-cesto-de-servir-pao","status":"publish","type":"product","link":"https:\/\/www.padaworks.com\/pt\/product\/cesto-quadrado-cesto-de-vime-cesto-de-pao-cesto-de-prova-de-pao-cesto-de-vime-cesto-de-prova-de-pao-cesto-de-servir-pao\/","title":{"rendered":"Canh\u00e3o quadrado - Pequeno"},"content":{"rendered":"<p>Pra\u00e7a Banneton<br \/>tamanho pequeno<\/p>\n<p>Com este belo cesto feito \u00e0 m\u00e3o, fa\u00e7a o p\u00e3o redondo ideal para a sua fam\u00edlia e amigos!<br \/>Se gosta de fazer p\u00e3o e ainda n\u00e3o come\u00e7ou, esta \u00e9 a altura certa para comprar o seu primeiro cesto de fermenta\u00e7\u00e3o.<br \/>Com o di\u00e2metro deste cesto para p\u00e3o poder\u00e1 colocar uma massa entre 500g e 800g.<br \/>O cesto tem um forro feito \u00e0 m\u00e3o e \u00e9 de algod\u00e3o 100%. Pode ser lavado sempre que necess\u00e1rio.<\/p>\n<p>Feito \u00e0 m\u00e3o<br \/>Fabricado em Portugal<\/p>\n<p>Dimens\u00f5es:<br \/>C - 14 cm, L - 14 cm, A - 9 cm<br \/>C - 5,5 pol., L - 5,5 pol., A - 3,5 pol.<\/p>\n<p>As dimens\u00f5es podem variar ligeiramente.<\/p>","protected":false},"excerpt":{"rendered":"<p>Square Bannetonsmall size With this beautiful handmade basket, make the ideal round bread for your family and friends!If you enjoy making bread and haven&#8217;t started yet, this is the right time to buy your first fermentation basket.With the diameter of this bread basket you will be able to place a dough between 500g and 800g.The [&hellip;]<\/p>","protected":false},"featured_media":59399,"comment_status":"open","ping_status":"open","template":"","meta":{"_acf_changed":false},"product_brand":[],"product_cat":[2720,2721],"product_tag":[1883,1895,1892,1893,1890,1885,1887,1908,1909,1889,1906,1907,1884],"class_list":{"0":"post-59398","1":"product","2":"type-product","3":"status-publish","4":"has-post-thumbnail","6":"product_cat-kitchen-storage","7":"product_cat-decorative","8":"product_tag-banneton","9":"product_tag-bread-bakers","10":"product_tag-bread-basket-linens","11":"product_tag-bread-basket-liner","12":"product_tag-bread-proof-basket","13":"product_tag-bread-proving","14":"product_tag-cloth-lined-basket","15":"product_tag-gift-for-bakers","16":"product_tag-handmade-banneton","17":"product_tag-proof-basket","18":"product_tag-proofing-banneton","19":"product_tag-prove-basket","20":"product_tag-proving-basket","21":"product_shipping_class-recessables","23":"first","24":"instock","25":"sale","26":"taxable","27":"shipping-taxable","28":"purchasable","29":"product-type-simple"},"acf":[],"gallery_images":[59400,59401,59402,59403,59404,59405,59406,59407,59408],"_links":{"self":[{"href":"https:\/\/www.padaworks.com\/pt\/wp-json\/wp\/v2\/product\/59398","targetHints":{"allow":["GET"]}}],"collection":[{"href":"https:\/\/www.padaworks.com\/pt\/wp-json\/wp\/v2\/product"}],"about":[{"href":"https:\/\/www.padaworks.com\/pt\/wp-json\/wp\/v2\/types\/product"}],"replies":[{"embeddable":true,"href":"https:\/\/www.padaworks.com\/pt\/wp-json\/wp\/v2\/comments?post=59398"}],"wp:featuredmedia":[{"embeddable":true,"href":"https:\/\/www.padaworks.com\/pt\/wp-json\/wp\/v2\/media\/59399"}],"wp:attachment":[{"href":"https:\/\/www.padaworks.com\/pt\/wp-json\/wp\/v2\/media?parent=59398"}],"wp:term":[{"taxonomy":"product_brand","embeddable":true,"href":"https:\/\/www.padaworks.com\/pt\/wp-json\/wp\/v2\/product_brand?post=59398"},{"taxonomy":"product_cat","embeddable":true,"href":"https:\/\/www.padaworks.com\/pt\/wp-json\/wp\/v2\/product_cat?post=59398"},{"taxonomy":"product_tag","embeddable":true,"href":"https:\/\/www.padaworks.com\/pt\/wp-json\/wp\/v2\/product_tag?post=59398"}],"curies":[{"name":"wp","href":"https:\/\/api.w.org\/{rel}","templated":true}]}}