{"id":59387,"date":"2023-04-06T15:38:14","date_gmt":"2023-04-06T15:38:14","guid":{"rendered":"https:\/\/www.padaworks.com\/product\/square-bread-proofing-basket-wicker-banneton-bread-basket-wicker-basket-proofing-basket-woven-basket-baking-bread-bread-gifts\/"},"modified":"2026-02-20T23:50:35","modified_gmt":"2026-02-20T23:50:35","slug":"cesto-quadrado-para-levedar-pao-cesto-de-vime-para-pao-cesto-de-vime-cesto-para-levedar-cesto-tecido-cozinhar-pao-presentes-de-pao","status":"publish","type":"product","link":"https:\/\/www.padaworks.com\/pt\/product\/cesto-quadrado-para-levedar-pao-cesto-de-vime-para-pao-cesto-de-vime-cesto-para-levedar-cesto-tecido-cozinhar-pao-presentes-de-pao\/","title":{"rendered":"Cesto de fermenta\u00e7\u00e3o quadrado - M\u00e9dio"},"content":{"rendered":"<p>Cesto quadrado para levedar p\u00e3o<br \/>tamanho m\u00e9dio<\/p>\n<p>Com este belo cesto feito \u00e0 m\u00e3o, fa\u00e7a o p\u00e3o redondo ideal para a sua fam\u00edlia e amigos!<br \/>Se gosta de fazer p\u00e3o e ainda n\u00e3o come\u00e7ou, esta \u00e9 a altura certa para comprar o seu primeiro cesto de fermenta\u00e7\u00e3o.<br \/>Com o di\u00e2metro deste cesto para p\u00e3o poder\u00e1 colocar uma massa entre 500g e 800g.<br \/>O cesto tem um forro feito \u00e0 m\u00e3o e \u00e9 de algod\u00e3o 100%. Pode ser lavado sempre que necess\u00e1rio.<\/p>\n<p>Feito \u00e0 m\u00e3o<br \/>Fabricado em Portugal<\/p>\n<p>Dimens\u00f5es:<br \/>C \u2013 19 cm, L \u2013 19 cm, A \u2013 9 cm<br \/>L \u2013 19 cm, L \u2013 19 cm, A \u2013 9 cm<\/p>\n<p>As dimens\u00f5es podem variar ligeiramente.<\/p>","protected":false},"excerpt":{"rendered":"<p>Cesto de fermenta\u00e7\u00e3o para p\u00e3o quadradoTamanho m\u00e9dio Com este bonito cesto feito \u00e0 m\u00e3o, fa\u00e7a o p\u00e3o redondo ideal para a sua fam\u00edlia e amigos! Se gosta de fazer p\u00e3o e ainda n\u00e3o come\u00e7ou, este \u00e9 o momento certo para comprar o seu primeiro cesto de fermenta\u00e7\u00e3o. Com o di\u00e2metro deste cesto de p\u00e3o poder\u00e1 colocar uma massa entre 500g [...]<\/p>","protected":false},"featured_media":59388,"comment_status":"open","ping_status":"open","template":"","meta":{"_acf_changed":false},"product_brand":[],"product_cat":[2720,2721],"product_tag":[1886,1883,1895,1892,1893,1894,1890,1885,1887,1889,1884,1913,1914],"class_list":{"0":"post-59387","1":"product","2":"type-product","3":"status-publish","4":"has-post-thumbnail","6":"product_cat-kitchen-storage","7":"product_cat-decorative","8":"product_tag-artisan-bread-basket","9":"product_tag-banneton","10":"product_tag-bread-bakers","11":"product_tag-bread-basket-linens","12":"product_tag-bread-basket-liner","13":"product_tag-bread-bowl","14":"product_tag-bread-proof-basket","15":"product_tag-bread-proving","16":"product_tag-cloth-lined-basket","17":"product_tag-proof-basket","18":"product_tag-proving-basket","19":"product_tag-square-banneton","20":"product_tag-square-bread-basket","21":"product_shipping_class-recessables","23":"first","24":"instock","25":"sale","26":"taxable","27":"shipping-taxable","28":"purchasable","29":"product-type-simple"},"acf":[],"gallery_images":[59389,59390,59391,59392,59393,59394,59395,59396,59397],"_links":{"self":[{"href":"https:\/\/www.padaworks.com\/pt\/wp-json\/wp\/v2\/product\/59387","targetHints":{"allow":["GET"]}}],"collection":[{"href":"https:\/\/www.padaworks.com\/pt\/wp-json\/wp\/v2\/product"}],"about":[{"href":"https:\/\/www.padaworks.com\/pt\/wp-json\/wp\/v2\/types\/product"}],"replies":[{"embeddable":true,"href":"https:\/\/www.padaworks.com\/pt\/wp-json\/wp\/v2\/comments?post=59387"}],"wp:featuredmedia":[{"embeddable":true,"href":"https:\/\/www.padaworks.com\/pt\/wp-json\/wp\/v2\/media\/59388"}],"wp:attachment":[{"href":"https:\/\/www.padaworks.com\/pt\/wp-json\/wp\/v2\/media?parent=59387"}],"wp:term":[{"taxonomy":"product_brand","embeddable":true,"href":"https:\/\/www.padaworks.com\/pt\/wp-json\/wp\/v2\/product_brand?post=59387"},{"taxonomy":"product_cat","embeddable":true,"href":"https:\/\/www.padaworks.com\/pt\/wp-json\/wp\/v2\/product_cat?post=59387"},{"taxonomy":"product_tag","embeddable":true,"href":"https:\/\/www.padaworks.com\/pt\/wp-json\/wp\/v2\/product_tag?post=59387"}],"curies":[{"name":"wp","href":"https:\/\/api.w.org\/{rel}","templated":true}]}}